{"id":10,"date":"2025-12-30T10:41:44","date_gmt":"2025-12-30T10:41:44","guid":{"rendered":"https:\/\/prepacanarias.com\/?page_id=10"},"modified":"2026-01-17T19:39:22","modified_gmt":"2026-01-17T19:39:22","slug":"inicio","status":"publish","type":"page","link":"https:\/\/prepacanarias.com\/","title":{"rendered":"Inicio"},"content":{"rendered":"\n\n  <div class=\"banner has-hover\" id=\"banner-824870766\">\n          <div class=\"banner-inner fill\">\n        <div class=\"banner-bg fill\" >\n            <img loading=\"lazy\" decoding=\"async\" width=\"1536\" height=\"1536\" src=\"https:\/\/prepacanarias.com\/wp-content\/uploads\/2025\/12\/Gemini_Generated_Image_ws9p7wws9p7wws9p-1-1536x1536.png\" class=\"bg attachment-1536x1536 size-1536x1536\" alt=\"Cursos online para opositar\" \/>                        <div class=\"overlay\"><\/div>            \n                    <\/div>\n\t\t\n\t<div class=\"ux-shape-divider ux-shape-divider--bottom ux-shape-divider--style-triangle-invert\">\n\t\t<svg viewBox=\"0 0 1000 100\" xmlns=\"http:\/\/www.w3.org\/2000\/svg\" preserveAspectRatio=\"none\">\n\t<path class=\"ux-shape-fill\" d=\"M500 95.6L0 0V100H1000V0L500 95.6Z\"\/>\n<\/svg>\n\t<\/div>\n        <div class=\"banner-layers container\">\n            <div class=\"fill banner-link\"><\/div>            \n\n   <div id=\"text-box-1925762269\" class=\"text-box banner-layer x50 md-x50 lg-x50 y50 md-y50 lg-y50 res-text\">\n                     <div data-animate=\"none\">           <div class=\"text-box-content text \">\n              \n              <div class=\"text-inner text-center\">\n                  \n\n\t<div id=\"text-3108058156\" class=\"text\">\n\t\t\n\n<h1>Preparaci\u00f3n de oposiciones online en Canarias<\/h1>\n\t\t\n<style>\n#text-3108058156 {\n  font-size: 0.75rem;\n  line-height: 1.15;\n  color: rgb(255,255,255);\n}\n#text-3108058156 > * {\n  color: rgb(255,255,255);\n}\n<\/style>\n\t<\/div>\n\t\n\t<div id=\"text-1606798543\" class=\"text\">\n\t\t\n\n<p><strong>Trabajo Social \u00b7 Psicolog\u00eda \u00b7 Educaci\u00f3n Social<\/strong><\/p>\n\t\t\n<style>\n#text-1606798543 {\n  font-size: 0.85rem;\n  color: #f9be09;\n}\n#text-1606798543 > * {\n  color: #f9be09;\n}\n<\/style>\n\t<\/div>\n\t\n\t<div id=\"text-3223963356\" class=\"text\">\n\t\t\n\n<p>Desde 2019, el equipo docente que ha acompa\u00f1ado a cientos de opositores en Canarias contin\u00faa su labor formativa, integr\u00e1ndose ahora bajo la denominaci\u00f3n <strong>Prepacanarias SL<\/strong>, en colaboraci\u00f3n con el <strong>Instituto de Formaci\u00f3n de Canarias<\/strong>.<\/p>\n\t\t\n<style>\n#text-3223963356 {\n  font-size: 0.95rem;\n  color: rgb(0,0,0);\n}\n#text-3223963356 > * {\n  color: rgb(0,0,0);\n}\n<\/style>\n\t<\/div>\n\t\n<a href=\"https:\/\/prepacanarias.com\/index.php\/cursos\/\" class=\"button white is-underline reveal-icon\" >\n\t\t<span>Ver cursos<\/span>\n\t<i class=\"icon-angle-right\" aria-hidden=\"true\"><\/i><\/a>\n\n\n\n              <\/div>\n           <\/div>\n       <\/div>                     \n<style>\n#text-box-1925762269 .text-box-content {\n  background-color: rgba(255, 255, 255, 0.378);\n  border-radius: 10px;\n  font-size: 100%;\n}\n#text-box-1925762269 .text-inner {\n  padding: 20px 20px 20px 20px;\n}\n#text-box-1925762269 {\n  width: 96%;\n}\n@media (min-width:550px) {\n  #text-box-1925762269 {\n    width: 60%;\n  }\n}\n<\/style>\n    <\/div>\n \n\n        <\/div>\n      <\/div>\n\n            \n<style>\n#banner-824870766 {\n  padding-top: 550px;\n}\n#banner-824870766 .overlay {\n  background-color: rgba(23, 76, 148, 0.407);\n}\n#banner-824870766 .ux-shape-divider--bottom svg {\n  height: 90px;\n  --divider-width: 100%;\n}\n#banner-824870766 .ux-shape-divider--bottom .ux-shape-fill {\n  fill: rgb(255,255,255);\n}\n<\/style>\n  <\/div>\n\n\n\n\t<section class=\"section\" id=\"section_2097610997\">\n\t\t<div class=\"section-bg fill\" >\n\t\t\t\t\t\t\t\t\t\n\t\t\t\n\n\t\t<\/div>\n\n\t\t\n\n\t\t<div class=\"section-content relative\">\n\t\t\t\n\n\t<div id=\"gap-1558227925\" class=\"gap-element clearfix\" style=\"display:block; height:auto;\">\n\t\t\n<style>\n#gap-1558227925 {\n  padding-top: 10px;\n}\n<\/style>\n\t<\/div>\n\t\n\n<div class=\"row align-middle\"  id=\"row-737226544\">\n\n\n\t<div id=\"col-1240905050\" class=\"col medium-12 small-12 large-6\"  data-animate=\"fadeInUp\">\n\t\t\t\t<div class=\"col-inner\"  >\n\t\t\t\n\t\t\t\n\n\n  <div class=\"banner has-hover\" id=\"banner-811127040\">\n          <div class=\"banner-inner fill\">\n        <div class=\"banner-bg fill\" >\n            <img loading=\"lazy\" decoding=\"async\" width=\"1000\" height=\"665\" src=\"https:\/\/prepacanarias.com\/wp-content\/uploads\/2025\/12\/2149038414.jpg\" class=\"bg attachment-large size-large\" alt=\"\" \/>                                    \n                    <\/div>\n\t\t\n        <div class=\"banner-layers container\">\n            <div class=\"fill banner-link\"><\/div>            \n\n   <div id=\"text-box-1693159432\" class=\"text-box banner-layer x50 md-x50 lg-x50 y50 md-y50 lg-y50 res-text\">\n                                <div class=\"text-box-content text dark\">\n              \n              <div class=\"text-inner text-center\">\n                  \n\n\n              <\/div>\n           <\/div>\n                            \n<style>\n#text-box-1693159432 {\n  width: 60%;\n}\n#text-box-1693159432 .text-box-content {\n  font-size: 100%;\n}\n@media (min-width:550px) {\n  #text-box-1693159432 {\n    width: 60%;\n  }\n}\n<\/style>\n    <\/div>\n \n\n        <\/div>\n      <\/div>\n\n            \n<style>\n#banner-811127040 {\n  padding-top: 300px;\n  background-color: rgba(255, 255, 255, 0);\n}\n@media (min-width:550px) {\n  #banner-811127040 {\n    padding-top: 375px;\n  }\n}\n@media (min-width:850px) {\n  #banner-811127040 {\n    padding-top: 450px;\n  }\n}\n<\/style>\n  <\/div>\n\n\n\n\t\t<\/div>\n\t\t\t\t\t<\/div>\n\n\t\n\n\t<div id=\"col-649345247\" class=\"col medium-12 small-12 large-6\"  data-animate=\"fadeInUp\">\n\t\t\t\t<div class=\"col-inner\"  >\n\t\t\t\n\t\t\t\n\n\t<div id=\"gap-1371341882\" class=\"gap-element clearfix\" style=\"display:block; height:auto;\">\n\t\t\n<style>\n#gap-1371341882 {\n  padding-top: 0px;\n}\n@media (min-width:850px) {\n  #gap-1371341882 {\n    padding-top: 30px;\n  }\n}\n<\/style>\n\t<\/div>\n\t\n\n\t<div id=\"text-4157736403\" class=\"text\">\n\t\t\n\n<h2>Propuesta de valor<\/h2>\n\t\t\n<style>\n#text-4157736403 {\n  font-size: 1.25rem;\n}\n<\/style>\n\t<\/div>\n\t\n<p>Un equipo de profesionales <strong>en<\/strong> <strong>activo del Gobierno de Canarias<\/strong>, con experiencia real en la Administraci\u00f3n P\u00fablica y profundo conocimiento de los procesos selectivos. Preparaci\u00f3n pr\u00e1ctica, actualizada y alineada con las <strong>oposiciones auton\u00f3micas, sanitarias, locales y de cabildos insulares<\/strong>.<\/p>\n<a href=\"https:\/\/prepacanarias.com\/index.php\/quienes-somos\/\" class=\"button secondary is-underline\" >\n\t\t<span>Quienes somos<\/span>\n\t<\/a>\n\n\n\n\t\t<\/div>\n\t\t\t\t\n<style>\n#col-649345247 > .col-inner {\n  padding: 0px 0 0px 0px;\n}\n@media (min-width:550px) {\n  #col-649345247 > .col-inner {\n    padding: 0px 15% 0px 0px;\n  }\n}\n@media (min-width:850px) {\n  #col-649345247 > .col-inner {\n    padding: 0px 0px 0px 15%;\n  }\n}\n<\/style>\n\t<\/div>\n\n\t\n\n<\/div>\n\n\t\t<\/div>\n\n\t\t\n<style>\n#section_2097610997 {\n  padding-top: 15px;\n  padding-bottom: 15px;\n}\n@media (min-width:550px) {\n  #section_2097610997 {\n    padding-top: 30px;\n    padding-bottom: 30px;\n  }\n}\n@media (min-width:850px) {\n  #section_2097610997 {\n    padding-top: 50px;\n    padding-bottom: 50px;\n  }\n}\n<\/style>\n\t<\/section>\n\t\n\n\t<section class=\"section\" id=\"section_1211413336\">\n\t\t<div class=\"section-bg fill\" >\n\t\t\t\t\t\t\t\t\t\n\t\t\t\n\n\t\t<\/div>\n\n\t\t\n\n\t\t<div class=\"section-content relative\">\n\t\t\t\n\n<div class=\"row row-large row-full-width align-center\"  id=\"row-944440137\">\n\n\n\t<div id=\"col-2145297750\" class=\"col medium-2 small-12 large-2\"  data-animate=\"fadeInUp\">\n\t\t\t\t<div class=\"col-inner text-center\"  >\n\t\t\t\n\t\t\t\n\n\t<div id=\"text-914907227\" class=\"text\">\n\t\t\n\n<h3>+790<\/h3>\n\t\t\n<style>\n#text-914907227 {\n  font-size: 1.75rem;\n  line-height: 0.75;\n}\n<\/style>\n\t<\/div>\n\t\n<p>Opositores<\/p>\n\n\n\t\t<\/div>\n\t\t\t\t\t<\/div>\n\n\t\n\n\t<div id=\"col-724913350\" class=\"col medium-2 small-12 large-2\"  data-animate=\"fadeInUp\">\n\t\t\t\t<div class=\"col-inner text-center\"  >\n\t\t\t\n\t\t\t\n\n\t<div id=\"text-159439022\" class=\"text\">\n\t\t\n\n<h3>9.800<\/h3>\n\n\t\t\n<style>\n#text-159439022 {\n  font-size: 1.75rem;\n  line-height: 0.75;\n}\n<\/style>\n\t<\/div>\n\t\n<p>Preguntas de Test resueltas<\/p>\n\n\n\t\t<\/div>\n\t\t\t\t\t<\/div>\n\n\t\n\n\t<div id=\"col-1989072174\" class=\"col medium-2 small-12 large-2\"  data-animate=\"fadeInUp\">\n\t\t\t\t<div class=\"col-inner text-center\"  >\n\t\t\t\n\t\t\t\n\n\t<div id=\"text-1933706559\" class=\"text\">\n\t\t\n\n<h3>240<\/h3>\n\n\t\t\n<style>\n#text-1933706559 {\n  font-size: 1.75rem;\n  line-height: 0.75;\n}\n<\/style>\n\t<\/div>\n\t\n<p>Supuestos pr\u00e1cticos resueltos<\/p>\n\n\n\t\t<\/div>\n\t\t\t\t\t<\/div>\n\n\t\n\n\t<div id=\"col-2030792109\" class=\"col medium-2 small-12 large-2\"  data-animate=\"fadeInUp\">\n\t\t\t\t<div class=\"col-inner text-center\"  >\n\t\t\t\n\t\t\t\n\n\t<div id=\"text-2510415653\" class=\"text\">\n\t\t\n\n<h3>95%<\/h3>\n\n\t\t\n<style>\n#text-2510415653 {\n  font-size: 1.75rem;\n  line-height: 0.75;\n}\n<\/style>\n\t<\/div>\n\t\n<p>Opositores que nos recomiendan<\/p>\n\n\n\t\t<\/div>\n\t\t\t\t\t<\/div>\n\n\t\n\n\t<div id=\"col-110941925\" class=\"col medium-2 small-12 large-2\"  data-animate=\"fadeInUp\">\n\t\t\t\t<div class=\"col-inner text-center\"  >\n\t\t\t\n\t\t\t\n\n\t<div id=\"text-3032759144\" class=\"text\">\n\t\t\n\n<h3>4.8\/5<\/h3>\n\n\t\t\n<style>\n#text-3032759144 {\n  font-size: 1.75rem;\n  line-height: 0.75;\n}\n<\/style>\n\t<\/div>\n\t\n<p>Valoraci\u00f3n media de nuestros cursos<\/p>\n\n\n\t\t<\/div>\n\t\t\t\t\t<\/div>\n\n\t\n\n\n<style>\n#row-944440137 > .col > .col-inner {\n  padding: 0px 5% 0px 5%;\n}\n<\/style>\n<\/div>\n\t<div id=\"gap-2094875012\" class=\"gap-element clearfix hide-for-small\" style=\"display:block; height:auto;\">\n\t\t\n<style>\n#gap-2094875012 {\n  padding-top: 30px;\n}\n<\/style>\n\t<\/div>\n\t\n\n\n\t\t<\/div>\n\n\t\t\n<style>\n#section_1211413336 {\n  padding-top: 0px;\n  padding-bottom: 0px;\n}\n<\/style>\n\t<\/section>\n\t\n\n\t<section class=\"section\" id=\"section_1749983958\">\n\t\t<div class=\"section-bg fill\" >\n\t\t\t\t\t\t\t\t\t\n\t\t\t\n\n\t\t<\/div>\n\n\t\t\t<div class=\"ux-shape-divider ux-shape-divider--top ux-shape-divider--style-triangle\">\n\t\t<svg viewBox=\"0 0 1000 100\" xmlns=\"http:\/\/www.w3.org\/2000\/svg\" preserveAspectRatio=\"none\">\n  <path class=\"ux-shape-fill\" d=\"M1025 103H-25L500 3L1025 103Z\"\/>\n<\/svg>\n\t<\/div>\n\n\t<div class=\"ux-shape-divider ux-shape-divider--bottom ux-shape-divider--style-triangle\">\n\t\t<svg viewBox=\"0 0 1000 100\" xmlns=\"http:\/\/www.w3.org\/2000\/svg\" preserveAspectRatio=\"none\">\n  <path class=\"ux-shape-fill\" d=\"M1025 103H-25L500 3L1025 103Z\"\/>\n<\/svg>\n\t<\/div>\n\n\t\t<div class=\"section-content relative\">\n\t\t\t\n\n<div class=\"row align-right\"  id=\"row-219031669\">\n\n\n\t<div id=\"col-480598062\" class=\"col medium-9 small-12 large-9\"  data-animate=\"fadeInRight\">\n\t\t\t\t<div class=\"col-inner\"  >\n\t\t\t\n\t\t\t\n\n\n  <div class=\"banner has-hover\" id=\"banner-2010532396\">\n          <div class=\"banner-inner fill\">\n        <div class=\"banner-bg fill\" >\n            <img loading=\"lazy\" decoding=\"async\" width=\"1020\" height=\"680\" src=\"https:\/\/prepacanarias.com\/wp-content\/uploads\/2026\/01\/8830-1024x683.jpg\" class=\"bg attachment-large size-large\" alt=\"\" \/>                                    \n                    <\/div>\n\t\t\n        <div class=\"banner-layers container\">\n            <div class=\"fill banner-link\"><\/div>            \n\n   <div id=\"text-box-1258583037\" class=\"text-box banner-layer x50 md-x50 lg-x50 y50 md-y50 lg-y50 res-text\">\n                                <div class=\"text-box-content text dark\">\n              \n              <div class=\"text-inner text-center\">\n                  \n\n\n              <\/div>\n           <\/div>\n                            \n<style>\n#text-box-1258583037 {\n  width: 60%;\n}\n#text-box-1258583037 .text-box-content {\n  font-size: 100%;\n}\n@media (min-width:550px) {\n  #text-box-1258583037 {\n    width: 60%;\n  }\n}\n<\/style>\n    <\/div>\n \n\n        <\/div>\n      <\/div>\n\n            \n<style>\n#banner-2010532396 {\n  padding-top: 300px;\n  background-color: rgba(255, 255, 255, 0);\n}\n@media (min-width:550px) {\n  #banner-2010532396 {\n    padding-top: 500px;\n  }\n}\n<\/style>\n  <\/div>\n\n\n\n\t\t<\/div>\n\t\t\t\t\n<style>\n#col-480598062 > .col-inner {\n  margin: 0px 0px -55px 0px;\n}\n<\/style>\n\t<\/div>\n\n\t\n\n<\/div>\n<div class=\"row\"  id=\"row-221023820\">\n\n\n\t<div id=\"col-724628008\" class=\"col medium-7 small-12 large-6\"  data-animate=\"fadeInLeft\">\n\t\t\t\t<div class=\"col-inner\" style=\"background-color:rgba(255, 255, 255, 0.9);\" >\n\t\t\t\n\t\t\t\n\n\t<div id=\"text-3931550272\" class=\"text\">\n\t\t\n\n<h2>\u00bfPor qu\u00e9 Prepacanarias?<\/h2>\n\t\t\n<style>\n#text-3931550272 {\n  font-size: 1.25rem;\n}\n<\/style>\n\t<\/div>\n\t\n<h5>Mentor\u00eda Administrativa Activa: acompa\u00f1amiento real para aprobar<\/h5>\n<ul>\n<li>\n<p class=\"western\">Profesionales en activo en el sector p\u00fablico<\/p>\n<\/li>\n<li>\n<p class=\"western\">Orientaci\u00f3n estrat\u00e9gica y planificaci\u00f3n de estudio<\/p>\n<\/li>\n<li>\n<p class=\"western\">Preparaci\u00f3n pr\u00e1ctica: supuestos, simulacros y enfoque de examen<\/p>\n<\/li>\n<li>\n<p class=\"western\">Metodolog\u00eda adaptada a procesos selectivos en Canarias<\/p>\n<\/li>\n<li>\n<p class=\"western\">Seguimiento continuo y criterios de evaluaci\u00f3n realistas<\/p>\n<\/li>\n<\/ul>\n<a href=\"https:\/\/prepacanarias.com\/index.php\/cursos\/\" class=\"button secondary is-underline\" >\n\t\t<span>Ver cursos<\/span>\n\t<\/a>\n\n\n\n\t\t<\/div>\n\t\t\t\t\n<style>\n#col-724628008 > .col-inner {\n  padding: 30px 30px 20px 30px;\n  margin: 25px 0px 0px 0px;\n  border-radius: 10px;\n}\n@media (min-width:550px) {\n  #col-724628008 > .col-inner {\n    padding: 10% 10% 8% 10%;\n    margin: -395px 0px 0px 0px;\n  }\n}\n<\/style>\n\t<\/div>\n\n\t\n\n<\/div>\n\n\t\t<\/div>\n\n\t\t\n<style>\n#section_1749983958 {\n  padding-top: 50px;\n  padding-bottom: 50px;\n  background-color: #174c94;\n}\n#section_1749983958 .ux-shape-divider--top svg {\n  height: 30px;\n  --divider-top-width: 100%;\n}\n#section_1749983958 .ux-shape-divider--bottom svg {\n  height: 30px;\n  --divider-width: 100%;\n}\n@media (min-width:850px) {\n  #section_1749983958 {\n    padding-top: 80px;\n    padding-bottom: 80px;\n  }\n}\n<\/style>\n\t<\/section>\n\t\n\n\t<section class=\"section\" id=\"section_2052030315\">\n\t\t<div class=\"section-bg fill\" >\n\t\t\t\t\t\t\t\t\t\n\t\t\t\n\n\t\t<\/div>\n\n\t\t\n\n\t\t<div class=\"section-content relative\">\n\t\t\t\n\n\t<div id=\"gap-351924377\" class=\"gap-element clearfix\" style=\"display:block; height:auto;\">\n\t\t\n<style>\n#gap-351924377 {\n  padding-top: 30px;\n}\n<\/style>\n\t<\/div>\n\t\n\n<div class=\"row\"  id=\"row-528260666\">\n\n\n\t<div id=\"col-525224677\" class=\"col medium-6 small-12 large-6\"  >\n\t\t\t\t<div class=\"col-inner\"  >\n\t\t\t\n\t\t\t\n\n\t<div id=\"text-1825815881\" class=\"text\">\n\t\t\n\n<h2>\u00c1reas de preparaci\u00f3n<\/h2>\n\t\t\n<style>\n#text-1825815881 {\n  font-size: 1.25rem;\n}\n<\/style>\n\t<\/div>\n\t\n\n\t\t<\/div>\n\t\t\t\t\n<style>\n#col-525224677 > .col-inner {\n  margin: 0px 0px -20px 0px;\n}\n<\/style>\n\t<\/div>\n\n\t\n\n\t<div id=\"col-1057004617\" class=\"col medium-6 small-12 large-6\"  >\n\t\t\t\t<div class=\"col-inner\"  >\n\t\t\t\n\t\t\t\n\n\t<div id=\"stack-3457549152\" class=\"stack stack-row justify-end items-stretch sm:justify-start\">\n\t\t\n\n<a href=\"https:\/\/prepacanarias.com\/index.php\/cursos\/\" class=\"button secondary is-underline\" >\n\t\t<span>ver cursos activos<\/span>\n\t<\/a>\n\n\n\n\t\t\n<style>\n#stack-3457549152 > * {\n  --stack-gap: 0rem;\n}\n<\/style>\n\t<\/div>\n\t\n\n\t\t<\/div>\n\t\t\t\t\t<\/div>\n\n\t\n\n<\/div>\n<div class=\"row\"  id=\"row-861061710\">\n\n\n\t<div id=\"col-1224825171\" class=\"col medium-4 small-12 large-4\"  data-animate=\"fadeInUp\">\n\t\t\t\t<div class=\"col-inner\"  >\n\t\t\t\n\t\t\t\n\n\t<div class=\"box has-hover   has-hover box-text-bottom\" >\n\n\t\t<div class=\"box-image\" >\n\t\t\t<a href=\"#\" >\t\t\t<div class=\"image-zoom image-cover\" style=\"padding-top:250px;\">\n\t\t\t\t<img loading=\"lazy\" decoding=\"async\" width=\"1000\" height=\"667\" src=\"https:\/\/prepacanarias.com\/wp-content\/uploads\/2026\/01\/2149181976.jpg\" class=\"attachment- size-\" alt=\"\" srcset=\"https:\/\/prepacanarias.com\/wp-content\/uploads\/2026\/01\/2149181976.jpg 1000w, https:\/\/prepacanarias.com\/wp-content\/uploads\/2026\/01\/2149181976-600x400.jpg 600w, https:\/\/prepacanarias.com\/wp-content\/uploads\/2026\/01\/2149181976-300x200.jpg 300w, https:\/\/prepacanarias.com\/wp-content\/uploads\/2026\/01\/2149181976-768x512.jpg 768w\" sizes=\"auto, (max-width: 1000px) 100vw, 1000px\" \/>\t\t\t\t\t\t\t\t\t\t\t<\/div>\n\t\t\t<\/a>\t\t<\/div>\n\n\t\t<div class=\"box-text text-left\" >\n\t\t\t<div class=\"box-text-inner\">\n\t\t\t\t\n\n\t<div id=\"gap-2055595652\" class=\"gap-element clearfix\" style=\"display:block; height:auto;\">\n\t\t\n<style>\n#gap-2055595652 {\n  padding-top: 10px;\n}\n<\/style>\n\t<\/div>\n\t\n\n\t<div id=\"text-869622962\" class=\"text\">\n\t\t\n\n<h4>Oposiciones Trabajo Social Canarias<\/h4>\n\t\t\n<style>\n#text-869622962 {\n  font-size: 1.25rem;\n}\n<\/style>\n\t<\/div>\n\t\n<a class=\"button secondary is-link\" style=\"padding:0px 0px 0px 0;\">\n\t\t<span>Explorar<\/span>\n\t<i class=\"icon-angle-right\" aria-hidden=\"true\"><\/i><\/a>\n\n\n\n\t\t\t<\/div>\n\t\t<\/div>\n\t<\/div>\n\t\n\n\t\t<\/div>\n\t\t\t\t\t<\/div>\n\n\t\n\n\t<div id=\"col-1599238469\" class=\"col medium-4 small-12 large-4\"  data-animate=\"fadeInUp\">\n\t\t\t\t<div class=\"col-inner\"  >\n\t\t\t\n\t\t\t\n\n\t<div class=\"box has-hover   has-hover box-text-bottom\" >\n\n\t\t<div class=\"box-image\" >\n\t\t\t<a href=\"#\" >\t\t\t<div class=\"image-zoom image-cover\" style=\"padding-top:250px;\">\n\t\t\t\t<img loading=\"lazy\" decoding=\"async\" width=\"1000\" height=\"667\" src=\"https:\/\/prepacanarias.com\/wp-content\/uploads\/2026\/01\/2151074022.jpg\" class=\"attachment- size-\" alt=\"\" srcset=\"https:\/\/prepacanarias.com\/wp-content\/uploads\/2026\/01\/2151074022.jpg 1000w, https:\/\/prepacanarias.com\/wp-content\/uploads\/2026\/01\/2151074022-600x400.jpg 600w, https:\/\/prepacanarias.com\/wp-content\/uploads\/2026\/01\/2151074022-300x200.jpg 300w, https:\/\/prepacanarias.com\/wp-content\/uploads\/2026\/01\/2151074022-768x512.jpg 768w\" sizes=\"auto, (max-width: 1000px) 100vw, 1000px\" \/>\t\t\t\t\t\t\t\t\t\t\t<\/div>\n\t\t\t<\/a>\t\t<\/div>\n\n\t\t<div class=\"box-text text-left\" >\n\t\t\t<div class=\"box-text-inner\">\n\t\t\t\t\n\n\t<div id=\"gap-302972307\" class=\"gap-element clearfix\" style=\"display:block; height:auto;\">\n\t\t\n<style>\n#gap-302972307 {\n  padding-top: 10px;\n}\n<\/style>\n\t<\/div>\n\t\n\n\t<div id=\"text-442495754\" class=\"text\">\n\t\t\n\n<h4>Oposiciones Psicolog\u00eda Canarias<\/h4>\n\t\t\n<style>\n#text-442495754 {\n  font-size: 1.25rem;\n}\n<\/style>\n\t<\/div>\n\t\n<a class=\"button secondary is-link\" style=\"padding:0px 0px 0px 0;\">\n\t\t<span>Explorar<\/span>\n\t<i class=\"icon-angle-right\" aria-hidden=\"true\"><\/i><\/a>\n\n\n\n\t\t\t<\/div>\n\t\t<\/div>\n\t<\/div>\n\t\n\n\t\t<\/div>\n\t\t\t\t\t<\/div>\n\n\t\n\n\t<div id=\"col-1053452041\" class=\"col medium-4 small-12 large-4\"  data-animate=\"fadeInUp\">\n\t\t\t\t<div class=\"col-inner\"  >\n\t\t\t\n\t\t\t\n\n\t<div class=\"box has-hover   has-hover box-text-bottom\" >\n\n\t\t<div class=\"box-image\" >\n\t\t\t<a href=\"#\" >\t\t\t<div class=\"image-zoom image-cover\" style=\"padding-top:250px;\">\n\t\t\t\t<img loading=\"lazy\" decoding=\"async\" width=\"1000\" height=\"665\" src=\"https:\/\/prepacanarias.com\/wp-content\/uploads\/2026\/01\/58156.jpg\" class=\"attachment- size-\" alt=\"\" srcset=\"https:\/\/prepacanarias.com\/wp-content\/uploads\/2026\/01\/58156.jpg 1000w, https:\/\/prepacanarias.com\/wp-content\/uploads\/2026\/01\/58156-600x399.jpg 600w, https:\/\/prepacanarias.com\/wp-content\/uploads\/2026\/01\/58156-300x200.jpg 300w, https:\/\/prepacanarias.com\/wp-content\/uploads\/2026\/01\/58156-768x511.jpg 768w\" sizes=\"auto, (max-width: 1000px) 100vw, 1000px\" \/>\t\t\t\t\t\t\t\t\t\t\t<\/div>\n\t\t\t<\/a>\t\t<\/div>\n\n\t\t<div class=\"box-text text-left\" >\n\t\t\t<div class=\"box-text-inner\">\n\t\t\t\t\n\n\t<div id=\"gap-1621750368\" class=\"gap-element clearfix\" style=\"display:block; height:auto;\">\n\t\t\n<style>\n#gap-1621750368 {\n  padding-top: 10px;\n}\n<\/style>\n\t<\/div>\n\t\n\n\t<div id=\"text-656430669\" class=\"text\">\n\t\t\n\n<h4>Oposiciones Educaci\u00f3n Social Canarias<\/h4>\n\t\t\n<style>\n#text-656430669 {\n  font-size: 1.25rem;\n}\n<\/style>\n\t<\/div>\n\t\n<a class=\"button secondary is-link\" style=\"padding:0px 0px 0px 0;\">\n\t\t<span>Explorar<\/span>\n\t<i class=\"icon-angle-right\" aria-hidden=\"true\"><\/i><\/a>\n\n\n\n\t\t\t<\/div>\n\t\t<\/div>\n\t<\/div>\n\t\n\n\t\t<\/div>\n\t\t\t\t\t<\/div>\n\n\t\n\n<\/div>\n\t<div id=\"gap-2008068260\" class=\"gap-element clearfix\" style=\"display:block; height:auto;\">\n\t\t\n<style>\n#gap-2008068260 {\n  padding-top: 30px;\n}\n<\/style>\n\t<\/div>\n\t\n\n\n\t\t<\/div>\n\n\t\t\n<style>\n#section_2052030315 {\n  padding-top: 25px;\n  padding-bottom: 25px;\n  margin-bottom: -25px;\n}\n@media (min-width:850px) {\n  #section_2052030315 {\n    padding-top: 40px;\n    padding-bottom: 40px;\n  }\n}\n<\/style>\n\t<\/section>\n\t\n\n\t<section class=\"section\" id=\"section_1640720126\">\n\t\t<div class=\"section-bg fill\" >\n\t\t\t<img loading=\"lazy\" decoding=\"async\" width=\"1536\" height=\"1022\" src=\"https:\/\/prepacanarias.com\/wp-content\/uploads\/2026\/01\/2149038414-1536x1022.jpg\" class=\"bg attachment-1536x1536 size-1536x1536\" alt=\"\" \/>\t\t\t\t\t\t<div class=\"section-bg-overlay absolute fill\"><\/div>\n\t\t\t\n\n\t\t<\/div>\n\n\t\t\n\n\t\t<div class=\"section-content relative\">\n\t\t\t\n\n<div class=\"row\"  id=\"row-1601770953\">\n\n\n\t<div id=\"col-1056612331\" class=\"col small-12 large-12\"  >\n\t\t\t\t<div class=\"col-inner\" style=\"background-color:rgba(255, 255, 255, 0.86);\" >\n\t\t\t\n\t\t\t\n\n<div class=\"row align-center\"  id=\"row-835353949\">\n\n\n\t<div id=\"col-1177677716\" class=\"col medium-7 small-12 large-7\"  >\n\t\t\t\t<div class=\"col-inner text-center\"  >\n\t\t\t\n\t\t\t\n\n\t<div id=\"text-1967839099\" class=\"text\">\n\t\t\n\n<h3>Resultados y confianza<\/h3>\n\t\t\n<style>\n#text-1967839099 {\n  font-size: 2rem;\n  line-height: 1;\n  color: #174c94;\n}\n#text-1967839099 > * {\n  color: #174c94;\n}\n<\/style>\n\t<\/div>\n\t\n<h5>Formaci\u00f3n enfocada al proceso selectivo<\/h5>\n<p>Preparaci\u00f3n basada en normativa vigente, pr\u00e1ctica aplicada y an\u00e1lisis de convocatorias, para que estudies con criterio y enfoque de examen.<\/p>\n\n\t\t<\/div>\n\t\t\t\t\t<\/div>\n\n\t\n\n<\/div>\n<div class=\"row\"  id=\"row-905002513\">\n\n\n\t<div id=\"col-1965717083\" class=\"col small-12 large-12\"  data-animate=\"blurIn\">\n\t\t\t\t<div class=\"col-inner text-center\"  >\n\t\t\t\n\t\t\t\n\n\t<div id=\"text-2108418560\" class=\"text\">\n\t\t\n\n<p class=\"western lead\"><span class=\"fancy-underline\"><i><b>Empieza hoy a preparar tu oposici\u00f3n con quienes saben c\u00f3mo es el camino<\/b><\/i><\/span><\/p>\n\t\t\n<style>\n#text-2108418560 {\n  text-align: center;\n}\n<\/style>\n\t<\/div>\n\t\n\t<div id=\"gap-277277011\" class=\"gap-element clearfix\" style=\"display:block; height:auto;\">\n\t\t\n<style>\n#gap-277277011 {\n  padding-top: 30px;\n}\n<\/style>\n\t<\/div>\n\t\n\n<a href=\"https:\/\/prepacanarias.com\/index.php\/contacto\/\" class=\"button primary reveal-icon\" style=\"border-radius:5px;\">\n\t\t<span>Contactar<\/span>\n\t<i class=\"icon-angle-right\" aria-hidden=\"true\"><\/i><\/a>\n\n\n\n\t\t<\/div>\n\t\t\t\t\t<\/div>\n\n\t\n\n<\/div>\n\n\t\t<\/div>\n\t\t\t\t\n<style>\n#col-1056612331 > .col-inner {\n  padding: 15% 7% 0% 7%;\n  margin: 80px 0px 20px 0px;\n  border-radius: 10px;\n}\n@media (min-width:550px) {\n  #col-1056612331 > .col-inner {\n    padding: 8% 10% 2% 10%;\n  }\n}\n@media (min-width:850px) {\n  #col-1056612331 > .col-inner {\n    padding: 8% 10% 5% 10%;\n  }\n}\n<\/style>\n\t<\/div>\n\n\t\n\n\n<style>\n#row-1601770953 > .col > .col-inner {\n  background-color: rgb(255, 255, 255);\n}\n<\/style>\n<\/div>\n\t<div id=\"gap-90115869\" class=\"gap-element clearfix\" style=\"display:block; height:auto;\">\n\t\t\n<style>\n#gap-90115869 {\n  padding-top: 50px;\n}\n<\/style>\n\t<\/div>\n\t\n\n\n\t\t<\/div>\n\n\t\t\n<style>\n#section_1640720126 {\n  padding-top: 0px;\n  padding-bottom: 0px;\n}\n#section_1640720126 .section-bg-overlay {\n  background-color: rgba(23, 76, 148, 0.581);\n}\n<\/style>\n\t<\/section>\n\t\n\n","protected":false},"excerpt":{"rendered":"","protected":false},"author":1,"featured_media":0,"parent":0,"menu_order":0,"comment_status":"closed","ping_status":"closed","template":"page-blank.php","meta":{"footnotes":""},"class_list":["post-10","page","type-page","status-publish","hentry"],"_links":{"self":[{"href":"https:\/\/prepacanarias.com\/index.php\/wp-json\/wp\/v2\/pages\/10","targetHints":{"allow":["GET"]}}],"collection":[{"href":"https:\/\/prepacanarias.com\/index.php\/wp-json\/wp\/v2\/pages"}],"about":[{"href":"https:\/\/prepacanarias.com\/index.php\/wp-json\/wp\/v2\/types\/page"}],"author":[{"embeddable":true,"href":"https:\/\/prepacanarias.com\/index.php\/wp-json\/wp\/v2\/users\/1"}],"replies":[{"embeddable":true,"href":"https:\/\/prepacanarias.com\/index.php\/wp-json\/wp\/v2\/comments?post=10"}],"version-history":[{"count":22,"href":"https:\/\/prepacanarias.com\/index.php\/wp-json\/wp\/v2\/pages\/10\/revisions"}],"predecessor-version":[{"id":259,"href":"https:\/\/prepacanarias.com\/index.php\/wp-json\/wp\/v2\/pages\/10\/revisions\/259"}],"wp:attachment":[{"href":"https:\/\/prepacanarias.com\/index.php\/wp-json\/wp\/v2\/media?parent=10"}],"curies":[{"name":"wp","href":"https:\/\/api.w.org\/{rel}","templated":true}]}}