{"id":12,"date":"2025-12-30T10:41:53","date_gmt":"2025-12-30T10:41:53","guid":{"rendered":"https:\/\/prepacanarias.com\/?page_id=12"},"modified":"2026-01-15T18:11:51","modified_gmt":"2026-01-15T18:11:51","slug":"quienes-somos","status":"publish","type":"page","link":"https:\/\/prepacanarias.com\/index.php\/quienes-somos\/","title":{"rendered":"Quienes somos"},"content":{"rendered":"\n\n\t<section class=\"section dark\" id=\"section_53269533\">\n\t\t<div class=\"section-bg fill\" >\n\t\t\t<img loading=\"lazy\" decoding=\"async\" width=\"1536\" height=\"1024\" src=\"https:\/\/prepacanarias.com\/wp-content\/uploads\/2026\/01\/627-1536x1024.jpg\" class=\"bg attachment-1536x1536 size-1536x1536\" alt=\"\" \/>\t\t\t\t\t\t<div class=\"section-bg-overlay absolute fill\"><\/div>\n\t\t\t\n\n\t\t<\/div>\n\n\t\t\n\t<div class=\"ux-shape-divider ux-shape-divider--bottom ux-shape-divider--style-triangle-invert\">\n\t\t<svg viewBox=\"0 0 1000 100\" xmlns=\"http:\/\/www.w3.org\/2000\/svg\" preserveAspectRatio=\"none\">\n\t<path class=\"ux-shape-fill\" d=\"M500 95.6L0 0V100H1000V0L500 95.6Z\"\/>\n<\/svg>\n\t<\/div>\n\n\t\t<div class=\"section-content relative\">\n\t\t\t\n\n<div class=\"row\"  id=\"row-1847554583\">\n\n\n\t<div id=\"col-1457684086\" class=\"col medium-7 small-12 large-5\"  >\n\t\t\t\t<div class=\"col-inner\"  >\n\t\t\t\n\t\t\t\n\n\t<div id=\"text-207334903\" class=\"text\">\n\t\t\n\n<h1><span style=\"font-size: 250%;\">Quienes somos<\/span><\/h1>\n\t\t\n<style>\n#text-207334903 {\n  font-size: 0.75rem;\n}\n<\/style>\n\t<\/div>\n\t\n\n\t\t<\/div>\n\t\t\t\t\t<\/div>\n\n\t\n\n<\/div>\n\n\t\t<\/div>\n\n\t\t\n<style>\n#section_53269533 {\n  padding-top: 100px;\n  padding-bottom: 100px;\n}\n#section_53269533 .section-bg-overlay {\n  background-color: rgba(23, 76, 148, 0.686);\n}\n#section_53269533 .ux-shape-divider--bottom svg {\n  height: 90px;\n  --divider-width: 100%;\n}\n@media (min-width:550px) {\n  #section_53269533 {\n    padding-top: 140px;\n    padding-bottom: 140px;\n  }\n}\n@media (min-width:850px) {\n  #section_53269533 {\n    padding-top: 180px;\n    padding-bottom: 180px;\n  }\n}\n<\/style>\n\t<\/section>\n\t\n\n\t<section class=\"section\" id=\"section_657295618\">\n\t\t<div class=\"section-bg fill\" >\n\t\t\t\t\t\t\t\t\t\n\t\t\t\n\n\t\t<\/div>\n\n\t\t\n\n\t\t<div class=\"section-content relative\">\n\t\t\t\n\n<div class=\"row\"  id=\"row-631740399\">\n\n\n\t<div id=\"col-567940765\" class=\"col small-12 large-12\"  data-animate=\"fadeInUp\">\n\t\t\t\t<div class=\"col-inner\"  >\n\t\t\t\n\t\t\t\n\n<div class=\"is-divider divider clearfix\" style=\"max-width:50px;height:2px;background-color:rgb(111, 166, 212);\"><\/div>\n\n<h2><span style=\"font-size: 150%;\">Lo que nos diferencia<\/span><\/h2>\n\n\t\t<\/div>\n\t\t\t\t\t<\/div>\n\n\t\n\n<\/div>\n<div class=\"row align-right\"  id=\"row-1665060676\">\n\n\n\t<div id=\"col-1858138619\" class=\"col medium-6 small-12 large-6\"  data-animate=\"fadeInUp\">\n\t\t\t\t<div class=\"col-inner\"  >\n\t\t\t\n\t\t\t\n\n<p>Desde el a\u00f1o 2019, <strong>Prepacanarias SL<\/strong> se consolida como una entidad<br \/>especializada en la preparaci\u00f3n online de oposiciones en Canarias en el \u00e1mbito social y socioeducativo. Desde sus inicios, el equipo docente <strong>ha<\/strong> <strong>acompa\u00f1ado a cientos de personas opositoras<\/strong>, desarrollando una trayectoria s\u00f3lida y reconocida, sustentada en una metodolog\u00eda basada en la experiencia real dentro de la Administraci\u00f3n P\u00fablica, el rigor acad\u00e9mico y la actualizaci\u00f3n permanente de contenidos.<\/p>\n\n\t\t<\/div>\n\t\t\t\t\t<\/div>\n\n\t\n\n\t<div id=\"col-56009850\" class=\"col medium-6 small-12 large-6\"  data-animate=\"fadeInUp\">\n\t\t\t\t<div class=\"col-inner\"  >\n\t\t\t\n\t\t\t\n\n<p>Nuestra labor formativa <strong>se orienta espec\u00edficamente a los procesos selectivos auton\u00f3micos, sanitarios, locales y de cabildos insulares<\/strong>, trabajando en colaboraci\u00f3n con el Instituto de Formaci\u00f3n de Canarias, lo que permite garantizar est\u00e1ndares de calidad y una preparaci\u00f3n ajustada a las particularidades normativas y administrativas del archipi\u00e9lago.<\/p>\n\n\t\t<\/div>\n\t\t\t\t\t<\/div>\n\n\t\n\n<\/div>\n<div class=\"row\"  id=\"row-1004743680\">\n\n\n\t<div id=\"col-1259939263\" class=\"col small-12 large-12\"  data-animate=\"fadeInUp\">\n\t\t\t\t<div class=\"col-inner\"  >\n\t\t\t\n\t\t\t\n\n<p>Dentro de esta trayectoria, se han impartido <strong>cursos preparatorios de OPE de Trabajo Social<\/strong> dirigidos a distintas administraciones p\u00fablicas, entre las que se incluyen:<\/p>\n<ul>\n<li>Gobierno de Canarias.<\/li>\n<li>\u00a0Valoradores\/as de Dependencia.<\/li>\n<li>Servicio Canario de la Salud.<\/li>\n<li>Ayuntamientos de Ingenio, Tazacorte, San Bartolom\u00e9 de Tirajana, Telde, La Oliva, Santa Luc\u00eda de Tirajana, Puerto del Rosario, Arona, Granadilla de Abona, San Miguel, G\u00fc\u00edmar, Adeje y El Sauzal.<\/li>\n<li>Cabildos Insulares de Gran Canaria, Fuerteventura, Lanzarote y La Palma<\/li>\n<\/ul>\n<p>Esta trayectoria formativa contin\u00faa evolucionando con el objetivo de ofrecer una <strong>preparaci\u00f3n rigurosa, especializada y comprometida<\/strong> con las necesidades reales de las personas opositoras en Canarias, reforzando el acompa\u00f1amiento profesional y la excelencia en la formaci\u00f3n p\u00fablica.<\/p>\n\n\n\t\t<\/div>\n\t\t\t\t\t<\/div>\n\n\t\n\n<\/div>\n\t<div id=\"gap-1514411902\" class=\"gap-element clearfix\" style=\"display:block; height:auto;\">\n\t\t\n<style>\n#gap-1514411902 {\n  padding-top: 280px;\n}\n@media (min-width:550px) {\n  #gap-1514411902 {\n    padding-top: 340px;\n  }\n}\n<\/style>\n\t<\/div>\n\t\n\n\n\t\t<\/div>\n\n\t\t\n<style>\n#section_657295618 {\n  padding-top: 30px;\n  padding-bottom: 30px;\n}\n<\/style>\n\t<\/section>\n\t\n\n\t<section class=\"section\" id=\"section_1629275876\">\n\t\t<div class=\"section-bg fill\" >\n\t\t\t\t\t\t\t\t\t\n\t\t\t\n\n\t\t<\/div>\n\n\t\t\n\t<div class=\"ux-shape-divider ux-shape-divider--bottom ux-shape-divider--style-triangle-invert\">\n\t\t<svg viewBox=\"0 0 1000 100\" xmlns=\"http:\/\/www.w3.org\/2000\/svg\" preserveAspectRatio=\"none\">\n\t<path class=\"ux-shape-fill\" d=\"M500 95.6L0 0V100H1000V0L500 95.6Z\"\/>\n<\/svg>\n\t<\/div>\n\n\t\t<div class=\"section-content relative\">\n\t\t\t\n\n<div class=\"row\"  id=\"row-1257728204\">\n\n\n\t<div id=\"col-397378567\" class=\"col medium-4 small-12 large-4\"  >\n\t\t\t\t<div class=\"col-inner\"  >\n\t\t\t\n\t\t\t\n\n\n\t\t<\/div>\n\t\t\t\t\t<\/div>\n\n\t\n\n\t<div id=\"col-70518103\" class=\"col small-12 large-12\"  >\n\t\t\t\t<div class=\"col-inner text-center\"  >\n\t\t\t\n\t\t\t\n\n<div class=\"row\"  id=\"row-1962139878\">\n\n\n\t<div id=\"col-407995609\" class=\"col medium-6 small-12 large-6\"  data-animate=\"blurIn\">\n\t\t\t\t<div class=\"col-inner\"  >\n\t\t\t\n\t\t\t\n\n\n  <div class=\"banner has-hover\" id=\"banner-1004120395\">\n          <div class=\"banner-inner fill\">\n        <div class=\"banner-bg fill\" >\n            <img loading=\"lazy\" decoding=\"async\" width=\"1000\" height=\"667\" src=\"https:\/\/prepacanarias.com\/wp-content\/uploads\/2026\/01\/2147772399.jpg\" class=\"bg attachment-large size-large\" alt=\"\" \/>                                    \n                    <\/div>\n\t\t\n        <div class=\"banner-layers container\">\n            <div class=\"fill banner-link\"><\/div>            \n\n   <div id=\"text-box-746540871\" class=\"text-box banner-layer x50 md-x50 lg-x50 y50 md-y50 lg-y50 res-text\">\n                                <div class=\"text-box-content text dark\">\n              \n              <div class=\"text-inner text-center\">\n                  \n\n\n              <\/div>\n           <\/div>\n                            \n<style>\n#text-box-746540871 {\n  width: 60%;\n}\n#text-box-746540871 .text-box-content {\n  font-size: 100%;\n}\n@media (min-width:550px) {\n  #text-box-746540871 {\n    width: 60%;\n  }\n}\n<\/style>\n    <\/div>\n \n\n        <\/div>\n      <\/div>\n\n            \n<style>\n#banner-1004120395 {\n  padding-top: 360px;\n  background-color: rgb(250, 250, 250);\n}\n<\/style>\n  <\/div>\n\n\n\n\t\t<\/div>\n\t\t\t\t\t<\/div>\n\n\t\n\n\t<div id=\"col-1410440096\" class=\"col medium-6 small-12 large-6\"  data-animate=\"blurIn\">\n\t\t\t\t<div class=\"col-inner\"  >\n\t\t\t\n\t\t\t\n\n\n  <div class=\"banner has-hover\" id=\"banner-147393975\">\n          <div class=\"banner-inner fill\">\n        <div class=\"banner-bg fill\" >\n            <img loading=\"lazy\" decoding=\"async\" width=\"1000\" height=\"667\" src=\"https:\/\/prepacanarias.com\/wp-content\/uploads\/2026\/01\/2149285392.jpg\" class=\"bg attachment-large size-large\" alt=\"\" \/>                                    \n                    <\/div>\n\t\t\n        <div class=\"banner-layers container\">\n            <div class=\"fill banner-link\"><\/div>            \n\n   <div id=\"text-box-412927215\" class=\"text-box banner-layer x50 md-x50 lg-x50 y50 md-y50 lg-y50 res-text\">\n                                <div class=\"text-box-content text dark\">\n              \n              <div class=\"text-inner text-center\">\n                  \n\n\n              <\/div>\n           <\/div>\n                            \n<style>\n#text-box-412927215 {\n  width: 60%;\n}\n#text-box-412927215 .text-box-content {\n  font-size: 100%;\n}\n@media (min-width:550px) {\n  #text-box-412927215 {\n    width: 60%;\n  }\n}\n<\/style>\n    <\/div>\n \n\n        <\/div>\n      <\/div>\n\n            \n<style>\n#banner-147393975 {\n  padding-top: 500px;\n  background-color: rgb(250, 250, 250);\n}\n#banner-147393975 .banner-bg img {\n  object-position: 81% 65%;\n}\n<\/style>\n  <\/div>\n\n\n\n\t\t<\/div>\n\t\t\t\t\t<\/div>\n\n\t\n\n<\/div>\n\t<div id=\"gap-603370878\" class=\"gap-element clearfix\" style=\"display:block; height:auto;\">\n\t\t\n<style>\n#gap-603370878 {\n  padding-top: 40px;\n}\n@media (min-width:550px) {\n  #gap-603370878 {\n    padding-top: 60px;\n  }\n}\n<\/style>\n\t<\/div>\n\t\n\n\t<div id=\"text-4015994595\" class=\"text\">\n\t\t\n\n<h2>Mentor\u00eda Administrativa Activa<\/h2>\n\t\t\n<style>\n#text-4015994595 {\n  text-align: center;\n  color: rgb(255,255,255);\n}\n#text-4015994595 > * {\n  color: rgb(255,255,255);\n}\n<\/style>\n\t<\/div>\n\t\n<div class=\"text-center\"><div class=\"is-divider divider clearfix\" style=\"max-width:60px;height:1px;background-color:rgb(255, 255, 255);\"><\/div><\/div>\n\n\t<div id=\"text-1293073140\" class=\"text\">\n\t\t\n\n<p class=\"western\">No se trata solo de estudiar un temario. Se trata de preparar con estrategia, constancia y enfoque pr\u00e1ctico.<\/p>\n<p class=\"western\"><strong><span class=\"fancy-underline\">Incluye:<\/span><\/strong><\/p>\n<p class=\"western\">\u00b7 Diagn\u00f3stico inicial y planificaci\u00f3n<\/p>\n<p class=\"western\">\u00b7 Seguimiento del progreso<\/p>\n<p class=\"western\">\u00b7 Entrenamiento con supuestos y simulacros<\/p>\n<p class=\"western\">\u00b7 Orientaci\u00f3n sobre convocatorias, temarios y tipo de pruebas<\/p>\n<p class=\"western\">\u00b7 Acompa\u00f1amiento continuo durante el proceso<\/p>\n\t\t\n<style>\n#text-1293073140 {\n  line-height: 1;\n  text-align: center;\n  color: rgb(255,255,255);\n}\n#text-1293073140 > * {\n  color: rgb(255,255,255);\n}\n<\/style>\n\t<\/div>\n\t\n\t<div id=\"gap-2031801765\" class=\"gap-element clearfix\" style=\"display:block; height:auto;\">\n\t\t\n<style>\n#gap-2031801765 {\n  padding-top: 30px;\n}\n<\/style>\n\t<\/div>\n\t\n\n<a href=\"https:\/\/prepacanarias.com\/index.php\/mentoria-administrativa-activa\/\" class=\"button white reveal-icon\" style=\"border-radius:5px;\">\n\t\t<span>Leer m\u00e1s<\/span>\n\t<i class=\"icon-angle-right\" aria-hidden=\"true\"><\/i><\/a>\n\n\n\t<div id=\"gap-1078174407\" class=\"gap-element clearfix\" style=\"display:block; height:auto;\">\n\t\t\n<style>\n#gap-1078174407 {\n  padding-top: 40px;\n}\n<\/style>\n\t<\/div>\n\t\n\n\n\t\t<\/div>\n\t\t\t\t\n<style>\n#col-70518103 > .col-inner {\n  margin: -390px 0px 0px 0px;\n}\n<\/style>\n\t<\/div>\n\n\t\n\n<\/div>\n\n\t\t<\/div>\n\n\t\t\n<style>\n#section_1629275876 {\n  padding-top: 0px;\n  padding-bottom: 0px;\n  background-color: rgb(23, 76, 148);\n}\n#section_1629275876 .ux-shape-divider--bottom svg {\n  height: 30px;\n  --divider-width: 100%;\n}\n<\/style>\n\t<\/section>\n\t\n\n","protected":false},"excerpt":{"rendered":"","protected":false},"author":1,"featured_media":0,"parent":0,"menu_order":0,"comment_status":"closed","ping_status":"closed","template":"page-blank.php","meta":{"footnotes":""},"class_list":["post-12","page","type-page","status-publish","hentry"],"_links":{"self":[{"href":"https:\/\/prepacanarias.com\/index.php\/wp-json\/wp\/v2\/pages\/12","targetHints":{"allow":["GET"]}}],"collection":[{"href":"https:\/\/prepacanarias.com\/index.php\/wp-json\/wp\/v2\/pages"}],"about":[{"href":"https:\/\/prepacanarias.com\/index.php\/wp-json\/wp\/v2\/types\/page"}],"author":[{"embeddable":true,"href":"https:\/\/prepacanarias.com\/index.php\/wp-json\/wp\/v2\/users\/1"}],"replies":[{"embeddable":true,"href":"https:\/\/prepacanarias.com\/index.php\/wp-json\/wp\/v2\/comments?post=12"}],"version-history":[{"count":12,"href":"https:\/\/prepacanarias.com\/index.php\/wp-json\/wp\/v2\/pages\/12\/revisions"}],"predecessor-version":[{"id":247,"href":"https:\/\/prepacanarias.com\/index.php\/wp-json\/wp\/v2\/pages\/12\/revisions\/247"}],"wp:attachment":[{"href":"https:\/\/prepacanarias.com\/index.php\/wp-json\/wp\/v2\/media?parent=12"}],"curies":[{"name":"wp","href":"https:\/\/api.w.org\/{rel}","templated":true}]}}