{"id":140,"date":"2026-01-05T14:34:29","date_gmt":"2026-01-05T14:34:29","guid":{"rendered":"https:\/\/prepacanarias.com\/?page_id=140"},"modified":"2026-01-09T10:19:05","modified_gmt":"2026-01-09T10:19:05","slug":"mentoria-administrativa-activa","status":"publish","type":"page","link":"https:\/\/prepacanarias.com\/index.php\/mentoria-administrativa-activa\/","title":{"rendered":"Mentor\u00eda Administrativa Activa"},"content":{"rendered":"\n\n\t<section class=\"section dark\" id=\"section_1977167328\">\n\t\t<div class=\"section-bg fill\" >\n\t\t\t<img loading=\"lazy\" decoding=\"async\" width=\"1536\" height=\"864\" src=\"https:\/\/prepacanarias.com\/wp-content\/uploads\/2026\/01\/2148888822-1536x864.jpg\" class=\"bg attachment-1536x1536 size-1536x1536\" alt=\"\" \/>\t\t\t\t\t\t<div class=\"section-bg-overlay absolute fill\"><\/div>\n\t\t\t\n\n\t\t<\/div>\n\n\t\t\n\t<div class=\"ux-shape-divider ux-shape-divider--bottom ux-shape-divider--style-triangle-invert\">\n\t\t<svg viewBox=\"0 0 1000 100\" xmlns=\"http:\/\/www.w3.org\/2000\/svg\" preserveAspectRatio=\"none\">\n\t<path class=\"ux-shape-fill\" d=\"M500 95.6L0 0V100H1000V0L500 95.6Z\"\/>\n<\/svg>\n\t<\/div>\n\n\t\t<div class=\"section-content relative\">\n\t\t\t\n\n<div class=\"row\"  id=\"row-250859275\">\n\n\n\t<div id=\"col-191536011\" class=\"col medium-7 small-12 large-10\"  >\n\t\t\t\t<div class=\"col-inner\"  >\n\t\t\t\n\t\t\t\n\n\t<div id=\"text-3359775603\" class=\"text\">\n\t\t\n\n<h1><span style=\"font-size: 250%;\">Mentor\u00eda Administrativa Activa<\/span><\/h1>\n\t\t\n<style>\n#text-3359775603 {\n  font-size: 0.75rem;\n}\n<\/style>\n\t<\/div>\n\t\n\n\t\t<\/div>\n\t\t\t\t\t<\/div>\n\n\t\n\n<\/div>\n\n\t\t<\/div>\n\n\t\t\n<style>\n#section_1977167328 {\n  padding-top: 100px;\n  padding-bottom: 100px;\n}\n#section_1977167328 .section-bg-overlay {\n  background-color: rgba(23, 76, 148, 0.453);\n}\n#section_1977167328 .section-bg img {\n  object-position: 48% 73%;\n}\n#section_1977167328 .ux-shape-divider--bottom svg {\n  height: 90px;\n  --divider-width: 100%;\n}\n@media (min-width:550px) {\n  #section_1977167328 {\n    padding-top: 140px;\n    padding-bottom: 140px;\n  }\n}\n@media (min-width:850px) {\n  #section_1977167328 {\n    padding-top: 180px;\n    padding-bottom: 180px;\n  }\n}\n<\/style>\n\t<\/section>\n\t\n\n\t<section class=\"section\" id=\"section_1762735528\">\n\t\t<div class=\"section-bg fill\" >\n\t\t\t\t\t\t\t\t\t\n\t\t\t\n\n\t\t<\/div>\n\n\t\t\n\n\t\t<div class=\"section-content relative\">\n\t\t\t\n\n<div class=\"row\"  id=\"row-1808266183\">\n\n\n\t<div id=\"col-890790263\" class=\"col small-12 large-12\"  data-animate=\"fadeInUp\">\n\t\t\t\t<div class=\"col-inner\"  >\n\t\t\t\n\t\t\t\n\n<div class=\"is-divider divider clearfix\" style=\"max-width:50px;height:2px;background-color:rgb(111, 166, 212);\"><\/div>\n\n<h2><span style=\"font-size: 120%;\">Acompa\u00f1amiento real durante todo el proceso de preparaci\u00f3n de tu oposici\u00f3n en Canarias.<\/span><\/h2>\n\n\t\t<\/div>\n\t\t\t\t\t<\/div>\n\n\t\n\n<\/div>\n<div class=\"row align-center\"  id=\"row-1749884785\">\n\n\n\t<div id=\"col-2088064638\" class=\"col small-12 large-12\"  data-animate=\"fadeInUp\">\n\t\t\t\t<div class=\"col-inner\"  >\n\t\t\t\n\t\t\t\n\n<p class=\"western\">Nuestro modelo de <b>Mentor\u00eda Administrativa Activa<\/b> va m\u00e1s all\u00e1 del estudio del temario.<\/p>\n<p class=\"western\">Se trata de un proceso estructurado de acompa\u00f1amiento, orientaci\u00f3n y preparaci\u00f3n pr\u00e1ctica, basado en la experiencia real en la Administraci\u00f3n P\u00fablica y adaptado a cada opositor y convocatoria.<\/p>\n\n\t\t<\/div>\n\t\t\t\t\t<\/div>\n\n\t\n\n<\/div>\n\t<div id=\"gap-306676710\" class=\"gap-element clearfix\" style=\"display:block; height:auto;\">\n\t\t\n<style>\n#gap-306676710 {\n  padding-top: 280px;\n}\n@media (min-width:550px) {\n  #gap-306676710 {\n    padding-top: 350px;\n  }\n}\n<\/style>\n\t<\/div>\n\t\n\n\n\t\t<\/div>\n\n\t\t\n<style>\n#section_1762735528 {\n  padding-top: 30px;\n  padding-bottom: 30px;\n}\n<\/style>\n\t<\/section>\n\t\n\n\t<section class=\"section\" id=\"section_2044279435\">\n\t\t<div class=\"section-bg fill\" >\n\t\t\t\t\t\t\t\t\t\n\t\t\t\n\n\t\t<\/div>\n\n\t\t\n\n\t\t<div class=\"section-content relative\">\n\t\t\t\n\n<div class=\"row\"  id=\"row-451454499\">\n\n\n\t<div id=\"col-789996357\" class=\"col medium-4 small-12 large-4\"  >\n\t\t\t\t<div class=\"col-inner\"  >\n\t\t\t\n\t\t\t\n\n\n\t\t<\/div>\n\t\t\t\t\t<\/div>\n\n\t\n\n\t<div id=\"col-1465280372\" class=\"col small-12 large-12\"  data-animate=\"blurIn\">\n\t\t\t\t<div class=\"col-inner\"  >\n\t\t\t\n\t\t\t\n\n<div class=\"row\"  id=\"row-1239285827\">\n\n\n\t<div id=\"col-1818609972\" class=\"col small-12 large-12\"  >\n\t\t\t\t<div class=\"col-inner\"  >\n\t\t\t\n\t\t\t\n\n\n  <div class=\"banner has-hover\" id=\"banner-1691721187\">\n          <div class=\"banner-inner fill\">\n        <div class=\"banner-bg fill\" >\n            <img loading=\"lazy\" decoding=\"async\" width=\"1500\" height=\"844\" src=\"https:\/\/prepacanarias.com\/wp-content\/uploads\/2026\/01\/2148475428.jpg\" class=\"bg attachment-1536x1536 size-1536x1536\" alt=\"\" \/>                        <div class=\"overlay\"><\/div>            \n                    <\/div>\n\t\t\n        <div class=\"banner-layers container\">\n            <div class=\"fill banner-link\"><\/div>            \n\n   <div id=\"text-box-340030\" class=\"text-box banner-layer x50 md-x50 lg-x50 y50 md-y50 lg-y50 res-text\">\n                                <div class=\"text-box-content text dark\">\n              \n              <div class=\"text-inner text-center\">\n                  \n\n\n              <\/div>\n           <\/div>\n                            \n<style>\n#text-box-340030 {\n  width: 60%;\n}\n#text-box-340030 .text-box-content {\n  font-size: 100%;\n}\n@media (min-width:550px) {\n  #text-box-340030 {\n    width: 60%;\n  }\n}\n<\/style>\n    <\/div>\n \n\n        <\/div>\n      <\/div>\n\n            \n<style>\n#banner-1691721187 {\n  padding-top: 320px;\n}\n#banner-1691721187 .overlay {\n  background-color: rgba(23, 76, 148, 0);\n}\n#banner-1691721187 .banner-bg img {\n  object-position: 50% 100%;\n}\n<\/style>\n  <\/div>\n\n\n\n\t\t<\/div>\n\t\t\t\t\t<\/div>\n\n\t\n\n<\/div>\n\t<div id=\"gap-745674626\" class=\"gap-element clearfix\" style=\"display:block; height:auto;\">\n\t\t\n<style>\n#gap-745674626 {\n  padding-top: 90px;\n}\n<\/style>\n\t<\/div>\n\t\n\n\t<div id=\"text-3226251008\" class=\"text\">\n\t\t\n\n<h1>Fases de estudio<\/h1>\n\t\t\n<style>\n#text-3226251008 {\n  font-size: 1.2rem;\n  text-align: center;\n  color: rgb(255,255,255);\n}\n#text-3226251008 > * {\n  color: rgb(255,255,255);\n}\n<\/style>\n\t<\/div>\n\t\n<div class=\"text-center\"><div class=\"is-divider divider clearfix\" style=\"max-width:60px;height:1px;background-color:rgb(255, 255, 255);\"><\/div><\/div>\n\n\n\t\t<\/div>\n\t\t\t\t\n<style>\n#col-1465280372 > .col-inner {\n  margin: -390px 0px 0px 0px;\n}\n<\/style>\n\t<\/div>\n\n\t\n\n<\/div>\n\n\t\t<\/div>\n\n\t\t\n<style>\n#section_2044279435 {\n  padding-top: 0px;\n  padding-bottom: 0px;\n  background-color: rgb(23, 76, 148);\n}\n<\/style>\n\t<\/section>\n\t\n\n\t<section class=\"section dark\" id=\"section_777150397\">\n\t\t<div class=\"section-bg fill\" >\n\t\t\t\t\t\t\t\t\t\n\t\t\t\n\n\t\t<\/div>\n\n\t\t\n\t<div class=\"ux-shape-divider ux-shape-divider--bottom ux-shape-divider--style-triangle-invert\">\n\t\t<svg viewBox=\"0 0 1000 100\" xmlns=\"http:\/\/www.w3.org\/2000\/svg\" preserveAspectRatio=\"none\">\n\t<path class=\"ux-shape-fill\" d=\"M500 95.6L0 0V100H1000V0L500 95.6Z\"\/>\n<\/svg>\n\t<\/div>\n\n\t\t<div class=\"section-content relative\">\n\t\t\t\n\n<div class=\"row row-large\"  id=\"row-174099226\">\n\n\n\t<div id=\"col-291009761\" class=\"col small-12 large-12\"  >\n\t\t\t\t<div class=\"col-inner\"  >\n\t\t\t\n\t\t\t\n\n<div class=\"container section-title-container\" style=\"margin-top:5px;margin-bottom:5px;\"><h3 class=\"section-title section-title-normal\"><b aria-hidden=\"true\"><\/b><span class=\"section-title-main\" style=\"font-size:80%;color:rgb(249, 190, 9);\">01<\/span><b aria-hidden=\"true\"><\/b><\/h3><\/div>\n\n\n\t\t<\/div>\n\t\t\t\t\n<style>\n#col-291009761 > .col-inner {\n  margin: 0px 0px -20px 0px;\n}\n<\/style>\n\t<\/div>\n\n\t\n\n\t<div id=\"col-892717810\" class=\"col medium-12 small-12 large-6\"  >\n\t\t\t\t<div class=\"col-inner\"  >\n\t\t\t\n\t\t\t\n\n<h3><span style=\"font-size: 110%;\">FASE 1 \u00b7 DIAGN\u00d3STICO INICIAL<\/span><\/h3>\n\t<div id=\"text-1171434169\" class=\"text\">\n\t\t\n\n<p>Diagn\u00f3stico inicial del perfil opositor<\/p>\n\t\t\n<style>\n#text-1171434169 {\n  font-size: 1.05rem;\n}\n<\/style>\n\t<\/div>\n\t\n\n\t\t<\/div>\n\t\t\t\t\t<\/div>\n\n\t\n\n\t<div id=\"col-602315201\" class=\"col medium-12 small-12 large-6\"  >\n\t\t\t\t<div class=\"col-inner\"  >\n\t\t\t\n\t\t\t\n\n\t<div id=\"text-3570274551\" class=\"text\">\n\t\t\n\n<p>Analizamos tu punto de partida para dise\u00f1ar una preparaci\u00f3n ajustada a tu realidad personal y profesional.<\/p>\n\t\t\n<style>\n#text-3570274551 {\n  font-size: 1.05rem;\n}\n<\/style>\n\t<\/div>\n\t\n<div class=\"accordion\">\n\n\t<div id=\"accordion-4234517686\" class=\"accordion-item\">\n\t\t<a id=\"accordion-4234517686-label\" class=\"accordion-title plain\" href=\"#accordion-item-ampliar-informaci\u00f3n\" aria-expanded=\"false\" aria-controls=\"accordion-4234517686-content\">\n\t\t\t<button class=\"toggle\" aria-label=\"Toggle\"><i class=\"icon-angle-down\" aria-hidden=\"true\"><\/i><\/button>\n\t\t\t<span>Ampliar informaci\u00f3n<\/span>\n\t\t<\/a>\n\t\t<div id=\"accordion-4234517686-content\" class=\"accordion-inner\" aria-labelledby=\"accordion-4234517686-label\">\n\t\t\t\n\n<p class=\"western\">Evaluamos tu experiencia previa en oposiciones, especialidad (Trabajo Social, Psicolog\u00eda o Educaci\u00f3n Social), \u00e1mbito de inter\u00e9s (auton\u00f3mico, sanitario, local o cabildos insulares) y disponibilidad real de estudio.<\/p>\n<p class=\"western\">Este diagn\u00f3stico permite establecer una base s\u00f3lida sobre la que construir todo el proceso de preparaci\u00f3n.<\/p>\n\n\t\t<\/div>\n\t<\/div>\n\t\n\n<\/div>\n\n\t\t<\/div>\n\t\t\t\t\t<\/div>\n\n\t\n\n<\/div>\n<div class=\"row row-large\"  id=\"row-181381\">\n\n\n\t<div id=\"col-2014459731\" class=\"col small-12 large-12\"  >\n\t\t\t\t<div class=\"col-inner\"  >\n\t\t\t\n\t\t\t\n\n<div class=\"container section-title-container\" style=\"margin-top:5px;margin-bottom:5px;\"><h3 class=\"section-title section-title-normal\"><b aria-hidden=\"true\"><\/b><span class=\"section-title-main\" style=\"font-size:80%;color:rgb(249, 190, 9);\">02<\/span><b aria-hidden=\"true\"><\/b><\/h3><\/div>\n\n\n\t\t<\/div>\n\t\t\t\t\n<style>\n#col-2014459731 > .col-inner {\n  margin: 0px 0px -20px 0px;\n}\n<\/style>\n\t<\/div>\n\n\t\n\n\t<div id=\"col-1418651597\" class=\"col medium-12 small-12 large-6\"  >\n\t\t\t\t<div class=\"col-inner\"  >\n\t\t\t\n\t\t\t\n\n<h3><span style=\"font-size: 110%;\">FASE 2 \u00b7 PLANIFICACI\u00d3N ESTRAT\u00c9GICA<\/span><\/h3>\n\t<div id=\"text-124176965\" class=\"text\">\n\t\t\n\n<p>Planificaci\u00f3n estrat\u00e9gica del estudio<\/p>\n\t\t\n<style>\n#text-124176965 {\n  font-size: 1.05rem;\n}\n<\/style>\n\t<\/div>\n\t\n\n\t\t<\/div>\n\t\t\t\t\t<\/div>\n\n\t\n\n\t<div id=\"col-1581496082\" class=\"col medium-12 small-12 large-6\"  >\n\t\t\t\t<div class=\"col-inner\"  >\n\t\t\t\n\t\t\t\n\n\t<div id=\"text-232008737\" class=\"text\">\n\t\t\n\n<p>Organizamos el estudio con criterio administrativo y enfoque de examen.<\/p>\n\t\t\n<style>\n#text-232008737 {\n  font-size: 1.05rem;\n}\n<\/style>\n\t<\/div>\n\t\n<div class=\"accordion\">\n\n\t<div id=\"accordion-2362260644\" class=\"accordion-item\">\n\t\t<a id=\"accordion-2362260644-label\" class=\"accordion-title plain\" href=\"#accordion-item-ampliar-informaci\u00f3n\" aria-expanded=\"false\" aria-controls=\"accordion-2362260644-content\">\n\t\t\t<button class=\"toggle\" aria-label=\"Toggle\"><i class=\"icon-angle-down\" aria-hidden=\"true\"><\/i><\/button>\n\t\t\t<span>Ampliar informaci\u00f3n<\/span>\n\t\t<\/a>\n\t\t<div id=\"accordion-2362260644-content\" class=\"accordion-inner\" aria-labelledby=\"accordion-2362260644-label\">\n\t\t\t\n\n<p class=\"western\">Dise\u00f1amos una planificaci\u00f3n realista y flexible, priorizando los contenidos en funci\u00f3n de la convocatoria y del tipo de prueba.<\/p>\n<p class=\"western\">La organizaci\u00f3n del estudio se ajusta al tiempo disponible del opositor y a los objetivos de cada fase del proceso selectivo.<\/p>\n\n\t\t<\/div>\n\t<\/div>\n\t\n\n<\/div>\n\n\t\t<\/div>\n\t\t\t\t\t<\/div>\n\n\t\n\n<\/div>\n<div class=\"row row-large\"  id=\"row-727088194\">\n\n\n\t<div id=\"col-1574320169\" class=\"col small-12 large-12\"  >\n\t\t\t\t<div class=\"col-inner\"  >\n\t\t\t\n\t\t\t\n\n<div class=\"container section-title-container\" style=\"margin-top:5px;margin-bottom:5px;\"><h3 class=\"section-title section-title-normal\"><b aria-hidden=\"true\"><\/b><span class=\"section-title-main\" style=\"font-size:80%;color:rgb(249, 190, 9);\">03<\/span><b aria-hidden=\"true\"><\/b><\/h3><\/div>\n\n\n\t\t<\/div>\n\t\t\t\t\n<style>\n#col-1574320169 > .col-inner {\n  margin: 0px 0px -20px 0px;\n}\n<\/style>\n\t<\/div>\n\n\t\n\n\t<div id=\"col-1919587339\" class=\"col medium-12 small-12 large-6\"  >\n\t\t\t\t<div class=\"col-inner\"  >\n\t\t\t\n\t\t\t\n\n<h3><span style=\"font-size: 110%;\">FASE 3 \u00b7 ESTUDIO APLICADO<\/span><\/h3>\n\t<div id=\"text-234057662\" class=\"text\">\n\t\t\n\n<p>Estudio aplicado y orientado a examen<\/p>\n\t\t\n<style>\n#text-234057662 {\n  font-size: 1.05rem;\n}\n<\/style>\n\t<\/div>\n\t\n\n\t\t<\/div>\n\t\t\t\t\t<\/div>\n\n\t\n\n\t<div id=\"col-1684551857\" class=\"col medium-12 small-12 large-6\"  >\n\t\t\t\t<div class=\"col-inner\"  >\n\t\t\t\n\t\t\t\n\n\t<div id=\"text-483702488\" class=\"text\">\n\t\t\n\n<p>Estudiar con enfoque pr\u00e1ctico y administrativo.<\/p>\n\t\t\n<style>\n#text-483702488 {\n  font-size: 1.05rem;\n}\n<\/style>\n\t<\/div>\n\t\n<div class=\"accordion\">\n\n\t<div id=\"accordion-177067153\" class=\"accordion-item\">\n\t\t<a id=\"accordion-177067153-label\" class=\"accordion-title plain\" href=\"#accordion-item-ampliar-informaci\u00f3n\" aria-expanded=\"false\" aria-controls=\"accordion-177067153-content\">\n\t\t\t<button class=\"toggle\" aria-label=\"Toggle\"><i class=\"icon-angle-down\" aria-hidden=\"true\"><\/i><\/button>\n\t\t\t<span>Ampliar informaci\u00f3n<\/span>\n\t\t<\/a>\n\t\t<div id=\"accordion-177067153-content\" class=\"accordion-inner\" aria-labelledby=\"accordion-177067153-label\">\n\t\t\t\n\n<p class=\"western\">El estudio del temario se aborda desde una perspectiva aplicada, relacionando la normativa con su uso real en la Administraci\u00f3n P\u00fablica.<\/p>\n<p class=\"western\">Se trabaja la forma de responder que exigen los tribunales, evitando errores habituales y enfocando el contenido a la superaci\u00f3n de la prueba.<\/p>\n\n\t\t<\/div>\n\t<\/div>\n\t\n\n<\/div>\n\n\t\t<\/div>\n\t\t\t\t\t<\/div>\n\n\t\n\n<\/div>\n<div class=\"row row-large\"  id=\"row-411837176\">\n\n\n\t<div id=\"col-1728906085\" class=\"col small-12 large-12\"  >\n\t\t\t\t<div class=\"col-inner\"  >\n\t\t\t\n\t\t\t\n\n<div class=\"container section-title-container\" style=\"margin-top:5px;margin-bottom:5px;\"><h3 class=\"section-title section-title-normal\"><b aria-hidden=\"true\"><\/b><span class=\"section-title-main\" style=\"font-size:80%;color:rgb(249, 190, 9);\">04<\/span><b aria-hidden=\"true\"><\/b><\/h3><\/div>\n\n\n\t\t<\/div>\n\t\t\t\t\n<style>\n#col-1728906085 > .col-inner {\n  margin: 0px 0px -20px 0px;\n}\n<\/style>\n\t<\/div>\n\n\t\n\n\t<div id=\"col-1919268641\" class=\"col medium-12 small-12 large-6\"  >\n\t\t\t\t<div class=\"col-inner\"  >\n\t\t\t\n\t\t\t\n\n<h3><span style=\"font-size: 110%;\">FASE 4 \u00b7 SUPUESTOS Y SIMULACROS<\/span><\/h3>\n\t<div id=\"text-2971903912\" class=\"text\">\n\t\t\n\n<p>Entrenamiento con supuestos y simulacros<\/p>\n\t\t\n<style>\n#text-2971903912 {\n  font-size: 1.05rem;\n}\n<\/style>\n\t<\/div>\n\t\n\n\t\t<\/div>\n\t\t\t\t\t<\/div>\n\n\t\n\n\t<div id=\"col-2062056652\" class=\"col medium-12 small-12 large-6\"  >\n\t\t\t\t<div class=\"col-inner\"  >\n\t\t\t\n\t\t\t\n\n\t<div id=\"text-3690214468\" class=\"text\">\n\t\t\n\n<p>Preparaci\u00f3n pr\u00e1ctica basada en situaciones reales.<\/p>\n\t\t\n<style>\n#text-3690214468 {\n  font-size: 1.05rem;\n}\n<\/style>\n\t<\/div>\n\t\n<div class=\"accordion\">\n\n\t<div id=\"accordion-989985061\" class=\"accordion-item\">\n\t\t<a id=\"accordion-989985061-label\" class=\"accordion-title plain\" href=\"#accordion-item-ampliar-informaci\u00f3n\" aria-expanded=\"false\" aria-controls=\"accordion-989985061-content\">\n\t\t\t<button class=\"toggle\" aria-label=\"Toggle\"><i class=\"icon-angle-down\" aria-hidden=\"true\"><\/i><\/button>\n\t\t\t<span>Ampliar informaci\u00f3n<\/span>\n\t\t<\/a>\n\t\t<div id=\"accordion-989985061-content\" class=\"accordion-inner\" aria-labelledby=\"accordion-989985061-label\">\n\t\t\t\n\n<p class=\"western\">Se entrenan supuestos pr\u00e1cticos contextualizados en el \u00e1mbito p\u00fablico y simulacros de examen adaptados a cada especialidad y convocatoria.<\/p>\n<p class=\"western\">El an\u00e1lisis posterior permite mejorar la estructura de respuesta, el lenguaje t\u00e9cnico y el enfoque administrativo.<\/p>\n\n\t\t<\/div>\n\t<\/div>\n\t\n\n<\/div>\n\n\t\t<\/div>\n\t\t\t\t\t<\/div>\n\n\t\n\n<\/div>\n<div class=\"row row-large\"  id=\"row-676773146\">\n\n\n\t<div id=\"col-770079831\" class=\"col small-12 large-12\"  >\n\t\t\t\t<div class=\"col-inner\"  >\n\t\t\t\n\t\t\t\n\n<div class=\"container section-title-container\" style=\"margin-top:5px;margin-bottom:5px;\"><h3 class=\"section-title section-title-normal\"><b aria-hidden=\"true\"><\/b><span class=\"section-title-main\" style=\"font-size:80%;color:rgb(249, 190, 9);\">05<\/span><b aria-hidden=\"true\"><\/b><\/h3><\/div>\n\n\n\t\t<\/div>\n\t\t\t\t\n<style>\n#col-770079831 > .col-inner {\n  margin: 0px 0px -20px 0px;\n}\n<\/style>\n\t<\/div>\n\n\t\n\n\t<div id=\"col-1419993878\" class=\"col medium-12 small-12 large-6\"  >\n\t\t\t\t<div class=\"col-inner\"  >\n\t\t\t\n\t\t\t\n\n<h3><span style=\"font-size: 110%;\">FASE 5 \u00b7 ACOMPA\u00d1AMIENTO CONTINUO<\/span><\/h3>\n\t<div id=\"text-3267328094\" class=\"text\">\n\t\t\n\n<p>Acompa\u00f1amiento hasta el examen<\/p>\n\t\t\n<style>\n#text-3267328094 {\n  font-size: 1.05rem;\n}\n<\/style>\n\t<\/div>\n\t\n\n\t\t<\/div>\n\t\t\t\t\t<\/div>\n\n\t\n\n\t<div id=\"col-201977842\" class=\"col medium-12 small-12 large-6\"  >\n\t\t\t\t<div class=\"col-inner\"  >\n\t\t\t\n\t\t\t\n\n\t<div id=\"text-1222995268\" class=\"text\">\n\t\t\n\n<p>Seguimiento, orientaci\u00f3n y apoyo durante todo el proceso.<\/p>\n\t\t\n<style>\n#text-1222995268 {\n  font-size: 1.05rem;\n}\n<\/style>\n\t<\/div>\n\t\n<div class=\"accordion\">\n\n\t<div id=\"accordion-890119414\" class=\"accordion-item\">\n\t\t<a id=\"accordion-890119414-label\" class=\"accordion-title plain\" href=\"#accordion-item-ampliar-informaci\u00f3n\" aria-expanded=\"false\" aria-controls=\"accordion-890119414-content\">\n\t\t\t<button class=\"toggle\" aria-label=\"Toggle\"><i class=\"icon-angle-down\" aria-hidden=\"true\"><\/i><\/button>\n\t\t\t<span>Ampliar informaci\u00f3n<\/span>\n\t\t<\/a>\n\t\t<div id=\"accordion-890119414-content\" class=\"accordion-inner\" aria-labelledby=\"accordion-890119414-label\">\n\t\t\t\n\n<p class=\"western\">El opositor cuenta con acompa\u00f1amiento continuo, revisi\u00f3n del progreso y ajustes de la estrategia seg\u00fan su evoluci\u00f3n.<\/p>\n<p class=\"western\">Se presta especial atenci\u00f3n a la fase final de preparaci\u00f3n, ayudando a consolidar conocimientos y afrontar el examen con mayor seguridad.<\/p>\n\n\t\t<\/div>\n\t<\/div>\n\t\n\n<\/div>\n\n\t\t<\/div>\n\t\t\t\t\t<\/div>\n\n\t\n\n<\/div>\n\t<div id=\"gap-1112640813\" class=\"gap-element clearfix\" style=\"display:block; height:auto;\">\n\t\t\n<style>\n#gap-1112640813 {\n  padding-top: 40px;\n}\n@media (min-width:550px) {\n  #gap-1112640813 {\n    padding-top: 110px;\n  }\n}\n<\/style>\n\t<\/div>\n\t\n\n\n\t\t<\/div>\n\n\t\t\n<style>\n#section_777150397 {\n  padding-top: 30px;\n  padding-bottom: 30px;\n  background-color: #174c94;\n}\n#section_777150397 .ux-shape-divider--bottom svg {\n  height: 30px;\n  --divider-width: 100%;\n}\n<\/style>\n\t<\/section>\n\t\n\n\t<section class=\"section\" id=\"section_1747159308\">\n\t\t<div class=\"section-bg fill\" >\n\t\t\t\t\t\t\t\t\t\n\t\t\t\n\n\t\t<\/div>\n\n\t\t\n\n\t\t<div class=\"section-content relative\">\n\t\t\t\n\n<div class=\"row align-center\"  id=\"row-1773612882\">\n\n\n\t<div id=\"col-246363646\" class=\"col medium-7 small-12 large-7\"  data-animate=\"blurIn\">\n\t\t\t\t<div class=\"col-inner text-center\"  >\n\t\t\t\n\t\t\t\n\n\t<div id=\"gap-444126293\" class=\"gap-element clearfix\" style=\"display:block; height:auto;\">\n\t\t\n<style>\n#gap-444126293 {\n  padding-top: 35px;\n}\n<\/style>\n\t<\/div>\n\t\n\n\t<div id=\"text-860337531\" class=\"text\">\n\t\t\n\n<p class=\"western\">La <b>Mentor\u00eda Administrativa Activa<\/b> no es un curso cerrado, sino un proceso de acompa\u00f1amiento adaptado a cada opositor y a cada convocatoria en Canarias.<\/p>\n\t\t\n<style>\n#text-860337531 {\n  font-size: 1.3rem;\n  text-align: center;\n}\n<\/style>\n\t<\/div>\n\t\n\t<div id=\"gap-1339447439\" class=\"gap-element clearfix\" style=\"display:block; height:auto;\">\n\t\t\n<style>\n#gap-1339447439 {\n  padding-top: 10px;\n}\n<\/style>\n\t<\/div>\n\t\n\n<a href=\"https:\/\/prepacanarias.com\/index.php\/contacto\/\" class=\"button primary\" style=\"border-radius:5px;\">\n\t\t<span>Conoce c\u00f3mo aplicar esta metodolog\u00eda a tu oposici\u00f3n<\/span>\n\t<\/a>\n\n\n\n\t\t<\/div>\n\t\t\t\t\t<\/div>\n\n\t\n\n<\/div>\n\n\t\t<\/div>\n\n\t\t\n<style>\n#section_1747159308 {\n  padding-top: 30px;\n  padding-bottom: 30px;\n}\n<\/style>\n\t<\/section>\n\t\n\n","protected":false},"excerpt":{"rendered":"","protected":false},"author":1,"featured_media":0,"parent":0,"menu_order":0,"comment_status":"closed","ping_status":"closed","template":"page-blank.php","meta":{"footnotes":""},"class_list":["post-140","page","type-page","status-publish","hentry"],"_links":{"self":[{"href":"https:\/\/prepacanarias.com\/index.php\/wp-json\/wp\/v2\/pages\/140","targetHints":{"allow":["GET"]}}],"collection":[{"href":"https:\/\/prepacanarias.com\/index.php\/wp-json\/wp\/v2\/pages"}],"about":[{"href":"https:\/\/prepacanarias.com\/index.php\/wp-json\/wp\/v2\/types\/page"}],"author":[{"embeddable":true,"href":"https:\/\/prepacanarias.com\/index.php\/wp-json\/wp\/v2\/users\/1"}],"replies":[{"embeddable":true,"href":"https:\/\/prepacanarias.com\/index.php\/wp-json\/wp\/v2\/comments?post=140"}],"version-history":[{"count":11,"href":"https:\/\/prepacanarias.com\/index.php\/wp-json\/wp\/v2\/pages\/140\/revisions"}],"predecessor-version":[{"id":240,"href":"https:\/\/prepacanarias.com\/index.php\/wp-json\/wp\/v2\/pages\/140\/revisions\/240"}],"wp:attachment":[{"href":"https:\/\/prepacanarias.com\/index.php\/wp-json\/wp\/v2\/media?parent=140"}],"curies":[{"name":"wp","href":"https:\/\/api.w.org\/{rel}","templated":true}]}}