{"id":165,"date":"2026-01-05T15:12:33","date_gmt":"2026-01-05T15:12:33","guid":{"rendered":"https:\/\/prepacanarias.com\/?page_id=165"},"modified":"2026-01-09T10:19:38","modified_gmt":"2026-01-09T10:19:38","slug":"faq","status":"publish","type":"page","link":"https:\/\/prepacanarias.com\/index.php\/faq\/","title":{"rendered":"FAQ"},"content":{"rendered":"\n\n\t<section class=\"section dark\" id=\"section_599969219\">\n\t\t<div class=\"section-bg fill\" >\n\t\t\t<img loading=\"lazy\" decoding=\"async\" width=\"1536\" height=\"949\" src=\"https:\/\/prepacanarias.com\/wp-content\/uploads\/2026\/01\/127470-1536x949.jpg\" class=\"bg attachment-1536x1536 size-1536x1536\" alt=\"\" \/>\t\t\t\t\t\t<div class=\"section-bg-overlay absolute fill\"><\/div>\n\t\t\t\n\n\t\t<\/div>\n\n\t\t\n\t<div class=\"ux-shape-divider ux-shape-divider--bottom ux-shape-divider--style-triangle-invert\">\n\t\t<svg viewBox=\"0 0 1000 100\" xmlns=\"http:\/\/www.w3.org\/2000\/svg\" preserveAspectRatio=\"none\">\n\t<path class=\"ux-shape-fill\" d=\"M500 95.6L0 0V100H1000V0L500 95.6Z\"\/>\n<\/svg>\n\t<\/div>\n\n\t\t<div class=\"section-content relative\">\n\t\t\t\n\n<div class=\"row\"  id=\"row-1349753736\">\n\n\n\t<div id=\"col-741631916\" class=\"col medium-7 small-12 large-8\"  >\n\t\t\t\t<div class=\"col-inner\"  >\n\t\t\t\n\t\t\t\n\n\t<div id=\"text-1793882467\" class=\"text\">\n\t\t\n\n<h1><span style=\"font-size: 250%;\">Preguntas frecuentes<\/span><\/h1>\n\t\t\n<style>\n#text-1793882467 {\n  font-size: 0.75rem;\n}\n<\/style>\n\t<\/div>\n\t\n\n\t\t<\/div>\n\t\t\t\t\t<\/div>\n\n\t\n\n<\/div>\n\n\t\t<\/div>\n\n\t\t\n<style>\n#section_599969219 {\n  padding-top: 100px;\n  padding-bottom: 100px;\n}\n#section_599969219 .section-bg-overlay {\n  background-color: rgba(23, 76, 148, 0.686);\n}\n#section_599969219 .section-bg img {\n  object-position: 22% 60%;\n}\n#section_599969219 .ux-shape-divider--bottom svg {\n  height: 90px;\n  --divider-width: 100%;\n}\n@media (min-width:550px) {\n  #section_599969219 {\n    padding-top: 140px;\n    padding-bottom: 140px;\n  }\n}\n@media (min-width:850px) {\n  #section_599969219 {\n    padding-top: 180px;\n    padding-bottom: 180px;\n  }\n}\n<\/style>\n\t<\/section>\n\t\n\n\t<section class=\"section\" id=\"section_1460858170\">\n\t\t<div class=\"section-bg fill\" >\n\t\t\t\t\t\t\t\t\t\n\t\t\t\n\n\t\t<\/div>\n\n\t\t\n\n\t\t<div class=\"section-content relative\">\n\t\t\t\n\n<div class=\"row\"  id=\"row-1087753725\">\n\n\n\t<div id=\"col-1674648201\" class=\"col small-12 large-12\"  data-animate=\"fadeInUp\">\n\t\t\t\t<div class=\"col-inner text-center\"  >\n\t\t\t\n\t\t\t\n\n\t<div id=\"gap-2035636953\" class=\"gap-element clearfix\" style=\"display:block; height:auto;\">\n\t\t\n<style>\n#gap-2035636953 {\n  padding-top: 30px;\n}\n<\/style>\n\t<\/div>\n\t\n\n<h2>Las preguntas m\u00e1s frecuentes<\/h2>\n<div class=\"is-divider divider clearfix\" style=\"max-width:60px;height:1px;background-color:rgb(23, 76, 148);\"><\/div>\n\n\n\t\t<\/div>\n\t\t\t\t\t<\/div>\n\n\t\n\n<\/div>\n<div class=\"row align-center\"  id=\"row-418128818\">\n\n\n\t<div id=\"col-372208244\" class=\"col medium-10 small-12 large-9\"  >\n\t\t\t\t<div class=\"col-inner\"  >\n\t\t\t\n\t\t\t\n\n<div class=\"accordion\">\n\n\t<div id=\"accordion-4212044806\" class=\"accordion-item\">\n\t\t<a id=\"accordion-4212044806-label\" class=\"accordion-title plain\" href=\"#accordion-item-\u00bfla-preparaci\u00f3n-est\u00e1-enfocada-espec\u00edficamente-a-oposiciones-en-canarias?\" aria-expanded=\"false\" aria-controls=\"accordion-4212044806-content\">\n\t\t\t<button class=\"toggle\" aria-label=\"Toggle\"><i class=\"icon-angle-down\" aria-hidden=\"true\"><\/i><\/button>\n\t\t\t<span>\u00bfLa preparaci\u00f3n est\u00e1 enfocada espec\u00edficamente a oposiciones en Canarias?<\/span>\n\t\t<\/a>\n\t\t<div id=\"accordion-4212044806-content\" class=\"accordion-inner\" aria-labelledby=\"accordion-4212044806-label\">\n\t\t\t\n\n<p class=\"western\">S\u00ed. Toda la preparaci\u00f3n est\u00e1 orientada a los procesos selectivos que se convocan en Canarias, teniendo en cuenta la normativa auton\u00f3mica, el funcionamiento de la Administraci\u00f3n P\u00fablica canaria y los criterios habituales de los tribunales en oposiciones auton\u00f3micas, sanitarias, locales y de cabildos insulares.<\/p>\n\n\t\t<\/div>\n\t<\/div>\n\t\n\t<div id=\"accordion-3825175547\" class=\"accordion-item\">\n\t\t<a id=\"accordion-3825175547-label\" class=\"accordion-title plain\" href=\"#accordion-item-\u00bfqu\u00e9-especialidades-se-preparan-en-prepacanarias-sl?\" aria-expanded=\"false\" aria-controls=\"accordion-3825175547-content\">\n\t\t\t<button class=\"toggle\" aria-label=\"Toggle\"><i class=\"icon-angle-down\" aria-hidden=\"true\"><\/i><\/button>\n\t\t\t<span>\u00bfQu\u00e9 especialidades se preparan en Prepacanarias SL?<\/span>\n\t\t<\/a>\n\t\t<div id=\"accordion-3825175547-content\" class=\"accordion-inner\" aria-labelledby=\"accordion-3825175547-label\">\n\t\t\t\n\n<p class=\"western\">Actualmente se ofrece preparaci\u00f3n de oposiciones online en las siguientes especialidades:<\/p>\n<ul>\n<li>\n<p class=\"western\">Trabajo Social<\/p>\n<\/li>\n<li>\n<p class=\"western\">Psicolog\u00eda<\/p>\n<\/li>\n<li>\n<p class=\"western\">Educaci\u00f3n Social<\/p>\n<\/li>\n<\/ul>\n<p class=\"western\">Cada especialidad cuenta con contenidos y supuestos pr\u00e1cticos adaptados a su \u00e1mbito profesional y a las convocatorias vigentes.<\/p>\n\n\t\t<\/div>\n\t<\/div>\n\t\n\t<div id=\"accordion-2396329622\" class=\"accordion-item\">\n\t\t<a id=\"accordion-2396329622-label\" class=\"accordion-title plain\" href=\"#accordion-item-\u00bfla-preparaci\u00f3n-incluye-supuestos-pr\u00e1cticos-y-simulacros-de-examen?\" aria-expanded=\"false\" aria-controls=\"accordion-2396329622-content\">\n\t\t\t<button class=\"toggle\" aria-label=\"Toggle\"><i class=\"icon-angle-down\" aria-hidden=\"true\"><\/i><\/button>\n\t\t\t<span>\u00bfLa preparaci\u00f3n incluye supuestos pr\u00e1cticos y simulacros de examen?<\/span>\n\t\t<\/a>\n\t\t<div id=\"accordion-2396329622-content\" class=\"accordion-inner\" aria-labelledby=\"accordion-2396329622-label\">\n\t\t\t\n\n<p class=\"western\">S\u00ed. La preparaci\u00f3n incluye supuestos pr\u00e1cticos basados en situaciones reales de la Administraci\u00f3n P\u00fablica, as\u00ed como simulacros de examen adaptados al formato de cada convocatoria. El objetivo es entrenar la aplicaci\u00f3n pr\u00e1ctica de los conocimientos y el enfoque de examen.<\/p>\n\n\t\t<\/div>\n\t<\/div>\n\t\n\t<div id=\"accordion-4172474317\" class=\"accordion-item\">\n\t\t<a id=\"accordion-4172474317-label\" class=\"accordion-title plain\" href=\"#accordion-item-\u00bfc\u00f3mo-funciona-el-seguimiento-y-las-tutor\u00edas?\" aria-expanded=\"false\" aria-controls=\"accordion-4172474317-content\">\n\t\t\t<button class=\"toggle\" aria-label=\"Toggle\"><i class=\"icon-angle-down\" aria-hidden=\"true\"><\/i><\/button>\n\t\t\t<span>\u00bfC\u00f3mo funciona el seguimiento y las tutor\u00edas?<\/span>\n\t\t<\/a>\n\t\t<div id=\"accordion-4172474317-content\" class=\"accordion-inner\" aria-labelledby=\"accordion-4172474317-label\">\n\t\t\t\n\n<p class=\"western\">El alumnado cuenta con un seguimiento personalizado dentro del modelo de <b>Mentor\u00eda Administrativa Activa<\/b>, que incluye orientaci\u00f3n en la planificaci\u00f3n del estudio, resoluci\u00f3n de dudas, revisi\u00f3n del progreso y acompa\u00f1amiento durante todo el proceso de preparaci\u00f3n.<\/p>\n\n\t\t<\/div>\n\t<\/div>\n\t\n\t<div id=\"accordion-13878886\" class=\"accordion-item\">\n\t\t<a id=\"accordion-13878886-label\" class=\"accordion-title plain\" href=\"#accordion-item-\u00bfla-modalidad-es-completamente-online?\" aria-expanded=\"false\" aria-controls=\"accordion-13878886-content\">\n\t\t\t<button class=\"toggle\" aria-label=\"Toggle\"><i class=\"icon-angle-down\" aria-hidden=\"true\"><\/i><\/button>\n\t\t\t<span>\u00bfLa modalidad es completamente online?<\/span>\n\t\t<\/a>\n\t\t<div id=\"accordion-13878886-content\" class=\"accordion-inner\" aria-labelledby=\"accordion-13878886-label\">\n\t\t\t\n\n<p class=\"western\">S\u00ed. La preparaci\u00f3n se desarrolla \u00edntegramente en modalidad online, permitiendo compatibilizar el estudio con la actividad laboral y personal, sin perder el acompa\u00f1amiento ni la planificaci\u00f3n estructurada.<\/p>\n\n\t\t<\/div>\n\t<\/div>\n\t\n\t<div id=\"accordion-452330591\" class=\"accordion-item\">\n\t\t<a id=\"accordion-452330591-label\" class=\"accordion-title plain\" href=\"#accordion-item-\u00bfest\u00e1-indicada-esta-preparaci\u00f3n-si-nunca-me-he-presentado-a-una-oposici\u00f3n?\" aria-expanded=\"false\" aria-controls=\"accordion-452330591-content\">\n\t\t\t<button class=\"toggle\" aria-label=\"Toggle\"><i class=\"icon-angle-down\" aria-hidden=\"true\"><\/i><\/button>\n\t\t\t<span>\u00bfEst\u00e1 indicada esta preparaci\u00f3n si nunca me he presentado a una oposici\u00f3n?<\/span>\n\t\t<\/a>\n\t\t<div id=\"accordion-452330591-content\" class=\"accordion-inner\" aria-labelledby=\"accordion-452330591-label\">\n\t\t\t\n\n<p class=\"western\">S\u00ed. La formaci\u00f3n est\u00e1 dise\u00f1ada tanto para personas que inician su primera oposici\u00f3n como para opositores con experiencia previa que desean mejorar su estrategia, reforzar supuestos pr\u00e1cticos o actualizar contenidos.<\/p>\n\n\t\t<\/div>\n\t<\/div>\n\t\n\t<div id=\"accordion-1100934787\" class=\"accordion-item\">\n\t\t<a id=\"accordion-1100934787-label\" class=\"accordion-title plain\" href=\"#accordion-item-\u00bfpuedo-solicitar-informaci\u00f3n-sin-compromiso?\" aria-expanded=\"false\" aria-controls=\"accordion-1100934787-content\">\n\t\t\t<button class=\"toggle\" aria-label=\"Toggle\"><i class=\"icon-angle-down\" aria-hidden=\"true\"><\/i><\/button>\n\t\t\t<span>\u00bfPuedo solicitar informaci\u00f3n sin compromiso?<\/span>\n\t\t<\/a>\n\t\t<div id=\"accordion-1100934787-content\" class=\"accordion-inner\" aria-labelledby=\"accordion-1100934787-label\">\n\t\t\t\n\n<p class=\"western\">Por supuesto. Puede contactar a trav\u00e9s del formulario de la web para recibir informaci\u00f3n detallada sobre especialidades, metodolog\u00eda y funcionamiento de la preparaci\u00f3n, sin ning\u00fan compromiso.<\/p>\n\n\t\t<\/div>\n\t<\/div>\n\t\n\n<\/div>\n\n\t\t<\/div>\n\t\t\t\t\t<\/div>\n\n\t\n\n<\/div>\n\n\t\t<\/div>\n\n\t\t\n<style>\n#section_1460858170 {\n  padding-top: 60px;\n  padding-bottom: 60px;\n}\n<\/style>\n\t<\/section>\n\t\n\n","protected":false},"excerpt":{"rendered":"","protected":false},"author":1,"featured_media":0,"parent":0,"menu_order":0,"comment_status":"closed","ping_status":"closed","template":"page-blank.php","meta":{"footnotes":""},"class_list":["post-165","page","type-page","status-publish","hentry"],"_links":{"self":[{"href":"https:\/\/prepacanarias.com\/index.php\/wp-json\/wp\/v2\/pages\/165","targetHints":{"allow":["GET"]}}],"collection":[{"href":"https:\/\/prepacanarias.com\/index.php\/wp-json\/wp\/v2\/pages"}],"about":[{"href":"https:\/\/prepacanarias.com\/index.php\/wp-json\/wp\/v2\/types\/page"}],"author":[{"embeddable":true,"href":"https:\/\/prepacanarias.com\/index.php\/wp-json\/wp\/v2\/users\/1"}],"replies":[{"embeddable":true,"href":"https:\/\/prepacanarias.com\/index.php\/wp-json\/wp\/v2\/comments?post=165"}],"version-history":[{"count":5,"href":"https:\/\/prepacanarias.com\/index.php\/wp-json\/wp\/v2\/pages\/165\/revisions"}],"predecessor-version":[{"id":242,"href":"https:\/\/prepacanarias.com\/index.php\/wp-json\/wp\/v2\/pages\/165\/revisions\/242"}],"wp:attachment":[{"href":"https:\/\/prepacanarias.com\/index.php\/wp-json\/wp\/v2\/media?parent=165"}],"curies":[{"name":"wp","href":"https:\/\/api.w.org\/{rel}","templated":true}]}}