{"id":200,"date":"2026-01-07T11:16:58","date_gmt":"2026-01-07T11:16:58","guid":{"rendered":"https:\/\/prepacanarias.com\/?page_id=200"},"modified":"2026-02-11T19:54:49","modified_gmt":"2026-02-11T19:54:49","slug":"psicologia","status":"publish","type":"page","link":"https:\/\/prepacanarias.com\/index.php\/psicologia\/","title":{"rendered":"Psicolog\u00eda"},"content":{"rendered":"\n\n\t<section class=\"section dark\" id=\"section_771123790\">\n\t\t<div class=\"section-bg fill\" >\n\t\t\t<img loading=\"lazy\" decoding=\"async\" width=\"2000\" height=\"1334\" src=\"https:\/\/prepacanarias.com\/wp-content\/uploads\/2026\/01\/2148759093.jpg\" class=\"bg attachment-2048x2048 size-2048x2048\" alt=\"\" \/>\t\t\t\t\t\t<div class=\"section-bg-overlay absolute fill\"><\/div>\n\t\t\t\n\n\t\t<\/div>\n\n\t\t\n\t<div class=\"ux-shape-divider ux-shape-divider--bottom ux-shape-divider--style-triangle-invert\">\n\t\t<svg viewBox=\"0 0 1000 100\" xmlns=\"http:\/\/www.w3.org\/2000\/svg\" preserveAspectRatio=\"none\">\n\t<path class=\"ux-shape-fill\" d=\"M500 95.6L0 0V100H1000V0L500 95.6Z\"\/>\n<\/svg>\n\t<\/div>\n\n\t\t<div class=\"section-content relative\">\n\t\t\t\n\n<div class=\"row\"  id=\"row-1154952885\">\n\n\n\t<div id=\"col-775255223\" class=\"col medium-7 small-12 large-10\"  >\n\t\t\t\t<div class=\"col-inner\"  >\n\t\t\t\n\t\t\t\n\n\t<div id=\"text-106672195\" class=\"text\">\n\t\t\n\n<h1><span style=\"font-size: 250%;\">Preparaci\u00f3n de oposiciones online en Psicolog\u00eda (Canarias)<\/span><\/h1>\n\t\t\n<style>\n#text-106672195 {\n  font-size: 0.75rem;\n}\n<\/style>\n\t<\/div>\n\t\n\n\t\t<\/div>\n\t\t\t\t\t<\/div>\n\n\t\n\n<\/div>\n\n\t\t<\/div>\n\n\t\t\n<style>\n#section_771123790 {\n  padding-top: 100px;\n  padding-bottom: 100px;\n}\n#section_771123790 .section-bg-overlay {\n  background-color: rgba(23, 76, 148, 0.453);\n}\n#section_771123790 .section-bg img {\n  object-position: 50% 39%;\n}\n#section_771123790 .ux-shape-divider--bottom svg {\n  height: 90px;\n  --divider-width: 100%;\n}\n#section_771123790 .ux-shape-divider--bottom .ux-shape-fill {\n  fill: #174c94;\n}\n@media (min-width:550px) {\n  #section_771123790 {\n    padding-top: 140px;\n    padding-bottom: 140px;\n  }\n}\n@media (min-width:850px) {\n  #section_771123790 {\n    padding-top: 180px;\n    padding-bottom: 180px;\n  }\n}\n<\/style>\n\t<\/section>\n\t\n\n\t<section class=\"section dark\" id=\"section_995160031\">\n\t\t<div class=\"section-bg fill\" >\n\t\t\t\t\t\t\t\t\t\n\t\t\t\n\n\t\t<\/div>\n\n\t\t\n\t<div class=\"ux-shape-divider ux-shape-divider--bottom ux-shape-divider--style-triangle-invert\">\n\t\t<svg viewBox=\"0 0 1000 100\" xmlns=\"http:\/\/www.w3.org\/2000\/svg\" preserveAspectRatio=\"none\">\n\t<path class=\"ux-shape-fill\" d=\"M500 95.6L0 0V100H1000V0L500 95.6Z\"\/>\n<\/svg>\n\t<\/div>\n\n\t\t<div class=\"section-content relative\">\n\t\t\t\n\n\t<div id=\"gap-1864926325\" class=\"gap-element clearfix\" style=\"display:block; height:auto;\">\n\t\t\n<style>\n#gap-1864926325 {\n  padding-top: 60px;\n}\n<\/style>\n\t<\/div>\n\t\n\n<div class=\"row row-large row-full-width align-middle align-center\"  id=\"row-154931799\">\n\n\n\t<div id=\"col-1977948689\" class=\"col medium-6 small-12 large-6\"  >\n\t\t\t\t<div class=\"col-inner\"  >\n\t\t\t\n\t\t\t\n\n<div class=\"row row-collapse align-center\"  id=\"row-155396196\">\n\n\n\t<div id=\"col-1357451163\" class=\"col medium-8 small-10 large-12\"  >\n\t\t\t\t<div class=\"col-inner\"  >\n\t\t\t\n\t\t\t\n\n\t<div id=\"text-2483033171\" class=\"text\">\n\t\t\n\n<h3>Cursos activos actualmente:<\/h3>\n\t\t\n<style>\n#text-2483033171 {\n  text-align: center;\n}\n<\/style>\n\t<\/div>\n\t\n<div class=\"text-center\"><div class=\"is-divider divider clearfix\" style=\"max-width:60px;height:1px;background-color:rgb(255, 255, 255);\"><\/div><\/div>\n\n\t\n  \n    <div class=\"row large-columns-3 medium-columns- small-columns-1 row-normal\" >\n  \n\t     <div class=\"product-small col has-hover product type-product post-331 status-publish first instock product_cat-psicologia has-post-thumbnail taxable shipping-taxable purchasable product-type-variable\">\n\t<div class=\"col-inner\">\n\t\n<div class=\"badge-container absolute left top z-1\">\n\n<\/div>\n\t<div class=\"product-small box \">\n\t\t<div class=\"box-image\">\n\t\t\t<div class=\"image-fade_in_back\">\n\t\t\t\t<a href=\"https:\/\/prepacanarias.com\/index.php\/product\/preparacion-del-temario-especifico-para-el-proceso-selectivo-ope-2023-2025-de-psicologia-del-ayuntamiento-de-santa-cruz-de-tenerife\/\">\n\t\t\t\t\t<img loading=\"lazy\" decoding=\"async\" width=\"300\" height=\"300\" src=\"https:\/\/prepacanarias.com\/wp-content\/uploads\/2026\/02\/2148207255-300x300.jpg\" class=\"attachment-woocommerce_thumbnail size-woocommerce_thumbnail\" alt=\"Preparaci\u00f3n del Temario Espec\u00edfico para el Proceso Selectivo OPE 2023\u20132025 de Psicolog\u00eda del Ayuntamiento de Santa Cruz de Tenerife\" srcset=\"https:\/\/prepacanarias.com\/wp-content\/uploads\/2026\/02\/2148207255-300x300.jpg 300w, https:\/\/prepacanarias.com\/wp-content\/uploads\/2026\/02\/2148207255-150x150.jpg 150w, https:\/\/prepacanarias.com\/wp-content\/uploads\/2026\/02\/2148207255-100x100.jpg 100w\" sizes=\"auto, (max-width: 300px) 100vw, 300px\" \/>\t\t\t\t<\/a>\n\t\t\t<\/div>\n\t\t\t<div class=\"image-tools is-small top right show-on-hover\">\n\t\t\t\t\t\t\t<\/div>\n\t\t\t<div class=\"image-tools is-small hide-for-small bottom left show-on-hover\">\n\t\t\t\t\t\t\t<\/div>\n\t\t\t<div class=\"image-tools grid-tools text-center hide-for-small bottom hover-slide-in show-on-hover\">\n\t\t\t\t\t\t\t<\/div>\n\t\t\t\t\t<\/div>\n\n\t\t<div class=\"box-text box-text-products\">\n\t\t\t<div class=\"title-wrapper\"><p class=\"name product-title woocommerce-loop-product__title\"><a href=\"https:\/\/prepacanarias.com\/index.php\/product\/preparacion-del-temario-especifico-para-el-proceso-selectivo-ope-2023-2025-de-psicologia-del-ayuntamiento-de-santa-cruz-de-tenerife\/\" class=\"woocommerce-LoopProduct-link woocommerce-loop-product__link\">Preparaci\u00f3n del Temario Espec\u00edfico para el Proceso Selectivo OPE 2023\u20132025 de Psicolog\u00eda del Ayuntamiento de Santa Cruz de Tenerife<\/a><\/p><\/div><div class=\"price-wrapper\"><\/div>\t\t<\/div>\n\t<\/div>\n\t\t<\/div>\n<\/div><div class=\"product-small col has-hover product type-product post-329 status-publish instock product_cat-psicologia has-post-thumbnail virtual taxable purchasable product-type-simple\">\n\t<div class=\"col-inner\">\n\t\n<div class=\"badge-container absolute left top z-1\">\n\n<\/div>\n\t<div class=\"product-small box \">\n\t\t<div class=\"box-image\">\n\t\t\t<div class=\"image-fade_in_back\">\n\t\t\t\t<a href=\"https:\/\/prepacanarias.com\/index.php\/product\/preparacion-del-temario-general-para-el-proceso-selectivo-ope-2023-2025-de-psicologia-del-ayuntamiento-de-santa-cruz-de-tenerife\/\">\n\t\t\t\t\t<img loading=\"lazy\" decoding=\"async\" width=\"300\" height=\"300\" src=\"https:\/\/prepacanarias.com\/wp-content\/uploads\/2026\/02\/2149656056-300x300.jpg\" class=\"attachment-woocommerce_thumbnail size-woocommerce_thumbnail\" alt=\"Preparaci\u00f3n del Temario General para el Proceso Selectivo OPE 2023\u20132025 de Psicolog\u00eda del Ayuntamiento de Santa Cruz de Tenerife - x M\u00f3dulo\" srcset=\"https:\/\/prepacanarias.com\/wp-content\/uploads\/2026\/02\/2149656056-300x300.jpg 300w, https:\/\/prepacanarias.com\/wp-content\/uploads\/2026\/02\/2149656056-150x150.jpg 150w, https:\/\/prepacanarias.com\/wp-content\/uploads\/2026\/02\/2149656056-100x100.jpg 100w\" sizes=\"auto, (max-width: 300px) 100vw, 300px\" \/>\t\t\t\t<\/a>\n\t\t\t<\/div>\n\t\t\t<div class=\"image-tools is-small top right show-on-hover\">\n\t\t\t\t\t\t\t<\/div>\n\t\t\t<div class=\"image-tools is-small hide-for-small bottom left show-on-hover\">\n\t\t\t\t\t\t\t<\/div>\n\t\t\t<div class=\"image-tools grid-tools text-center hide-for-small bottom hover-slide-in show-on-hover\">\n\t\t\t\t\t\t\t<\/div>\n\t\t\t\t\t<\/div>\n\n\t\t<div class=\"box-text box-text-products\">\n\t\t\t<div class=\"title-wrapper\"><p class=\"name product-title woocommerce-loop-product__title\"><a href=\"https:\/\/prepacanarias.com\/index.php\/product\/preparacion-del-temario-general-para-el-proceso-selectivo-ope-2023-2025-de-psicologia-del-ayuntamiento-de-santa-cruz-de-tenerife\/\" class=\"woocommerce-LoopProduct-link woocommerce-loop-product__link\">Preparaci\u00f3n del Temario General para el Proceso Selectivo OPE 2023\u20132025 de Psicolog\u00eda del Ayuntamiento de Santa Cruz de Tenerife &#8211; x M\u00f3dulo<\/a><\/p><\/div><div class=\"price-wrapper\"><\/div>\t\t<\/div>\n\t<\/div>\n\t\t<\/div>\n<\/div><div class=\"product-small col has-hover product type-product post-325 status-publish last instock product_cat-psicologia has-post-thumbnail virtual taxable purchasable product-type-simple\">\n\t<div class=\"col-inner\">\n\t\n<div class=\"badge-container absolute left top z-1\">\n\n<\/div>\n\t<div class=\"product-small box \">\n\t\t<div class=\"box-image\">\n\t\t\t<div class=\"image-fade_in_back\">\n\t\t\t\t<a href=\"https:\/\/prepacanarias.com\/index.php\/product\/supuestos-practicos-en-procesos-selectivos-de-psicologia-preparacion-ope-2023-2025-ayuntamiento-de-santa-cruz-de-tenerife\/\">\n\t\t\t\t\t<img loading=\"lazy\" decoding=\"async\" width=\"300\" height=\"300\" src=\"https:\/\/prepacanarias.com\/wp-content\/uploads\/2026\/02\/2148928873-300x300.jpg\" class=\"attachment-woocommerce_thumbnail size-woocommerce_thumbnail\" alt=\"Supuestos pr\u00e1cticos en procesos selectivos de Psicolog\u00eda. Preparaci\u00f3n OPE 2023-2025 \u2013 Ayuntamiento de Santa Cruz de Tenerife\" srcset=\"https:\/\/prepacanarias.com\/wp-content\/uploads\/2026\/02\/2148928873-300x300.jpg 300w, https:\/\/prepacanarias.com\/wp-content\/uploads\/2026\/02\/2148928873-150x150.jpg 150w, https:\/\/prepacanarias.com\/wp-content\/uploads\/2026\/02\/2148928873-100x100.jpg 100w\" sizes=\"auto, (max-width: 300px) 100vw, 300px\" \/>\t\t\t\t<\/a>\n\t\t\t<\/div>\n\t\t\t<div class=\"image-tools is-small top right show-on-hover\">\n\t\t\t\t\t\t\t<\/div>\n\t\t\t<div class=\"image-tools is-small hide-for-small bottom left show-on-hover\">\n\t\t\t\t\t\t\t<\/div>\n\t\t\t<div class=\"image-tools grid-tools text-center hide-for-small bottom hover-slide-in show-on-hover\">\n\t\t\t\t\t\t\t<\/div>\n\t\t\t\t\t<\/div>\n\n\t\t<div class=\"box-text box-text-products\">\n\t\t\t<div class=\"title-wrapper\"><p class=\"name product-title woocommerce-loop-product__title\"><a href=\"https:\/\/prepacanarias.com\/index.php\/product\/supuestos-practicos-en-procesos-selectivos-de-psicologia-preparacion-ope-2023-2025-ayuntamiento-de-santa-cruz-de-tenerife\/\" class=\"woocommerce-LoopProduct-link woocommerce-loop-product__link\">Supuestos pr\u00e1cticos en procesos selectivos de Psicolog\u00eda. Preparaci\u00f3n OPE 2023-2025 \u2013 Ayuntamiento de Santa Cruz de Tenerife<\/a><\/p><\/div><div class=\"price-wrapper\"><\/div>\t\t<\/div>\n\t<\/div>\n\t\t<\/div>\n<\/div><\/div>\n\n\n\t\t<\/div>\n\t\t\t\t\t<\/div>\n\n\t\n\n\n<style>\n#row-155396196 > .col > .col-inner {\n  padding: 50px 0px 50px 0px;\n}\n<\/style>\n<\/div>\n\n\t\t<\/div>\n\t\t\t\t\t<\/div>\n\n\t\n\n\t<div id=\"col-295294912\" class=\"col medium-5 small-12 large-5 small-col-first\"  >\n\t\t\t\t<div class=\"col-inner\" style=\"background-color:rgb(255,255,255);\" >\n\t\t\t\n\t\t\t\n\n\t<div id=\"text-3001129988\" class=\"text\">\n\t\t\n\n<h2 class=\"western\">Preparaci\u00f3n de oposiciones online en Psicolog\u00eda (Canarias)<\/h2>\n\t\t\n<style>\n#text-3001129988 {\n  color: rgb(0,0,0);\n}\n#text-3001129988 > * {\n  color: rgb(0,0,0);\n}\n<\/style>\n\t<\/div>\n\t\n\t<div id=\"text-3465280723\" class=\"text\">\n\t\t\n\n<p class=\"western\"><span class=\"fancy-underline\">\u00c1mbitos habituales de oposici\u00f3n:<\/span><\/p>\n<p class=\"western\">\u2022 Administraci\u00f3n Auton\u00f3mica<br>\u2022 Servicios Sanitarios<br>\u2022 Entidades Locales<\/p>\n<p class=\"western\"><span class=\"fancy-underline\">Incluye:<\/span><\/p>\n<p class=\"western\">\u2022 Temario actualizado y adaptado a cada convocatoria<br>\u2022 Supuestos pr\u00e1cticos contextualizados en el \u00e1mbito p\u00fablico<br>\u2022 Simulacros de examen y revisi\u00f3n de resultados<br>\u2022 Planificaci\u00f3n del estudio con acompa\u00f1amiento<br>\u2022 Tutor\u00edas individualizadas<br>\u2022 Acceso a plataforma virtual<br><br><\/p>\n\t\t\n<style>\n#text-3465280723 {\n  color: rgb(0,0,0);\n}\n#text-3465280723 > * {\n  color: rgb(0,0,0);\n}\n<\/style>\n\t<\/div>\n\t\n<a href=\"https:\/\/prepacanarias.com\/index.php\/contacto\/\" class=\"button primary\" style=\"border-radius:5px;\">\n\t\t<span>Solicitar informaci\u00f3n Psicolog\u00eda<\/span>\n\t<\/a>\n\n\n\n\t\t<\/div>\n\t\t\t\t\n<style>\n#col-295294912 > .col-inner {\n  padding: 30px 30px 30px 30px;\n  margin: 0px 0px 0px 0px;\n  border-radius: 10px;\n}\n<\/style>\n\t<\/div>\n\n\t\n\n<\/div>\n\t<div id=\"gap-549293734\" class=\"gap-element clearfix\" style=\"display:block; height:auto;\">\n\t\t\n<style>\n#gap-549293734 {\n  padding-top: 70px;\n}\n<\/style>\n\t<\/div>\n\t\n\n\n\t\t<\/div>\n\n\t\t\n<style>\n#section_995160031 {\n  padding-top: 0px;\n  padding-bottom: 0px;\n  background-color: #174c94;\n}\n#section_995160031 .ux-shape-divider--bottom svg {\n  height: 30px;\n  --divider-width: 100%;\n}\n<\/style>\n\t<\/section>\n\t\n\n","protected":false},"excerpt":{"rendered":"","protected":false},"author":1,"featured_media":0,"parent":0,"menu_order":0,"comment_status":"closed","ping_status":"closed","template":"page-blank.php","meta":{"footnotes":""},"class_list":["post-200","page","type-page","status-publish","hentry"],"_links":{"self":[{"href":"https:\/\/prepacanarias.com\/index.php\/wp-json\/wp\/v2\/pages\/200","targetHints":{"allow":["GET"]}}],"collection":[{"href":"https:\/\/prepacanarias.com\/index.php\/wp-json\/wp\/v2\/pages"}],"about":[{"href":"https:\/\/prepacanarias.com\/index.php\/wp-json\/wp\/v2\/types\/page"}],"author":[{"embeddable":true,"href":"https:\/\/prepacanarias.com\/index.php\/wp-json\/wp\/v2\/users\/1"}],"replies":[{"embeddable":true,"href":"https:\/\/prepacanarias.com\/index.php\/wp-json\/wp\/v2\/comments?post=200"}],"version-history":[{"count":10,"href":"https:\/\/prepacanarias.com\/index.php\/wp-json\/wp\/v2\/pages\/200\/revisions"}],"predecessor-version":[{"id":327,"href":"https:\/\/prepacanarias.com\/index.php\/wp-json\/wp\/v2\/pages\/200\/revisions\/327"}],"wp:attachment":[{"href":"https:\/\/prepacanarias.com\/index.php\/wp-json\/wp\/v2\/media?parent=200"}],"curies":[{"name":"wp","href":"https:\/\/api.w.org\/{rel}","templated":true}]}}