{"id":202,"date":"2026-01-07T11:17:12","date_gmt":"2026-01-07T11:17:12","guid":{"rendered":"https:\/\/prepacanarias.com\/?page_id=202"},"modified":"2026-01-09T10:18:20","modified_gmt":"2026-01-09T10:18:20","slug":"educacion-social","status":"publish","type":"page","link":"https:\/\/prepacanarias.com\/index.php\/educacion-social\/","title":{"rendered":"Educaci\u00f3n Social"},"content":{"rendered":"\n\n\t<section class=\"section dark\" id=\"section_17998777\">\n\t\t<div class=\"section-bg fill\" >\n\t\t\t<img loading=\"lazy\" decoding=\"async\" width=\"2000\" height=\"1333\" src=\"https:\/\/prepacanarias.com\/wp-content\/uploads\/2026\/01\/2147659175.jpg\" class=\"bg attachment-2048x2048 size-2048x2048\" alt=\"\" \/>\t\t\t\t\t\t<div class=\"section-bg-overlay absolute fill\"><\/div>\n\t\t\t\n\n\t\t<\/div>\n\n\t\t\n\t<div class=\"ux-shape-divider ux-shape-divider--bottom ux-shape-divider--style-triangle-invert\">\n\t\t<svg viewBox=\"0 0 1000 100\" xmlns=\"http:\/\/www.w3.org\/2000\/svg\" preserveAspectRatio=\"none\">\n\t<path class=\"ux-shape-fill\" d=\"M500 95.6L0 0V100H1000V0L500 95.6Z\"\/>\n<\/svg>\n\t<\/div>\n\n\t\t<div class=\"section-content relative\">\n\t\t\t\n\n<div class=\"row\"  id=\"row-1730069680\">\n\n\n\t<div id=\"col-1756827894\" class=\"col medium-7 small-12 large-10\"  >\n\t\t\t\t<div class=\"col-inner\"  >\n\t\t\t\n\t\t\t\n\n\t<div id=\"text-4189649376\" class=\"text\">\n\t\t\n\n<h1><span style=\"font-size: 250%;\">Preparaci\u00f3n de oposiciones online en Educaci\u00f3n Social (Canarias)<\/span><\/h1>\n\t\t\n<style>\n#text-4189649376 {\n  font-size: 0.75rem;\n}\n<\/style>\n\t<\/div>\n\t\n\n\t\t<\/div>\n\t\t\t\t\t<\/div>\n\n\t\n\n<\/div>\n\n\t\t<\/div>\n\n\t\t\n<style>\n#section_17998777 {\n  padding-top: 100px;\n  padding-bottom: 100px;\n}\n#section_17998777 .section-bg-overlay {\n  background-color: rgba(23, 76, 148, 0.453);\n}\n#section_17998777 .section-bg img {\n  object-position: 72% 55%;\n}\n#section_17998777 .ux-shape-divider--bottom svg {\n  height: 90px;\n  --divider-width: 100%;\n}\n#section_17998777 .ux-shape-divider--bottom .ux-shape-fill {\n  fill: #174c94;\n}\n@media (min-width:550px) {\n  #section_17998777 {\n    padding-top: 140px;\n    padding-bottom: 140px;\n  }\n}\n@media (min-width:850px) {\n  #section_17998777 {\n    padding-top: 180px;\n    padding-bottom: 180px;\n  }\n}\n<\/style>\n\t<\/section>\n\t\n\n\t<section class=\"section dark\" id=\"section_86317838\">\n\t\t<div class=\"section-bg fill\" >\n\t\t\t\t\t\t\t\t\t\n\t\t\t\n\n\t\t<\/div>\n\n\t\t\n\t<div class=\"ux-shape-divider ux-shape-divider--bottom ux-shape-divider--style-triangle-invert\">\n\t\t<svg viewBox=\"0 0 1000 100\" xmlns=\"http:\/\/www.w3.org\/2000\/svg\" preserveAspectRatio=\"none\">\n\t<path class=\"ux-shape-fill\" d=\"M500 95.6L0 0V100H1000V0L500 95.6Z\"\/>\n<\/svg>\n\t<\/div>\n\n\t\t<div class=\"section-content relative\">\n\t\t\t\n\n\t<div id=\"gap-819131907\" class=\"gap-element clearfix\" style=\"display:block; height:auto;\">\n\t\t\n<style>\n#gap-819131907 {\n  padding-top: 60px;\n}\n<\/style>\n\t<\/div>\n\t\n\n<div class=\"row row-collapse row-full-width align-middle\"  id=\"row-1111506614\">\n\n\n\t<div id=\"col-936453353\" class=\"col medium-6 small-12 large-6\"  >\n\t\t\t\t<div class=\"col-inner\"  >\n\t\t\t\n\t\t\t\n\n<div class=\"row row-collapse align-center\"  id=\"row-2086744061\">\n\n\n\t<div id=\"col-1012848805\" class=\"col medium-8 small-10 large-6\"  >\n\t\t\t\t<div class=\"col-inner\"  >\n\t\t\t\n\t\t\t\n\n\t<div id=\"text-326291219\" class=\"text\">\n\t\t\n\n<h3>Pr\u00f3ximamente habr\u00e1n cursos disponibles<\/h3>\n\t\t\n<style>\n#text-326291219 {\n  text-align: center;\n}\n<\/style>\n\t<\/div>\n\t\n<div class=\"text-center\"><div class=\"is-divider divider clearfix\" style=\"max-width:60px;height:1px;background-color:rgb(255, 255, 255);\"><\/div><\/div>\n\n\n\n\n\t\t<\/div>\n\t\t\t\t\t<\/div>\n\n\t\n\n\n<style>\n#row-2086744061 > .col > .col-inner {\n  padding: 50px 0px 50px 0px;\n}\n<\/style>\n<\/div>\n\n\t\t<\/div>\n\t\t\t\t\t<\/div>\n\n\t\n\n\t<div id=\"col-592152744\" class=\"col medium-5 small-12 large-5 small-col-first\"  >\n\t\t\t\t<div class=\"col-inner\" style=\"background-color:rgb(255,255,255);\" >\n\t\t\t\n\t\t\t\n\n\t<div id=\"text-1698610993\" class=\"text\">\n\t\t\n\n<h2 class=\"western\">Preparaci\u00f3n de oposiciones online en Educaci\u00f3n Social (Canarias)<\/h2>\n\t\t\n<style>\n#text-1698610993 {\n  color: rgb(0,0,0);\n}\n#text-1698610993 > * {\n  color: rgb(0,0,0);\n}\n<\/style>\n\t<\/div>\n\t\n\t<div id=\"text-935110943\" class=\"text\">\n\t\t\n\n<p class=\"western\"><span class=\"fancy-underline\">\u00c1mbitos habituales de oposici\u00f3n:<\/span><\/p>\n<p class=\"western\">\u2022 Administraci\u00f3n Auton\u00f3mica<br \/>\u2022 Corporaciones Locales<br \/>\u2022 Cabildos Insulares<\/p>\n<p class=\"western\"><span class=\"fancy-underline\">Incluye:<\/span><\/p>\n<p class=\"western\">\u2022 Temario actualizado conforme a normativa vigente<br \/>\u2022 Supuestos pr\u00e1cticos vinculados a intervenci\u00f3n socioeducativa p\u00fablica<br \/>\u2022 Simulacros de examen<br \/>\u2022 Orientaci\u00f3n metodol\u00f3gica y organizaci\u00f3n del estudio<br \/>\u2022 Tutor\u00edas y seguimiento continuo<br \/>\u2022 Acceso a plataforma virtual de aprendizaje<br \/><br \/><\/p>\n\t\t\n<style>\n#text-935110943 {\n  color: rgb(0,0,0);\n}\n#text-935110943 > * {\n  color: rgb(0,0,0);\n}\n<\/style>\n\t<\/div>\n\t\n<a href=\"https:\/\/prepacanarias.com\/index.php\/contacto\/\" class=\"button primary\" style=\"border-radius:5px;\">\n\t\t<span>Solicitar informaci\u00f3n Educaci\u00f3n Social<\/span>\n\t<\/a>\n\n\n\n\t\t<\/div>\n\t\t\t\t\n<style>\n#col-592152744 > .col-inner {\n  padding: 30px 30px 30px 30px;\n  margin: 0px 0px 0px 0px;\n  border-radius: 10px;\n}\n<\/style>\n\t<\/div>\n\n\t\n\n<\/div>\n\t<div id=\"gap-455832829\" class=\"gap-element clearfix\" style=\"display:block; height:auto;\">\n\t\t\n<style>\n#gap-455832829 {\n  padding-top: 70px;\n}\n<\/style>\n\t<\/div>\n\t\n\n\n\t\t<\/div>\n\n\t\t\n<style>\n#section_86317838 {\n  padding-top: 0px;\n  padding-bottom: 0px;\n  background-color: #174c94;\n}\n#section_86317838 .ux-shape-divider--bottom svg {\n  height: 30px;\n  --divider-width: 100%;\n}\n<\/style>\n\t<\/section>\n\t\n\n","protected":false},"excerpt":{"rendered":"","protected":false},"author":1,"featured_media":0,"parent":0,"menu_order":0,"comment_status":"closed","ping_status":"closed","template":"page-blank.php","meta":{"footnotes":""},"class_list":["post-202","page","type-page","status-publish","hentry"],"_links":{"self":[{"href":"https:\/\/prepacanarias.com\/index.php\/wp-json\/wp\/v2\/pages\/202","targetHints":{"allow":["GET"]}}],"collection":[{"href":"https:\/\/prepacanarias.com\/index.php\/wp-json\/wp\/v2\/pages"}],"about":[{"href":"https:\/\/prepacanarias.com\/index.php\/wp-json\/wp\/v2\/types\/page"}],"author":[{"embeddable":true,"href":"https:\/\/prepacanarias.com\/index.php\/wp-json\/wp\/v2\/users\/1"}],"replies":[{"embeddable":true,"href":"https:\/\/prepacanarias.com\/index.php\/wp-json\/wp\/v2\/comments?post=202"}],"version-history":[{"count":4,"href":"https:\/\/prepacanarias.com\/index.php\/wp-json\/wp\/v2\/pages\/202\/revisions"}],"predecessor-version":[{"id":239,"href":"https:\/\/prepacanarias.com\/index.php\/wp-json\/wp\/v2\/pages\/202\/revisions\/239"}],"wp:attachment":[{"href":"https:\/\/prepacanarias.com\/index.php\/wp-json\/wp\/v2\/media?parent=202"}],"curies":[{"name":"wp","href":"https:\/\/api.w.org\/{rel}","templated":true}]}}