{"id":32,"date":"2025-12-31T11:38:56","date_gmt":"2025-12-31T11:38:56","guid":{"rendered":"https:\/\/prepacanarias.com\/?page_id=32"},"modified":"2026-01-15T18:11:23","modified_gmt":"2026-01-15T18:11:23","slug":"cursos","status":"publish","type":"page","link":"https:\/\/prepacanarias.com\/index.php\/cursos\/","title":{"rendered":"Cursos"},"content":{"rendered":"\n\n\t<section class=\"section dark\" id=\"section_1823090319\">\n\t\t<div class=\"section-bg fill\" >\n\t\t\t<img loading=\"lazy\" decoding=\"async\" width=\"1536\" height=\"1024\" src=\"https:\/\/prepacanarias.com\/wp-content\/uploads\/2026\/01\/1240-1536x1024.jpg\" class=\"bg attachment-1536x1536 size-1536x1536\" alt=\"\" \/>\t\t\t\t\t\t<div class=\"section-bg-overlay absolute fill\"><\/div>\n\t\t\t\n\n\t\t<\/div>\n\n\t\t\n\t<div class=\"ux-shape-divider ux-shape-divider--bottom ux-shape-divider--style-triangle-invert\">\n\t\t<svg viewBox=\"0 0 1000 100\" xmlns=\"http:\/\/www.w3.org\/2000\/svg\" preserveAspectRatio=\"none\">\n\t<path class=\"ux-shape-fill\" d=\"M500 95.6L0 0V100H1000V0L500 95.6Z\"\/>\n<\/svg>\n\t<\/div>\n\n\t\t<div class=\"section-content relative\">\n\t\t\t\n\n<div class=\"row\"  id=\"row-1706496983\">\n\n\n\t<div id=\"col-716363160\" class=\"col medium-7 small-9 large-10\"  >\n\t\t\t\t<div class=\"col-inner\"  >\n\t\t\t\n\t\t\t\n\n\t<div id=\"text-4219732230\" class=\"text\">\n\t\t\n\n<h1><span style=\"font-size: 250%;\">CURSOS<\/span><\/h1>\n\t\t\n<style>\n#text-4219732230 {\n  font-size: 0.75rem;\n}\n<\/style>\n\t<\/div>\n\t\n\n\t\t<\/div>\n\t\t\t\t\t<\/div>\n\n\t\n\n<\/div>\n\n\t\t<\/div>\n\n\t\t\n<style>\n#section_1823090319 {\n  padding-top: 100px;\n  padding-bottom: 100px;\n}\n#section_1823090319 .section-bg-overlay {\n  background-color: rgba(23, 76, 148, 0.453);\n}\n#section_1823090319 .section-bg img {\n  object-position: 22% 56%;\n}\n#section_1823090319 .ux-shape-divider--bottom svg {\n  height: 90px;\n  --divider-width: 100%;\n}\n@media (min-width:550px) {\n  #section_1823090319 {\n    padding-top: 140px;\n    padding-bottom: 140px;\n  }\n}\n@media (min-width:850px) {\n  #section_1823090319 {\n    padding-top: 180px;\n    padding-bottom: 180px;\n  }\n}\n<\/style>\n\t<\/section>\n\t\n\n\t<section class=\"section\" id=\"section_1184301077\">\n\t\t<div class=\"section-bg fill\" >\n\t\t\t\t\t\t\t\t\t\n\t\t\t\n\n\t\t<\/div>\n\n\t\t\n\n\t\t<div class=\"section-content relative\">\n\t\t\t\n\n<div class=\"row\" style=\"max-width:1200px\" id=\"row-1152326914\">\n\n\n\t<div id=\"col-108898562\" class=\"col medium-5 small-12 large-5\"  >\n\t\t\t\t<div class=\"col-inner\"  >\n\t\t\t\n\t\t\t\n\n\t<div id=\"gap-2121097654\" class=\"gap-element clearfix\" style=\"display:block; height:auto;\">\n\t\t\n<style>\n#gap-2121097654 {\n  padding-top: 0px;\n}\n@media (min-width:850px) {\n  #gap-2121097654 {\n    padding-top: 30px;\n  }\n}\n<\/style>\n\t<\/div>\n\t\n\n\n\t\t<\/div>\n\t\t\t\t\t<\/div>\n\n\t\n\n\t<div id=\"col-135743361\" class=\"col medium-12 small-12 large-7\"  data-animate=\"fadeInUp\">\n\t\t\t\t<div class=\"col-inner\"  >\n\t\t\t\n\t\t\t\n\n\t<div id=\"gap-887410525\" class=\"gap-element clearfix\" style=\"display:block; height:auto;\">\n\t\t\n<style>\n#gap-887410525 {\n  padding-top: 30px;\n}\n<\/style>\n\t<\/div>\n\t\n\n\t<div id=\"text-2243605550\" class=\"text\">\n\t\t\n\n<h6>Trabajo Social \u00b7 Psicolog\u00eda \u00b7 Educaci\u00f3n Social<\/h6>\n\t\t\n<style>\n#text-2243605550 {\n  font-size: 0.85rem;\n}\n@media (min-width:550px) {\n  #text-2243605550 {\n    font-size: 1.25rem;\n  }\n}\n<\/style>\n\t<\/div>\n\t\n\t<div id=\"text-1281581388\" class=\"text\">\n\t\t\n\n<h1>CURSOS DE PREPARACI\u00d3N DE OPOSICIONES ONLINE<\/h1>\n\t\t\n<style>\n#text-1281581388 {\n  font-size: 1.3rem;\n}\n@media (min-width:550px) {\n  #text-1281581388 {\n    font-size: 1.7rem;\n  }\n}\n<\/style>\n\t<\/div>\n\t\n\n\t\t<\/div>\n\t\t\t\t\n<style>\n#col-135743361 > .col-inner {\n  padding: 0px 0px 0px 0;\n}\n@media (min-width:550px) {\n  #col-135743361 > .col-inner {\n    padding: 0px 0px 0px 30px;\n  }\n}\n<\/style>\n\t<\/div>\n\n\t\n\n<\/div>\n\n\t\t<\/div>\n\n\t\t\n<style>\n#section_1184301077 {\n  padding-top: 30px;\n  padding-bottom: 30px;\n  min-height: 300px;\n}\n@media (min-width:550px) {\n  #section_1184301077 {\n    min-height: 450px;\n  }\n}\n@media (min-width:850px) {\n  #section_1184301077 {\n    min-height: 500px;\n  }\n}\n<\/style>\n\t<\/section>\n\t\n<div class=\"row\" style=\"max-width:1200px\" id=\"row-576748403\">\n\n\n\t<div id=\"col-1960147598\" class=\"col medium-12 small-12 large-5\"  >\n\t\t\t\t<div class=\"col-inner\"  >\n\t\t\t\n\t\t\t\n\n\n  <div class=\"banner has-hover\" id=\"banner-915032750\">\n          <div class=\"banner-inner fill\">\n        <div class=\"banner-bg fill\" >\n            <img loading=\"lazy\" decoding=\"async\" width=\"683\" height=\"1024\" src=\"https:\/\/prepacanarias.com\/wp-content\/uploads\/2026\/01\/2148690613-683x1024.jpg\" class=\"bg attachment-large size-large\" alt=\"\" \/>                                    \n                    <\/div>\n\t\t\n        <div class=\"banner-layers container\">\n            <div class=\"fill banner-link\"><\/div>            \n\n   <div id=\"text-box-474436870\" class=\"text-box banner-layer x50 md-x50 lg-x50 y50 md-y50 lg-y50 res-text\">\n                                <div class=\"text-box-content text dark\">\n              \n              <div class=\"text-inner text-center\">\n                  \n\n\n              <\/div>\n           <\/div>\n                            \n<style>\n#text-box-474436870 {\n  width: 60%;\n}\n#text-box-474436870 .text-box-content {\n  font-size: 100%;\n}\n@media (min-width:550px) {\n  #text-box-474436870 {\n    width: 60%;\n  }\n}\n<\/style>\n    <\/div>\n \n\n        <\/div>\n      <\/div>\n\n            \n<style>\n#banner-915032750 {\n  padding-top: 300px;\n  background-color: rgb(255, 255, 255);\n}\n@media (min-width:550px) {\n  #banner-915032750 {\n    padding-top: 500px;\n  }\n}\n@media (min-width:850px) {\n  #banner-915032750 {\n    padding-top: 650px;\n  }\n}\n<\/style>\n  <\/div>\n\n\n\t<div id=\"gap-1797456051\" class=\"gap-element clearfix\" style=\"display:block; height:auto;\">\n\t\t\n<style>\n#gap-1797456051 {\n  padding-top: 0px;\n}\n@media (min-width:850px) {\n  #gap-1797456051 {\n    padding-top: 100px;\n  }\n}\n<\/style>\n\t<\/div>\n\t\n\n\n\t\t<\/div>\n\t\t\t\t\n<style>\n#col-1960147598 > .col-inner {\n  margin: -100px 0px 0px 0px;\n}\n@media (min-width:550px) {\n  #col-1960147598 > .col-inner {\n    margin: -150px 0px 0px 0px;\n  }\n}\n@media (min-width:850px) {\n  #col-1960147598 > .col-inner {\n    margin: -400px 0px 0px 0px;\n  }\n}\n<\/style>\n\t<\/div>\n\n\t\n\n\t<div id=\"col-655267979\" class=\"col medium-11 small-12 large-7\"  >\n\t\t\t\t<div class=\"col-inner\"  >\n\t\t\t\n\t\t\t\n\n\t<div id=\"gap-1436591166\" class=\"gap-element clearfix\" style=\"display:block; height:auto;\">\n\t\t\n<style>\n#gap-1436591166 {\n  padding-top: 30px;\n}\n<\/style>\n\t<\/div>\n\t\n\n<p class=\"western\">En <b>Prepacanarias SL<\/b> ofrecemos formaci\u00f3n especializada para la preparaci\u00f3n de oposiciones en el \u00e1mbito social y socioeducativo en Canarias, dirigida a profesionales que aspiran a incorporarse a la Administraci\u00f3n P\u00fablica.<\/p>\n<p class=\"western\">Nuestra preparaci\u00f3n se basa en la <b>experiencia real en el sector p\u00fablico<\/b>, el conocimiento actualizado de las convocatorias y una metodolog\u00eda orientada a resultados.<\/p>\n<a href=\"https:\/\/prepacanarias.com\/index.php\/contacto\/\" class=\"button secondary is-underline\" >\n\t\t<span>Contactar<\/span>\n\t<\/a>\n\n\n\n\t\t<\/div>\n\t\t\t\t\n<style>\n#col-655267979 > .col-inner {\n  padding: 0px 0px 0px 0;\n}\n@media (min-width:550px) {\n  #col-655267979 > .col-inner {\n    padding: 0px 0px 0px 30px;\n  }\n}\n<\/style>\n\t<\/div>\n\n\t\n\n<\/div>\n\n\t<section class=\"section dark\" id=\"section_1464009739\">\n\t\t<div class=\"section-bg fill\" >\n\t\t\t\t\t\t\t\t\t\n\t\t\t\n\n\t\t<\/div>\n\n\t\t\n\n\t\t<div class=\"section-content relative\">\n\t\t\t\n\n<div class=\"row align-bottom\" style=\"max-width:1200px\" id=\"row-1745188754\">\n\n\n\t<div id=\"col-757289288\" class=\"col medium-12 small-12 large-6\"  data-animate=\"fadeInUp\">\n\t\t\t\t<div class=\"col-inner\"  >\n\t\t\t\n\t\t\t\n\n\t<div id=\"text-2662177390\" class=\"text\">\n\t\t\n\n<h6>Empieza hoy tu camino hacia tu plaza<\/h6>\n\t\t\n<style>\n#text-2662177390 {\n  font-size: 0.85rem;\n  text-align: left;\n}\n@media (min-width:550px) {\n  #text-2662177390 {\n    font-size: 1.1rem;\n  }\n}\n<\/style>\n\t<\/div>\n\t\n\t<div id=\"text-3375360116\" class=\"text\">\n\t\t\n\n<h2>Resolvemos tus dudas y te ayudamos a elegir la preparaci\u00f3n que mejor se adapta a ti.<\/h><\/p>\n\t\t\n<style>\n#text-3375360116 {\n  font-size: 1.25rem;\n}\n@media (min-width:550px) {\n  #text-3375360116 {\n    font-size: 1.1rem;\n  }\n}\n<\/style>\n\t<\/div>\n\t\n\n\t\t<\/div>\n\t\t\t\t\t<\/div>\n\n\t\n\n\t<div id=\"col-679185491\" class=\"col medium-12 small-12 large-6\"  >\n\t\t\t\t<div class=\"col-inner\"  >\n\t\t\t\n\t\t\t\n\n<a href=\"https:\/\/prepacanarias.com\/index.php\/contacto\/\" class=\"button white reveal-icon expand\" style=\"border-radius:5px;padding:5px 0px 5px 0px;\">\n\t\t<span>Contactar ahora<\/span>\n\t<i class=\"icon-angle-right\" aria-hidden=\"true\"><\/i><\/a>\n\n\n\n\t\t<\/div>\n\t\t\t\t\n<style>\n#col-679185491 > .col-inner {\n  padding: 0px 0px 0px 0;\n  margin: 0 0px 0px 0px;\n}\n@media (min-width:850px) {\n  #col-679185491 > .col-inner {\n    padding: 0px 0px 0px 30px;\n    margin: -70px 0px 0px 0px;\n  }\n}\n<\/style>\n\t<\/div>\n\n\t\n\n<\/div>\n\t<div id=\"gap-1057185326\" class=\"gap-element clearfix\" style=\"display:block; height:auto;\">\n\t\t\n<style>\n#gap-1057185326 {\n  padding-top: 50px;\n}\n<\/style>\n\t<\/div>\n\t\n\n\n\t\t<\/div>\n\n\t\t\n<style>\n#section_1464009739 {\n  padding-top: 80px;\n  padding-bottom: 80px;\n  background-color: #174c94;\n}\n<\/style>\n\t<\/section>\n\t\n\n\t<section class=\"section\" id=\"section_1493837383\">\n\t\t<div class=\"section-bg fill\" >\n\t\t\t\t\t\t\t\t\t\n\t\t\t\n\n\t\t<\/div>\n\n\t\t\n\n\t\t<div class=\"section-content relative\">\n\t\t\t\n\n<div class=\"row\" style=\"max-width:1200px\" id=\"row-1311591878\">\n\n\n\t<div id=\"col-884805169\" class=\"col small-12 large-12\"  >\n\t\t\t\t<div class=\"col-inner\"  >\n\t\t\t\n\t\t\t\n\n\n  <div class=\"banner has-hover\" id=\"banner-469854570\">\n          <div class=\"banner-inner fill\">\n        <div class=\"banner-bg fill\" >\n            <img loading=\"lazy\" decoding=\"async\" width=\"1500\" height=\"1000\" src=\"https:\/\/prepacanarias.com\/wp-content\/uploads\/2026\/01\/9639.jpg\" class=\"bg attachment-1536x1536 size-1536x1536\" alt=\"\" \/>                                    \n                    <\/div>\n\t\t\n        <div class=\"banner-layers container\">\n            <div class=\"fill banner-link\"><\/div>            \n\n   <div id=\"text-box-528200781\" class=\"text-box banner-layer x50 md-x50 lg-x50 y50 md-y50 lg-y50 res-text\">\n                                <div class=\"text-box-content text dark\">\n              \n              <div class=\"text-inner text-center\">\n                  \n\n\n              <\/div>\n           <\/div>\n                            \n<style>\n#text-box-528200781 {\n  width: 60%;\n}\n#text-box-528200781 .text-box-content {\n  font-size: 100%;\n}\n@media (min-width:550px) {\n  #text-box-528200781 {\n    width: 60%;\n  }\n}\n<\/style>\n    <\/div>\n \n\n        <\/div>\n      <\/div>\n\n            \n<style>\n#banner-469854570 {\n  padding-top: 200px;\n  background-color: rgb(255, 255, 255);\n}\n@media (min-width:550px) {\n  #banner-469854570 {\n    padding-top: 350px;\n  }\n}\n@media (min-width:850px) {\n  #banner-469854570 {\n    padding-top: 400px;\n  }\n}\n<\/style>\n  <\/div>\n\n\n\n\t\t<\/div>\n\t\t\t\t\n<style>\n#col-884805169 > .col-inner {\n  margin: -120px 0px 0px 0px;\n}\n<\/style>\n\t<\/div>\n\n\t\n\n<\/div>\n\n\t\t<\/div>\n\n\t\t\n<style>\n#section_1493837383 {\n  padding-top: 30px;\n  padding-bottom: 30px;\n}\n<\/style>\n\t<\/section>\n\t\n\n\t<section class=\"section\" id=\"section_800079802\">\n\t\t<div class=\"section-bg fill\" >\n\t\t\t\t\t\t\t\t\t\n\t\t\t\n\n\t\t<\/div>\n\n\t\t\n\n\t\t<div class=\"section-content relative\">\n\t\t\t\n\n<div class=\"row align-center\" style=\"max-width:1200px\" id=\"row-683516662\">\n\n\n\t<div id=\"col-251176869\" class=\"col medium-8 small-12 large-8\"  >\n\t\t\t\t<div class=\"col-inner\"  >\n\t\t\t\n\t\t\t\n\n\t<div id=\"text-1503385396\" class=\"text\">\n\t\t\n\n<h6>Todo lo que necesitas para aprobar, online<\/h6>\n\t\t\n<style>\n#text-1503385396 {\n  font-size: 0.85rem;\n  text-align: center;\n}\n@media (min-width:550px) {\n  #text-1503385396 {\n    font-size: 1.1rem;\n  }\n}\n<\/style>\n\t<\/div>\n\t\n\t<div id=\"text-733071215\" class=\"text\">\n\t\t\n\n<h1>Preparaci\u00f3n de Oposiciones Online<\/h1>\n\t\t\n<style>\n#text-733071215 {\n  font-size: 1.35rem;\n  text-align: center;\n}\n@media (min-width:550px) {\n  #text-733071215 {\n    font-size: 1.75rem;\n  }\n}\n<\/style>\n\t<\/div>\n\t\n\t<div id=\"gap-599980665\" class=\"gap-element clearfix\" style=\"display:block; height:auto;\">\n\t\t\n<style>\n#gap-599980665 {\n  padding-top: 30px;\n}\n<\/style>\n\t<\/div>\n\t\n\n\n\t\t<\/div>\n\t\t\t\t\t<\/div>\n\n\t\n\n<\/div>\n<div class=\"row row-large align-equal\" style=\"max-width:1400px\" id=\"row-234355366\">\n\n\n\t<div id=\"col-1592195568\" class=\"col medium-12 small-12 large-4\"  data-animate=\"fadeInUp\">\n\t\t\t\t<div class=\"col-inner dark\" style=\"background-color:#174c94;\" >\n\t\t\t\n\t\t\t\n\n\t<div id=\"text-465658867\" class=\"text\">\n\t\t\n\n<h2>Trabajo Social<\/h2>\n\t\t\n<style>\n#text-465658867 {\n  font-size: 1.1rem;\n  text-align: center;\n}\n<\/style>\n\t<\/div>\n\t\n<div class=\"text-center\"><div class=\"is-divider divider clearfix\" style=\"max-width:60px;height:1px;background-color:rgb(255, 255, 255);\"><\/div><\/div>\n\n\t<div id=\"text-2284165091\" class=\"text\">\n\t\t\n\n<h4 class=\"western\">Formaci\u00f3n espec\u00edfica para oposiciones de <b>Trabajo Social<\/b> en:<\/h4>\n\t\t\n<style>\n#text-2284165091 {\n  font-size: 0.95rem;\n  line-height: 1.1;\n  text-align: center;\n}\n<\/style>\n\t<\/div>\n\t\n\t<div id=\"gap-38477773\" class=\"gap-element clearfix\" style=\"display:block; height:auto;\">\n\t\t\n<style>\n#gap-38477773 {\n  padding-top: 15px;\n}\n<\/style>\n\t<\/div>\n\t\n\n\t<div id=\"text-3270149879\" class=\"text\">\n\t\t\n\n<p>Administraci\u00f3n Auton\u00f3mica<br \/>Servicios Sanitarios<br \/>Ayuntamientos<br \/>Cabildos Insulares<\/p>\n\t\t\n<style>\n#text-3270149879 {\n  font-size: 0.95rem;\n  line-height: 1.4;\n  text-align: center;\n}\n<\/style>\n\t<\/div>\n\t\n\t<div id=\"gap-552539337\" class=\"gap-element clearfix\" style=\"display:block; height:auto;\">\n\t\t\n<style>\n#gap-552539337 {\n  padding-top: 15px;\n}\n<\/style>\n\t<\/div>\n\t\n\n\t<div id=\"text-1176852224\" class=\"text\">\n\t\t\n\n<p class=\"western\"><strong>Dirigido a personas que inician su preparaci\u00f3n y a opositores con experiencia previa que desean reforzar su estrategia y consolidar conocimientos.<\/strong><\/p>\n\t\t\n<style>\n#text-1176852224 {\n  font-size: 0.95rem;\n  line-height: 1.4;\n  text-align: center;\n}\n<\/style>\n\t<\/div>\n\t\n\t<div id=\"gap-1645887748\" class=\"gap-element clearfix\" style=\"display:block; height:auto;\">\n\t\t\n<style>\n#gap-1645887748 {\n  padding-top: 15px;\n}\n<\/style>\n\t<\/div>\n\t\n\n<a href=\"https:\/\/prepacanarias.com\/index.php\/trabajo-social\/\" class=\"button white is-outline expand\" style=\"border-radius:5px;padding:5px 0px 5px 0px;\">\n\t\t<span>Ver m\u00e1s<\/span>\n\t<\/a>\n\n\n\n\t\t<\/div>\n\t\t\t\t\n<style>\n#col-1592195568 > .col-inner {\n  padding: 40px 15px 40px 15px;\n  border-radius: 10px;\n}\n<\/style>\n\t<\/div>\n\n\t\n\n\t<div id=\"col-1354760020\" class=\"col medium-12 small-12 large-4\"  data-animate=\"fadeInUp\">\n\t\t\t\t<div class=\"col-inner dark\" style=\"background-color:#f9be09;\" >\n\t\t\t\n\t\t\t\n\n\t<div id=\"text-1972473973\" class=\"text\">\n\t\t\n\n<h2>Psicolog\u00eda<\/h2>\n\t\t\n<style>\n#text-1972473973 {\n  font-size: 1.1rem;\n  text-align: center;\n}\n<\/style>\n\t<\/div>\n\t\n<div class=\"text-center\"><div class=\"is-divider divider clearfix\" style=\"max-width:60px;height:1px;background-color:rgb(255, 255, 255);\"><\/div><\/div>\n\n\t<div id=\"text-4231952768\" class=\"text\">\n\t\t\n\n<h4 class=\"western\">Preparaci\u00f3n especializada para oposiciones de Psicolog\u00eda en el \u00e1mbito p\u00fablico, con especial atenci\u00f3n a los procesos selectivos en:<\/h4>\n\t\t\n<style>\n#text-4231952768 {\n  font-size: 0.95rem;\n  line-height: 1.1;\n  text-align: center;\n}\n<\/style>\n\t<\/div>\n\t\n\t<div id=\"gap-338944921\" class=\"gap-element clearfix\" style=\"display:block; height:auto;\">\n\t\t\n<style>\n#gap-338944921 {\n  padding-top: 15px;\n}\n<\/style>\n\t<\/div>\n\t\n\n\t<div id=\"text-2737403588\" class=\"text\">\n\t\t\n\n<p class=\"western\">Administraci\u00f3n Auton\u00f3mica<br \/>Servicios Sanitarios<br \/>Ayuntamientos<br \/>Cabildos Insulares<\/p>\n\t\t\n<style>\n#text-2737403588 {\n  font-size: 0.95rem;\n  line-height: 1.4;\n  text-align: center;\n  color: rgb(255,255,255);\n}\n#text-2737403588 > * {\n  color: rgb(255,255,255);\n}\n<\/style>\n\t<\/div>\n\t\n\t<div id=\"gap-2121340981\" class=\"gap-element clearfix\" style=\"display:block; height:auto;\">\n\t\t\n<style>\n#gap-2121340981 {\n  padding-top: 15px;\n}\n<\/style>\n\t<\/div>\n\t\n\n\t<div id=\"text-982700865\" class=\"text\">\n\t\t\n\n<p class=\"western\"><strong>La formaci\u00f3n se orienta a una comprensi\u00f3n aplicada de los contenidos, alineada con la pr\u00e1ctica profesional dentro de la Administraci\u00f3n.<\/strong><\/p>\n\t\t\n<style>\n#text-982700865 {\n  font-size: 0.95rem;\n  line-height: 1.4;\n  text-align: center;\n  color: rgb(255,255,255);\n}\n#text-982700865 > * {\n  color: rgb(255,255,255);\n}\n<\/style>\n\t<\/div>\n\t\n\t<div id=\"gap-408959499\" class=\"gap-element clearfix\" style=\"display:block; height:auto;\">\n\t\t\n<style>\n#gap-408959499 {\n  padding-top: 15px;\n}\n<\/style>\n\t<\/div>\n\t\n\n<a href=\"https:\/\/prepacanarias.com\/index.php\/psicologia\/\" class=\"button white expand\" style=\"border-radius:5px;padding:5px 0px 5px 0px;\">\n\t\t<span>Ver m\u00e1s<\/span>\n\t<\/a>\n\n\n\n\t\t<\/div>\n\t\t\t\t\n<style>\n#col-1354760020 > .col-inner {\n  padding: 40px 15px 40px 15px;\n  border-radius: 10px;\n}\n<\/style>\n\t<\/div>\n\n\t\n\n\t<div id=\"col-962131215\" class=\"col medium-12 small-12 large-4\"  data-animate=\"fadeInUp\">\n\t\t\t\t<div class=\"col-inner dark\" style=\"background-color:#174c94;\" >\n\t\t\t\n\t\t\t\n\n\t<div id=\"text-315934149\" class=\"text\">\n\t\t\n\n<h2>Educaci\u00f3n Social<\/h2>\n\t\t\n<style>\n#text-315934149 {\n  font-size: 1.1rem;\n  text-align: center;\n}\n<\/style>\n\t<\/div>\n\t\n<div class=\"text-center\"><div class=\"is-divider divider clearfix\" style=\"max-width:60px;height:1px;background-color:rgb(255, 255, 255);\"><\/div><\/div>\n\n\t<div id=\"text-3374934721\" class=\"text\">\n\t\t\n\n<h4 class=\"western\">Formaci\u00f3n dirigida a oposiciones de Educaci\u00f3n Social, enfocada a procesos selectivos en:<\/h4>\n\t\t\n<style>\n#text-3374934721 {\n  font-size: 0.95rem;\n  line-height: 1.1;\n  text-align: center;\n}\n<\/style>\n\t<\/div>\n\t\n\t<div id=\"gap-1708893317\" class=\"gap-element clearfix\" style=\"display:block; height:auto;\">\n\t\t\n<style>\n#gap-1708893317 {\n  padding-top: 15px;\n}\n<\/style>\n\t<\/div>\n\t\n\n\t<div id=\"text-4146521760\" class=\"text\">\n\t\t\n\n<p class=\"western\">Administraci\u00f3n Auton\u00f3mica<br \/><span style=\"font-size: 14.4px;\">Corporaciones Locales<br \/><\/span><span style=\"font-size: 14.4px;\">Cabildos Insulares<\/span><\/p>\n\t\t\n<style>\n#text-4146521760 {\n  font-size: 0.95rem;\n  line-height: 1.4;\n  text-align: center;\n}\n<\/style>\n\t<\/div>\n\t\n\t<div id=\"gap-352700549\" class=\"gap-element clearfix\" style=\"display:block; height:auto;\">\n\t\t\n<style>\n#gap-352700549 {\n  padding-top: 15px;\n}\n<\/style>\n\t<\/div>\n\t\n\n\t<div id=\"text-1458890691\" class=\"text\">\n\t\t\n\n<p class=\"western\"><strong>Especialmente indicada para quienes buscan una preparaci\u00f3n realista, aplicada y coherente con el ejercicio profesional en el sector p\u00fablico.<\/strong><\/p>\n\t\t\n<style>\n#text-1458890691 {\n  font-size: 0.95rem;\n  line-height: 1.4;\n  text-align: center;\n}\n<\/style>\n\t<\/div>\n\t\n\t<div id=\"gap-1579985030\" class=\"gap-element clearfix\" style=\"display:block; height:auto;\">\n\t\t\n<style>\n#gap-1579985030 {\n  padding-top: 15px;\n}\n<\/style>\n\t<\/div>\n\t\n\n<a href=\"https:\/\/prepacanarias.com\/index.php\/educacion-social\/\" class=\"button white is-outline expand\" style=\"border-radius:5px;padding:5px 0px 5px 0px;\">\n\t\t<span>Ver m\u00e1s<\/span>\n\t<\/a>\n\n\n\n\t\t<\/div>\n\t\t\t\t\n<style>\n#col-962131215 > .col-inner {\n  padding: 40px 15px 40px 15px;\n  border-radius: 10px;\n}\n<\/style>\n\t<\/div>\n\n\t\n\n\n<style>\n#row-234355366 > .col > .col-inner {\n  background-color: rgb(39, 54, 71);\n}\n<\/style>\n<\/div>\n\t<div id=\"gap-523028609\" class=\"gap-element clearfix\" style=\"display:block; height:auto;\">\n\t\t\n<style>\n#gap-523028609 {\n  padding-top: 0;\n}\n@media (min-width:850px) {\n  #gap-523028609 {\n    padding-top: 40px;\n  }\n}\n<\/style>\n\t<\/div>\n\t\n\n<div class=\"row align-center\"  id=\"row-27655252\">\n\n\n\t<div id=\"col-1814518055\" class=\"col medium-9 small-12 large-9\"  >\n\t\t\t\t<div class=\"col-inner\"  >\n\t\t\t\n\t\t\t\n\n\t<div id=\"text-1755409561\" class=\"text\">\n\t\t\n\n<h2 class=\"western\"><b>Modalidad Online y Acompa\u00f1amiento<\/b><\/h2>\n<p class=\"western\">Toda nuestra formaci\u00f3n se desarrolla en <b>modalidad online<\/b>, permitiendo compatibilizar la preparaci\u00f3n con la actividad laboral y personal, sin renunciar a un seguimiento cercano y estructurado.<\/p>\n<p class=\"western\">Nuestro modelo de <b>Mentor\u00eda Administrativa Activa<\/b> garantiza acompa\u00f1amiento continuo, orientaci\u00f3n estrat\u00e9gica y una visi\u00f3n real del acceso al empleo p\u00fablico.<\/p>\n\t\t\n<style>\n#text-1755409561 {\n  text-align: center;\n}\n<\/style>\n\t<\/div>\n\t\n\n\t\t<\/div>\n\t\t\t\t\t<\/div>\n\n\t\n\n<\/div>\n\n\t\t<\/div>\n\n\t\t\n<style>\n#section_800079802 {\n  padding-top: 40px;\n  padding-bottom: 40px;\n  background-color: rgb(255,255,255);\n}\n@media (min-width:550px) {\n  #section_800079802 {\n    padding-top: 80px;\n    padding-bottom: 80px;\n  }\n}\n<\/style>\n\t<\/section>\n\t\n\n\t<section class=\"section dark\" id=\"section_1936957756\">\n\t\t<div class=\"section-bg fill\" >\n\t\t\t\t\t\t\t\t\t\n\t\t\t\n\n\t\t<\/div>\n\n\t\t\n\n\t\t<div class=\"section-content relative\">\n\t\t\t\n\n\t<div id=\"gap-317344267\" class=\"gap-element clearfix\" style=\"display:block; height:auto;\">\n\t\t\n<style>\n#gap-317344267 {\n  padding-top: 30px;\n}\n<\/style>\n\t<\/div>\n\t\n\n<div class=\"row align-bottom\" style=\"max-width:1200px\" id=\"row-766307846\">\n\n\n\t<div id=\"col-1218412693\" class=\"col medium-12 small-12 large-6\"  >\n\t\t\t\t<div class=\"col-inner\"  >\n\t\t\t\n\t\t\t\n\n\t<div id=\"text-2103141799\" class=\"text\">\n\t\t\n\n<h6>Resuelve tus dudas al instante<\/h6>\n\t\t\n<style>\n#text-2103141799 {\n  font-size: 0.85rem;\n  text-align: left;\n}\n@media (min-width:550px) {\n  #text-2103141799 {\n    font-size: 1.1rem;\n  }\n}\n<\/style>\n\t<\/div>\n\t\n\t<div id=\"text-3385341252\" class=\"text\">\n\t\t\n\n<h2>Consulta las respuestas a las preguntas m\u00e1s frecuentes sobre nuestros cursos y metodolog\u00eda<\/h><\/p>\n\t\t\n<style>\n#text-3385341252 {\n  font-size: 1.35rem;\n}\n@media (min-width:550px) {\n  #text-3385341252 {\n    font-size: 1.1rem;\n  }\n}\n<\/style>\n\t<\/div>\n\t\n\n\t\t<\/div>\n\t\t\t\t\t<\/div>\n\n\t\n\n\t<div id=\"col-95887526\" class=\"col medium-12 small-12 large-6\"  >\n\t\t\t\t<div class=\"col-inner\"  >\n\t\t\t\n\t\t\t\n\n<a href=\"https:\/\/prepacanarias.com\/index.php\/faq\/\" class=\"button white reveal-icon expand\" style=\"border-radius:5px;padding:5px 0px 5px 0px;\">\n\t\t<span>Ver preguntas frecuentes<\/span>\n\t<i class=\"icon-angle-right\" aria-hidden=\"true\"><\/i><\/a>\n\n\n\n\t\t<\/div>\n\t\t\t\t\n<style>\n#col-95887526 > .col-inner {\n  padding: 0px 0px 0px 0;\n  margin: -0 0px 0px 0px;\n}\n@media (min-width:850px) {\n  #col-95887526 > .col-inner {\n    padding: 0px 0px 0px 30px;\n    margin: -70px 0px 0px 0px;\n  }\n}\n<\/style>\n\t<\/div>\n\n\t\n\n<\/div>\n\n\t\t<\/div>\n\n\t\t\n<style>\n#section_1936957756 {\n  padding-top: 30px;\n  padding-bottom: 30px;\n  background-color: #174c94;\n}\n<\/style>\n\t<\/section>\n\t\n\n","protected":false},"excerpt":{"rendered":"","protected":false},"author":1,"featured_media":0,"parent":0,"menu_order":0,"comment_status":"closed","ping_status":"closed","template":"page-blank.php","meta":{"footnotes":""},"class_list":["post-32","page","type-page","status-publish","hentry"],"_links":{"self":[{"href":"https:\/\/prepacanarias.com\/index.php\/wp-json\/wp\/v2\/pages\/32","targetHints":{"allow":["GET"]}}],"collection":[{"href":"https:\/\/prepacanarias.com\/index.php\/wp-json\/wp\/v2\/pages"}],"about":[{"href":"https:\/\/prepacanarias.com\/index.php\/wp-json\/wp\/v2\/types\/page"}],"author":[{"embeddable":true,"href":"https:\/\/prepacanarias.com\/index.php\/wp-json\/wp\/v2\/users\/1"}],"replies":[{"embeddable":true,"href":"https:\/\/prepacanarias.com\/index.php\/wp-json\/wp\/v2\/comments?post=32"}],"version-history":[{"count":14,"href":"https:\/\/prepacanarias.com\/index.php\/wp-json\/wp\/v2\/pages\/32\/revisions"}],"predecessor-version":[{"id":246,"href":"https:\/\/prepacanarias.com\/index.php\/wp-json\/wp\/v2\/pages\/32\/revisions\/246"}],"wp:attachment":[{"href":"https:\/\/prepacanarias.com\/index.php\/wp-json\/wp\/v2\/media?parent=32"}],"curies":[{"name":"wp","href":"https:\/\/api.w.org\/{rel}","templated":true}]}}