{"id":37,"date":"2025-12-31T11:41:17","date_gmt":"2025-12-31T11:41:17","guid":{"rendered":"https:\/\/prepacanarias.com\/?page_id=37"},"modified":"2026-01-07T10:47:37","modified_gmt":"2026-01-07T10:47:37","slug":"aviso-legal","status":"publish","type":"page","link":"https:\/\/prepacanarias.com\/index.php\/aviso-legal\/","title":{"rendered":"Aviso legal"},"content":{"rendered":"\n\t<div id=\"gap-2137605875\" class=\"gap-element clearfix\" style=\"display:block; height:auto;\">\n\t\t\n<style>\n#gap-2137605875 {\n  padding-top: 30px;\n}\n<\/style>\n\t<\/div>\n\t\n\n<h2 data-start=\"179\" data-end=\"193\">AVISO LEGAL<\/h2>\n<p data-start=\"195\" data-end=\"438\">En cumplimiento de lo dispuesto en la Ley 34\/2002, de 11 de julio, de Servicios de la Sociedad de la Informaci\u00f3n y del Comercio Electr\u00f3nico (LSSI-CE), se informa a los usuarios de los siguientes datos identificativos del titular del sitio web:<\/p>\n<p data-start=\"440\" data-end=\"580\"><strong data-start=\"440\" data-end=\"452\">Titular:<\/strong> Prepacanarias S.L.<br data-start=\"471\" data-end=\"474\" \/><strong data-start=\"474\" data-end=\"482\">NIF:<\/strong> B23910110<br data-start=\"492\" data-end=\"495\" \/><strong data-start=\"495\" data-end=\"516\">Domicilio social:<\/strong><br data-start=\"516\" data-end=\"519\" \/>C\/ Mariano Jos\u00e9 de Larra, 30<br data-start=\"547\" data-end=\"550\" \/>CP 352014 \u2013 Telde (Las Palmas)<\/p>\n<p data-start=\"582\" data-end=\"644\"><strong data-start=\"582\" data-end=\"617\">Correo electr\u00f3nico de contacto:<\/strong><br data-start=\"617\" data-end=\"620\" \/><a class=\"decorated-link cursor-pointer\" rel=\"noopener\" data-start=\"620\" data-end=\"642\">info@prepacanarias.com<\/a><\/p>\n<p data-start=\"646\" data-end=\"737\"><strong data-start=\"646\" data-end=\"668\">Datos registrales:<\/strong><br data-start=\"668\" data-end=\"671\" \/>Inscrita en el Registro Mercantil de Las Palmas, Hoja GC-00065247.<\/p>\n<p data-start=\"739\" data-end=\"779\"><strong data-start=\"739\" data-end=\"753\">Sitio web:<\/strong> <a class=\"decorated-link\" href=\"https:\/\/prepacanarias.com\" target=\"_new\" rel=\"noopener\" data-start=\"754\" data-end=\"779\">https:\/\/prepacanarias.com<\/a><\/p>\n<hr data-start=\"781\" data-end=\"784\" \/>\n<h3 data-start=\"786\" data-end=\"796\">OBJETO<\/h3>\n<p data-start=\"798\" data-end=\"1109\">El presente Aviso Legal regula el acceso, navegaci\u00f3n y uso del sitio web prepacanarias.com, as\u00ed como las responsabilidades derivadas de la utilizaci\u00f3n de sus contenidos (entendiendo por \u201ccontenidos\u201d los textos, gr\u00e1ficos, im\u00e1genes, dise\u00f1os, c\u00f3digos, software y cualquier otro elemento contenido en el sitio web).<\/p>\n<hr data-start=\"1111\" data-end=\"1114\" \/>\n<h3 data-start=\"1116\" data-end=\"1138\">CONDICIONES DE USO<\/h3>\n<p data-start=\"1140\" data-end=\"1272\">El acceso o uso de este sitio web atribuye la condici\u00f3n de usuario, quien acepta, desde dicho acceso o uso, el presente Aviso Legal.<\/p>\n<p data-start=\"1274\" data-end=\"1509\">El usuario se compromete a hacer un uso adecuado del sitio web y de sus contenidos, conforme a la legislaci\u00f3n vigente, la buena fe y el orden p\u00fablico, y a no emplearlos para actividades il\u00edcitas o contrarias a los derechos de terceros.<\/p>\n<hr data-start=\"1511\" data-end=\"1514\" \/>\n<h3 data-start=\"1516\" data-end=\"1554\">PROPIEDAD INTELECTUAL E INDUSTRIAL<\/h3>\n<p data-start=\"1556\" data-end=\"1903\">Todos los contenidos del sitio web, incluyendo, a t\u00edtulo enunciativo pero no limitativo, textos, im\u00e1genes, dise\u00f1os, logotipos, iconos, software, as\u00ed como su dise\u00f1o gr\u00e1fico y c\u00f3digo fuente, son titularidad de Prepacanarias S.L. o de terceros autorizados, y est\u00e1n protegidos por la normativa vigente en materia de propiedad intelectual e industrial.<\/p>\n<p data-start=\"1905\" data-end=\"2064\">Queda prohibida la reproducci\u00f3n, distribuci\u00f3n, comunicaci\u00f3n p\u00fablica o transformaci\u00f3n de los contenidos sin la autorizaci\u00f3n expresa del titular de los derechos.<\/p>\n<hr data-start=\"2066\" data-end=\"2069\" \/>\n<h3 data-start=\"2071\" data-end=\"2090\">RESPONSABILIDAD<\/h3>\n<p data-start=\"2092\" data-end=\"2292\">Prepacanarias S.L. no se responsabiliza de los da\u00f1os o perjuicios derivados del uso del sitio web, ni de posibles errores u omisiones en los contenidos, ni de la falta de disponibilidad del sitio web.<\/p>\n<p data-start=\"2294\" data-end=\"2473\">Asimismo, no se hace responsable de los contenidos de los enlaces externos que puedan aparecer en el sitio web, siendo responsabilidad exclusiva de los titulares de dichos sitios.<\/p>\n<hr data-start=\"2475\" data-end=\"2478\" \/>\n<h3 data-start=\"2480\" data-end=\"2520\">LEGISLACI\u00d3N APLICABLE Y JURISDICCI\u00d3N<\/h3>\n<p data-start=\"2522\" data-end=\"2795\">El presente Aviso Legal se rige \u00edntegramente por la legislaci\u00f3n espa\u00f1ola. Para la resoluci\u00f3n de cualquier conflicto que pudiera derivarse del acceso o uso del sitio web, las partes se someten a los Juzgados y Tribunales que correspondan conforme a la legislaci\u00f3n aplicable.<\/p>\n\n","protected":false},"excerpt":{"rendered":"","protected":false},"author":1,"featured_media":0,"parent":0,"menu_order":0,"comment_status":"closed","ping_status":"closed","template":"","meta":{"footnotes":""},"class_list":["post-37","page","type-page","status-publish","hentry"],"_links":{"self":[{"href":"https:\/\/prepacanarias.com\/index.php\/wp-json\/wp\/v2\/pages\/37","targetHints":{"allow":["GET"]}}],"collection":[{"href":"https:\/\/prepacanarias.com\/index.php\/wp-json\/wp\/v2\/pages"}],"about":[{"href":"https:\/\/prepacanarias.com\/index.php\/wp-json\/wp\/v2\/types\/page"}],"author":[{"embeddable":true,"href":"https:\/\/prepacanarias.com\/index.php\/wp-json\/wp\/v2\/users\/1"}],"replies":[{"embeddable":true,"href":"https:\/\/prepacanarias.com\/index.php\/wp-json\/wp\/v2\/comments?post=37"}],"version-history":[{"count":2,"href":"https:\/\/prepacanarias.com\/index.php\/wp-json\/wp\/v2\/pages\/37\/revisions"}],"predecessor-version":[{"id":187,"href":"https:\/\/prepacanarias.com\/index.php\/wp-json\/wp\/v2\/pages\/37\/revisions\/187"}],"wp:attachment":[{"href":"https:\/\/prepacanarias.com\/index.php\/wp-json\/wp\/v2\/media?parent=37"}],"curies":[{"name":"wp","href":"https:\/\/api.w.org\/{rel}","templated":true}]}}