{"id":211,"date":"2026-01-07T11:22:03","date_gmt":"2026-01-07T11:22:03","guid":{"rendered":"https:\/\/prepacanarias.com\/?post_type=product&#038;p=211"},"modified":"2026-01-31T12:06:47","modified_gmt":"2026-01-31T12:06:47","slug":"curso-preparatorio-ope-2025-trabajo-social-servicio-canario-de-salud","status":"publish","type":"product","link":"https:\/\/prepacanarias.com\/index.php\/product\/curso-preparatorio-ope-2025-trabajo-social-servicio-canario-de-salud\/","title":{"rendered":"Curso Preparatorio OPE 2025 Trabajo Social Servicio Canario de Salud &#8211; por m\u00f3dulo"},"content":{"rendered":"<p class=\"western\"><b>Modalidad: <\/b>La formaci\u00f3n se desarrolla \u00edntegramente en el Aula Virtual del Instituto de Formaci\u00f3n de Canarias.<\/p>\n<p class=\"western\"><b>Requisitos: <\/b>Diplomados o Graduados en Trabajo Social.<\/p>\n<p class=\"western\"><b>Contenidos<\/b>: Los contenidos de la acci\u00f3n formativa se encuentran recogidos en la Resoluci\u00f3n de 6 de junio de 2025, del Director, por la que se convocan pruebas selectivas y los temarios para el acceso a la condici\u00f3n de personal estatutario fijo en plazas b\u00e1sicas vacantes de categor\u00edas de personal sanitario y de personal de gesti\u00f3n y servicios, en los \u00f3rganos de prestaci\u00f3n de servicios sanitarios del Servicio Canario de la Salud.<\/p>\n<p class=\"western\"><span style=\"color: #0563c1\"><u><a href=\"https:\/\/www3.gobiernodecanarias.org\/sanidad\/scs\/contenidoGenerico.jsp?idDocument=0de977ff-8e1f-11f0-ab16-39979cd2dfcc&amp;idCarpeta=b8cf85ba-fc1a-11dd-a72f-93771b0e33f6\">Procesos selectivos<\/a><\/u><\/span><\/p>\n<p class=\"western\"><b>Metodolog\u00eda, duraci\u00f3n y recursos<\/b><\/p>\n<p class=\"western\"><b>Duraci\u00f3n<\/b>: 9 meses desde el inicio de la matr\u00edcula, con un ritmo de un m\u00f3dulo por mes.<\/p>\n<p class=\"western\"><b>Estructura<\/b>: 45 temas distribuidos en 9 m\u00f3dulos.<\/p>\n<p><img loading=\"lazy\" decoding=\"async\" class=\"alignnone wp-image-257 size-full\" src=\"https:\/\/prepacanarias.com\/wp-content\/uploads\/2026\/01\/2026-01-17_19h27_56.png\" alt=\"\" width=\"575\" height=\"601\" srcset=\"https:\/\/prepacanarias.com\/wp-content\/uploads\/2026\/01\/2026-01-17_19h27_56.png 575w, https:\/\/prepacanarias.com\/wp-content\/uploads\/2026\/01\/2026-01-17_19h27_56-287x300.png 287w\" sizes=\"auto, (max-width: 575px) 100vw, 575px\" \/><\/p>\n<p class=\"western\"><b>Materiales<\/b>: temario y anexos descargables en formato PDF, y recursos de autoevaluaci\u00f3n (verdadero\/falso, emparejamiento y test de 30 preguntas\/tema y simulacros de examen online con intentos ilimitados.<\/p>\n<p class=\"western\"><b>Tutor\u00edas, foro de dudas<\/b><\/p>\n<p class=\"western\"><b>Seguimiento <\/b>del Proceso Selectivo de la OPE del SCS, con informaci\u00f3n relevante sobre sus distintas fases.<\/p>\n<p class=\"western\"><strong>Repaso final (*):<\/strong> para el alumnado que complete el curso, se habilitar\u00e1 gratuitamente un m\u00f3dulo adicional de repaso, que incluir\u00e1 al menos 15 simulacros de examen tipo test.<\/p>\n<p class=\"western\"><b>Precios:<\/b><\/p>\n<ul>\n<li><b>Profesionales colegiados<\/b>: 149,80 \u20ac\/mes (impuestos incluidos)<\/li>\n<li><strong>Profesionales no colegiados o sindicados:<\/strong> Consultar precio en info@prepacanarias.com<\/li>\n<\/ul>\n","protected":false},"excerpt":{"rendered":"<p>Los contenidos de la acci\u00f3n formativa se encuentran recogidos en la Resoluci\u00f3n de 6 de junio de 2025, del Director, por la que se convocan pruebas selectivas y los temarios para el acceso a la condici\u00f3n de personal estatutario fijo en plazas b\u00e1sicas vacantes de categor\u00edas de personal sanitario y de personal de gesti\u00f3n y servicios, en los \u00f3rganos de prestaci\u00f3n de servicios sanitarios del Servicio Canario de la Salud.<\/p>\n","protected":false},"featured_media":115,"comment_status":"closed","ping_status":"closed","template":"","meta":[],"product_brand":[],"product_cat":[19],"product_tag":[],"class_list":{"0":"post-211","1":"product","2":"type-product","3":"status-publish","4":"has-post-thumbnail","6":"product_cat-trabajo-social","8":"first","9":"instock","10":"virtual","11":"taxable","12":"purchasable","13":"product-type-simple"},"_links":{"self":[{"href":"https:\/\/prepacanarias.com\/index.php\/wp-json\/wp\/v2\/product\/211","targetHints":{"allow":["GET"]}}],"collection":[{"href":"https:\/\/prepacanarias.com\/index.php\/wp-json\/wp\/v2\/product"}],"about":[{"href":"https:\/\/prepacanarias.com\/index.php\/wp-json\/wp\/v2\/types\/product"}],"replies":[{"embeddable":true,"href":"https:\/\/prepacanarias.com\/index.php\/wp-json\/wp\/v2\/comments?post=211"}],"wp:featuredmedia":[{"embeddable":true,"href":"https:\/\/prepacanarias.com\/index.php\/wp-json\/wp\/v2\/media\/115"}],"wp:attachment":[{"href":"https:\/\/prepacanarias.com\/index.php\/wp-json\/wp\/v2\/media?parent=211"}],"wp:term":[{"taxonomy":"product_brand","embeddable":true,"href":"https:\/\/prepacanarias.com\/index.php\/wp-json\/wp\/v2\/product_brand?post=211"},{"taxonomy":"product_cat","embeddable":true,"href":"https:\/\/prepacanarias.com\/index.php\/wp-json\/wp\/v2\/product_cat?post=211"},{"taxonomy":"product_tag","embeddable":true,"href":"https:\/\/prepacanarias.com\/index.php\/wp-json\/wp\/v2\/product_tag?post=211"}],"curies":[{"name":"wp","href":"https:\/\/api.w.org\/{rel}","templated":true}]}}