{"id":266,"date":"2026-02-06T19:52:29","date_gmt":"2026-02-06T19:52:29","guid":{"rendered":"https:\/\/prepacanarias.com\/?post_type=product&#038;p=266"},"modified":"2026-02-07T19:47:50","modified_gmt":"2026-02-07T19:47:50","slug":"recurso-formativo-para-la-preparacion-del-examen-oficial-del-servicio-canario-de-salud-ope-2022-trabajo-social-procesos-de-estabilizacion-y-ordinario","status":"publish","type":"product","link":"https:\/\/prepacanarias.com\/index.php\/product\/recurso-formativo-para-la-preparacion-del-examen-oficial-del-servicio-canario-de-salud-ope-2022-trabajo-social-procesos-de-estabilizacion-y-ordinario\/","title":{"rendered":"Recurso formativo para la preparaci\u00f3n del examen oficial del Servicio Canario de Salud. OPE 2022 Trabajo Social. Procesos de estabilizaci\u00f3n y ordinario"},"content":{"rendered":"<p class=\"western\">Se han dise\u00f1ado simulacros de examen tipo test basados en la bater\u00eda definitiva de preguntas, con el objetivo de evaluar el nivel de conocimiento sobre la materia y mejorar la agilidad en la capacidad de respuesta dentro de un tiempo limitado, reproduciendo las condiciones propias de los ex\u00e1menes oficiales.<\/p>\n<p class=\"western\">Esta preparaci\u00f3n permite a las personas aspirantes autoevaluar su progreso, identificar \u00e1reas de mejora y entrenar la gesti\u00f3n del tiempo, aspectos clave para un adecuado desempe\u00f1o en la prueba oficial.<\/p>\n<p class=\"western\"><b>Descripci\u00f3n<\/b><\/p>\n<p class=\"western\"><b>Modalidad:\u00a0<\/b>La preparaci\u00f3n se desarrolla \u00edntegramente en el Aula Virtual del Instituto de Formaci\u00f3n de Canarias.<\/p>\n<p class=\"western\"><b>Requisitos:\u00a0<\/b>Diplomados o Graduados en Trabajo Social.<\/p>\n<p class=\"western\"><b>Contenidos: <\/b>Se utilizar\u00e1 la bater\u00eda definitiva de preguntas y respuestas publicada por el SCS. Esta bater\u00eda consta de un total de 540 preguntas, distribuidas de la siguiente manera: 208 preguntas correspondientes al Temario General (temas 1 al 16) y 332 preguntas correspondientes al Temario Espec\u00edfico (temas 17 al 45).<\/p>\n<p class=\"western\"><span style=\"color: #0563c1\"><u><a href=\"https:\/\/www3.gobiernodecanarias.org\/sanidad\/scs\/contenidoGenerico.jsp?idDocument=e9e487c7-4e37-11ee-ad2e-999944865aa9&amp;idCarpeta=b8cf85ba-fc1a-11dd-a72f-93771b0e33f6\"><b>Repertorio de preguntas Definitivas<\/b><\/a><\/u><\/span><\/p>\n<p class=\"western\"><b>Duraci\u00f3n: <\/b>3 meses desde el inicio de la matr\u00edcula.<\/p>\n<p class=\"western\"><b>Estructura: <\/b><\/p>\n<p class=\"western\">Los simulacros de examen se han organizado de manera progresiva, atendiendo a los distintos bloques del temario y a las caracter\u00edsticas del examen oficial. La distribuci\u00f3n es la siguiente:<\/p>\n<ul>\n<li><b>Simulacros del Temario General<\/b>: el recurso incluye 7 simulacros compuestos por 30 preguntas cada uno, con un tiempo m\u00e1ximo de realizaci\u00f3n de 30 minutos.<\/li>\n<li><b>Simulacros del Temario Espec\u00edfico<\/b>: se incluyen 12 simulacros de 30 preguntas cada uno, con un tiempo m\u00e1ximo de realizaci\u00f3n de 30 minutos.<\/li>\n<li><b>Simulacros finales del Temario General y Espec\u00edfico<\/b>: el recurso cuenta con 10 simulacros integrales de 90 preguntas cada uno, con un tiempo m\u00e1ximo de realizaci\u00f3n de 120 minutos.<\/li>\n<\/ul>\n<p class=\"western\"><b>Precio \u00fanico:<\/b><\/p>\n<ul>\n<li>\n<p class=\"western\"><b>Profesionales colegiados: <\/b>128,40 \u20ac (impuestos incluidos)<\/p>\n<\/li>\n<\/ul>\n","protected":false},"excerpt":{"rendered":"<p class=\"western\">Se han dise\u00f1ado simulacros de examen tipo test basados en la bater\u00eda definitiva de preguntas, con el objetivo de evaluar el nivel de conocimiento sobre la materia y mejorar la agilidad en la capacidad de respuesta dentro de un tiempo limitado, reproduciendo las condiciones propias de los ex\u00e1menes oficiales.<\/p>\n<p class=\"western\">Esta preparaci\u00f3n permite a las personas aspirantes autoevaluar su progreso, identificar \u00e1reas de mejora y entrenar la gesti\u00f3n del tiempo, aspectos clave para un adecuado desempe\u00f1o en la prueba oficial.<\/p>\n","protected":false},"featured_media":267,"comment_status":"closed","ping_status":"closed","template":"","meta":[],"product_brand":[],"product_cat":[19],"product_tag":[],"class_list":{"0":"post-266","1":"product","2":"type-product","3":"status-publish","4":"has-post-thumbnail","6":"product_cat-trabajo-social","8":"first","9":"instock","10":"virtual","11":"taxable","12":"purchasable","13":"product-type-simple"},"_links":{"self":[{"href":"https:\/\/prepacanarias.com\/index.php\/wp-json\/wp\/v2\/product\/266","targetHints":{"allow":["GET"]}}],"collection":[{"href":"https:\/\/prepacanarias.com\/index.php\/wp-json\/wp\/v2\/product"}],"about":[{"href":"https:\/\/prepacanarias.com\/index.php\/wp-json\/wp\/v2\/types\/product"}],"replies":[{"embeddable":true,"href":"https:\/\/prepacanarias.com\/index.php\/wp-json\/wp\/v2\/comments?post=266"}],"wp:featuredmedia":[{"embeddable":true,"href":"https:\/\/prepacanarias.com\/index.php\/wp-json\/wp\/v2\/media\/267"}],"wp:attachment":[{"href":"https:\/\/prepacanarias.com\/index.php\/wp-json\/wp\/v2\/media?parent=266"}],"wp:term":[{"taxonomy":"product_brand","embeddable":true,"href":"https:\/\/prepacanarias.com\/index.php\/wp-json\/wp\/v2\/product_brand?post=266"},{"taxonomy":"product_cat","embeddable":true,"href":"https:\/\/prepacanarias.com\/index.php\/wp-json\/wp\/v2\/product_cat?post=266"},{"taxonomy":"product_tag","embeddable":true,"href":"https:\/\/prepacanarias.com\/index.php\/wp-json\/wp\/v2\/product_tag?post=266"}],"curies":[{"name":"wp","href":"https:\/\/api.w.org\/{rel}","templated":true}]}}