{"id":268,"date":"2026-02-06T19:56:41","date_gmt":"2026-02-06T19:56:41","guid":{"rendered":"https:\/\/prepacanarias.com\/?post_type=product&#038;p=268"},"modified":"2026-02-06T19:56:41","modified_gmt":"2026-02-06T19:56:41","slug":"preparacion-proceso-selectivo-ope-2022-trabajo-social-cabildo-de-la-palma","status":"publish","type":"product","link":"https:\/\/prepacanarias.com\/index.php\/product\/preparacion-proceso-selectivo-ope-2022-trabajo-social-cabildo-de-la-palma\/","title":{"rendered":"Preparaci\u00f3n Proceso Selectivo OPE 2022 Trabajo Social. Cabildo de La Palma"},"content":{"rendered":"<p class=\"western\">Este material de preparaci\u00f3n est\u00e1 dirigido a personas aspirantes al proceso selectivo del Cabildo de La Palma. No se trata de un curso formativo, sino de un material de estudio en formato PDF, dise\u00f1ado para facilitar la preparaci\u00f3n individual y aut\u00f3noma de las pruebas de acceso.<\/p>\n<p class=\"western\"><b>Descripci\u00f3n del recurso<\/b><\/p>\n<p class=\"western\">Este material est\u00e1 dirigido a personas aspirantes interesadas en la preparaci\u00f3n del proceso selectivo convocado por el Cabildo de La Palma el 21\/05\/2025.<\/p>\n<p class=\"western\">El contenido se presenta en formato PDF y ha sido elaborado conforme a las bases espec\u00edficas de la convocatoria, con el objetivo de facilitar una preparaci\u00f3n individual y aut\u00f3noma.<\/p>\n<p class=\"western\"><b>Requisitos:\u00a0<\/b>Diplomados o Graduados en Trabajo Social.<\/p>\n<p class=\"western\"><b>Contenidos<\/b>:<\/p>\n<ul>\n<li>\n<p class=\"western\">Anexo I: Bater\u00edas de preguntas tipo test con respuestas, a raz\u00f3n de 20 preguntas por tema (400 preguntas tipo test).<\/p>\n<\/li>\n<li>\n<p class=\"western\">Temario Anexo II y Anexo III actualizado conforme a las bases de la convocatoria.<\/p>\n<\/li>\n<li>\n<p class=\"western\">Supuestos pr\u00e1cticos orientados al formato de examen oficial.<\/p>\n<\/li>\n<\/ul>\n<p class=\"western\">Todo el material se ofrece en formato descargable, permitiendo a las personas aspirantes organizar su estudio de manera flexible y adaptada a sus necesidades.<\/p>\n<p class=\"western\"><span style=\"color: #0563c1\"><u><a href=\"https:\/\/cabildodelapalma.convoca.online\/processDetail.html?id=d003a3d5-de68-40b0-a0bc-08dde6f0b95a&amp;type=0\">Oferta de empleo p\u00fablico<\/a><\/u><\/span><\/p>\n<p class=\"western\"><b>Modalidad y formato<\/b><\/p>\n<ul>\n<li>\n<p class=\"western\">Env\u00edo del material por correo electr\u00f3nico.<\/p>\n<\/li>\n<li>\n<p class=\"western\">Documentaci\u00f3n facilitada en formato PDF.<\/p>\n<\/li>\n<li>\n<p class=\"western\">Preparaci\u00f3n aut\u00f3noma, sin tutorizaci\u00f3n, ni seguimiento personalizado.<\/p>\n<\/li>\n<\/ul>\n<p class=\"western\"><b>Precios: <\/b><\/p>\n<p class=\"western\"><b>Profesionales colegiados <\/b><i>(impuestos incluidos)<\/i><\/p>\n<ul>\n<li><b>Bater\u00eda de preguntas tipo test<\/b>: 150 \u20ac<\/li>\n<li><b>Temario (temas 21 al 30)<\/b>: 125 \u20ac<\/li>\n<li><b>Temario (temas 31 al 40)<\/b>: 125 \u20ac<\/li>\n<li><b>Temario (temas 41 al 50)<\/b>: 125 \u20ac<\/li>\n<li><b>Temario (temas 51 al 60)<\/b>: 125 \u20ac<\/li>\n<li><b>Supuestos pr\u00e1cticos con respuesta<\/b>: 250 \u20ac<\/li>\n<\/ul>\n","protected":false},"excerpt":{"rendered":"<p>Este material de preparaci\u00f3n est\u00e1 dirigido a personas aspirantes al proceso selectivo del Cabildo de La Palma. No se trata de un curso formativo, sino de un material de estudio en formato PDF, dise\u00f1ado para facilitar la preparaci\u00f3n individual y aut\u00f3noma de las pruebas de acceso.<\/p>\n","protected":false},"featured_media":275,"comment_status":"closed","ping_status":"closed","template":"","meta":[],"product_brand":[],"product_cat":[19],"product_tag":[],"class_list":{"0":"post-268","1":"product","2":"type-product","3":"status-publish","4":"has-post-thumbnail","6":"product_cat-trabajo-social","8":"first","9":"instock","10":"taxable","11":"shipping-taxable","12":"purchasable","13":"product-type-variable"},"_links":{"self":[{"href":"https:\/\/prepacanarias.com\/index.php\/wp-json\/wp\/v2\/product\/268","targetHints":{"allow":["GET"]}}],"collection":[{"href":"https:\/\/prepacanarias.com\/index.php\/wp-json\/wp\/v2\/product"}],"about":[{"href":"https:\/\/prepacanarias.com\/index.php\/wp-json\/wp\/v2\/types\/product"}],"replies":[{"embeddable":true,"href":"https:\/\/prepacanarias.com\/index.php\/wp-json\/wp\/v2\/comments?post=268"}],"wp:featuredmedia":[{"embeddable":true,"href":"https:\/\/prepacanarias.com\/index.php\/wp-json\/wp\/v2\/media\/275"}],"wp:attachment":[{"href":"https:\/\/prepacanarias.com\/index.php\/wp-json\/wp\/v2\/media?parent=268"}],"wp:term":[{"taxonomy":"product_brand","embeddable":true,"href":"https:\/\/prepacanarias.com\/index.php\/wp-json\/wp\/v2\/product_brand?post=268"},{"taxonomy":"product_cat","embeddable":true,"href":"https:\/\/prepacanarias.com\/index.php\/wp-json\/wp\/v2\/product_cat?post=268"},{"taxonomy":"product_tag","embeddable":true,"href":"https:\/\/prepacanarias.com\/index.php\/wp-json\/wp\/v2\/product_tag?post=268"}],"curies":[{"name":"wp","href":"https:\/\/api.w.org\/{rel}","templated":true}]}}