{"id":290,"date":"2026-02-06T20:03:34","date_gmt":"2026-02-06T20:03:34","guid":{"rendered":"https:\/\/prepacanarias.com\/?post_type=product&#038;p=290"},"modified":"2026-04-06T10:22:36","modified_gmt":"2026-04-06T10:22:36","slug":"preparacion-proceso-selectivo-ope-2024-trabajo-social-ayuntamiento-de-los-realejos","status":"publish","type":"product","link":"https:\/\/prepacanarias.com\/index.php\/product\/preparacion-proceso-selectivo-ope-2024-trabajo-social-ayuntamiento-de-los-realejos\/","title":{"rendered":"Preparaci\u00f3n Proceso Selectivo OPE 2024 Trabajo Social. Ayuntamiento de Los Realejos"},"content":{"rendered":"<p class=\"western\">Este material de preparaci\u00f3n est\u00e1 dirigido a personas aspirantes al proceso selectivo del Ayuntamiento de Los Realejos. No se trata de un curso formativo, sino de un material de estudio en formato PDF, dise\u00f1ado para facilitar la preparaci\u00f3n individual y aut\u00f3noma de las pruebas de acceso.<\/p>\n<p class=\"western\"><b>Descripci\u00f3n del recurso<\/b><\/p>\n<p class=\"western\">Este material est\u00e1 dirigido a personas aspirantes interesadas en la preparaci\u00f3n del proceso selectivo convocado por el Ayuntamiento de Los Realejos el 31\/12\/2025.<\/p>\n<p class=\"western\">El contenido se presenta en formato PDF y ha sido elaborado conforme a las bases espec\u00edficas de la convocatoria, con el objetivo de facilitar una preparaci\u00f3n individual y aut\u00f3noma.<\/p>\n<p class=\"western\"><b>Requisitos:\u00a0<\/b>Diplomados o Graduados en Trabajo Social.<\/p>\n<p class=\"western\"><b>Contenidos<\/b>: Consultar disponibilidad<\/p>\n<p><img loading=\"lazy\" decoding=\"async\" class=\"alignnone wp-image-358 \" src=\"https:\/\/prepacanarias.com\/wp-content\/uploads\/2026\/02\/2026-04-06_11h22_13.png\" alt=\"\" width=\"509\" height=\"256\" srcset=\"https:\/\/prepacanarias.com\/wp-content\/uploads\/2026\/02\/2026-04-06_11h22_13.png 575w, https:\/\/prepacanarias.com\/wp-content\/uploads\/2026\/02\/2026-04-06_11h22_13-300x151.png 300w\" sizes=\"auto, (max-width: 509px) 100vw, 509px\" \/><\/p>\n<p class=\"western\">Todo el material se ofrece en formato descargable, permitiendo a las personas aspirantes organizar su estudio de manera flexible y adaptada a sus necesidades.<\/p>\n<p class=\"western\"><span style=\"color: #0563c1;\"><u><a href=\"https:\/\/losrealejos.es\/empleo-publico\/\">Empleo P\u00fablico &#8211; Los Realejos<\/a><\/u><\/span><\/p>\n<p class=\"western\"><b>Modalidad y formato<\/b><\/p>\n<ul>\n<li>\n<p class=\"western\">Env\u00edo del material por correo electr\u00f3nico.<\/p>\n<\/li>\n<li>\n<p class=\"western\">Documentaci\u00f3n facilitada en formato PDF.<\/p>\n<\/li>\n<li>\n<p class=\"western\">Preparaci\u00f3n aut\u00f3noma, sin tutorizaci\u00f3n, ni seguimiento personalizado<\/p>\n<\/li>\n<\/ul>\n<p class=\"western\"><b>Precios: <\/b><\/p>\n<p class=\"western\"><b>Profesionales colegiados <\/b><i>(impuestos incluidos)<\/i><\/p>\n<ul>\n<li>\n<p class=\"western\">Temario General (Temas del 1 al 15): 160\u20ac<\/p>\n<\/li>\n<li>\n<p class=\"western\">Temario Espec\u00edfico (Temas del 1 al 15): 160 \u20ac<\/p>\n<\/li>\n<li>\n<p class=\"western\">Temario Espec\u00edfico (Temas del 16 al 30): 160 \u20ac<\/p>\n<\/li>\n<li>\n<p class=\"western\">Temario Espec\u00edfico (Temas del 31 al 45): 160 \u20ac<\/p>\n<\/li>\n<li>\n<p class=\"western\">Supuestos pr\u00e1cticos con respuesta: 250 \u20ac<\/p>\n<\/li>\n<\/ul>\n","protected":false},"excerpt":{"rendered":"<p>Este material de preparaci\u00f3n est\u00e1 dirigido a personas aspirantes al proceso selectivo del Ayuntamiento de Los Realejos. No se trata de un curso formativo, sino de un material de estudio en formato PDF, dise\u00f1ado para facilitar la preparaci\u00f3n individual y aut\u00f3noma de las pruebas de acceso.<\/p>\n","protected":false},"featured_media":296,"comment_status":"closed","ping_status":"closed","template":"","meta":[],"product_brand":[],"product_cat":[19],"product_tag":[],"class_list":{"0":"post-290","1":"product","2":"type-product","3":"status-publish","4":"has-post-thumbnail","6":"product_cat-trabajo-social","8":"first","9":"instock","10":"taxable","11":"shipping-taxable","12":"purchasable","13":"product-type-variable"},"_links":{"self":[{"href":"https:\/\/prepacanarias.com\/index.php\/wp-json\/wp\/v2\/product\/290","targetHints":{"allow":["GET"]}}],"collection":[{"href":"https:\/\/prepacanarias.com\/index.php\/wp-json\/wp\/v2\/product"}],"about":[{"href":"https:\/\/prepacanarias.com\/index.php\/wp-json\/wp\/v2\/types\/product"}],"replies":[{"embeddable":true,"href":"https:\/\/prepacanarias.com\/index.php\/wp-json\/wp\/v2\/comments?post=290"}],"wp:featuredmedia":[{"embeddable":true,"href":"https:\/\/prepacanarias.com\/index.php\/wp-json\/wp\/v2\/media\/296"}],"wp:attachment":[{"href":"https:\/\/prepacanarias.com\/index.php\/wp-json\/wp\/v2\/media?parent=290"}],"wp:term":[{"taxonomy":"product_brand","embeddable":true,"href":"https:\/\/prepacanarias.com\/index.php\/wp-json\/wp\/v2\/product_brand?post=290"},{"taxonomy":"product_cat","embeddable":true,"href":"https:\/\/prepacanarias.com\/index.php\/wp-json\/wp\/v2\/product_cat?post=290"},{"taxonomy":"product_tag","embeddable":true,"href":"https:\/\/prepacanarias.com\/index.php\/wp-json\/wp\/v2\/product_tag?post=290"}],"curies":[{"name":"wp","href":"https:\/\/api.w.org\/{rel}","templated":true}]}}