{"id":331,"date":"2026-02-19T09:19:50","date_gmt":"2026-02-19T09:19:50","guid":{"rendered":"https:\/\/prepacanarias.com\/?post_type=product&#038;p=331"},"modified":"2026-02-19T09:19:50","modified_gmt":"2026-02-19T09:19:50","slug":"preparacion-del-temario-especifico-para-el-proceso-selectivo-ope-2023-2025-de-psicologia-del-ayuntamiento-de-santa-cruz-de-tenerife","status":"publish","type":"product","link":"https:\/\/prepacanarias.com\/index.php\/product\/preparacion-del-temario-especifico-para-el-proceso-selectivo-ope-2023-2025-de-psicologia-del-ayuntamiento-de-santa-cruz-de-tenerife\/","title":{"rendered":"Preparaci\u00f3n del Temario Espec\u00edfico para el Proceso Selectivo OPE 2023\u20132025 de Psicolog\u00eda del Ayuntamiento de Santa Cruz de Tenerife"},"content":{"rendered":"<p class=\"western\">Este material de preparaci\u00f3n est\u00e1 dirigido a personas aspirantes al proceso selectivo del Ayuntamiento de Santa Cruz de Tenerife. No se trata de un curso formativo, sino de un material de estudio en formato PDF, dise\u00f1ado para facilitar la preparaci\u00f3n individual y aut\u00f3noma de las pruebas de acceso.<\/p>\n<p class=\"western\"><b>Descripci\u00f3n del recurso<\/b><\/p>\n<p class=\"western\">Este material est\u00e1 dirigido a personas aspirantes interesadas en la preparaci\u00f3n del proceso selectivo convocado por el Ayuntamiento de Santa Cruz de Tenerife, el 7\/01\/2026.<\/p>\n<p class=\"western\">El contenido se presenta en formato PDF y ha sido elaborado conforme a las bases espec\u00edficas de la convocatoria, con el objetivo de facilitar una preparaci\u00f3n individual y aut\u00f3noma.<\/p>\n<p class=\"western\"><b>Requisitos de acceso:\u00a0<\/b>Estar en posesi\u00f3n del t\u00edtulo acad\u00e9mico de Licenciado\/a en Psicolog\u00eda o del t\u00edtulo de Grado correspondiente.<\/p>\n<p class=\"western\"><span style=\"color: #0563c1;\"><u><a href=\"https:\/\/sede.santacruzdetenerife.es\/sede\/publicaciones\/empleo-publico\/oposiciones-en-curso\/o594\">Oposiciones en curso &#8211; Sede<\/a><\/u><\/span><\/p>\n<p class=\"western\"><b>Contenidos<\/b>:<\/p>\n<table width=\"538\" cellspacing=\"1\" cellpadding=\"7\">\n<tbody>\n<tr valign=\"top\">\n<td style=\"background: #deeaf6;\" bgcolor=\"#deeaf6\" width=\"163\">\n<p class=\"western\" align=\"center\"><b>Temario<\/b><\/p>\n<\/td>\n<td style=\"background: #deeaf6;\" bgcolor=\"#deeaf6\" width=\"98\">\n<p class=\"western\" align=\"center\"><b>Temas<\/b><\/p>\n<\/td>\n<td style=\"background: #deeaf6;\" bgcolor=\"#deeaf6\" width=\"117\">\n<p class=\"western\" align=\"center\"><b>F. Disponible<\/b><\/p>\n<\/td>\n<td style=\"background: #deeaf6;\" bgcolor=\"#deeaf6\" width=\"96\">\n<p class=\"western\" align=\"center\"><b>Precio<\/b><\/p>\n<\/td>\n<\/tr>\n<tr valign=\"top\">\n<td style=\"background: #fff2cc;\" bgcolor=\"#fff2cc\" width=\"163\">\n<p class=\"western\" align=\"center\">Temario Espec\u00edfico<\/p>\n<\/td>\n<td width=\"98\">\n<p class=\"western\" align=\"center\">1 al 24<\/p>\n<\/td>\n<td width=\"117\">\n<p class=\"western\" align=\"center\">9\/07\/2026<\/p>\n<\/td>\n<td width=\"96\">\n<p class=\"western\" align=\"center\">160,50 \u20ac<\/p>\n<\/td>\n<\/tr>\n<tr valign=\"top\">\n<td style=\"background: #fff2cc;\" bgcolor=\"#fff2cc\" width=\"163\">\n<p class=\"western\" align=\"center\">Temario Espec\u00edfico<\/p>\n<\/td>\n<td width=\"98\">\n<p class=\"western\" align=\"center\">25 al 48<\/p>\n<\/td>\n<td width=\"117\">\n<p class=\"western\" align=\"center\">10\/08\/2026<\/p>\n<\/td>\n<td width=\"96\">\n<p class=\"western\" align=\"center\">160,50 \u20ac<\/p>\n<\/td>\n<\/tr>\n<tr valign=\"top\">\n<td style=\"background: #fff2cc;\" bgcolor=\"#fff2cc\" width=\"163\">\n<p class=\"western\" align=\"center\">Temario Espec\u00edfico<\/p>\n<\/td>\n<td width=\"98\">\n<p class=\"western\" align=\"center\">49 al 72<\/p>\n<\/td>\n<td width=\"117\">\n<p class=\"western\" align=\"center\">10\/09\/2026<\/p>\n<\/td>\n<td width=\"96\">\n<p class=\"western\" align=\"center\">160,50 \u20ac<\/p>\n<\/td>\n<\/tr>\n<\/tbody>\n<\/table>\n<p class=\"western\">\n<p class=\"western\">Todo el material se ofrece en formato descargable, permitiendo a las personas aspirantes organizar su estudio de manera flexible y adaptada a sus necesidades.<\/p>\n<p class=\"western\"><b>Modalidad y formato<\/b><\/p>\n<ul>\n<li>\n<p class=\"western\">Env\u00edo del material por correo electr\u00f3nico.<\/p>\n<\/li>\n<li>\n<p class=\"western\">Documentaci\u00f3n facilitada en formato PDF.<\/p>\n<\/li>\n<li>\n<p class=\"western\">Preparaci\u00f3n aut\u00f3noma, sin tutorizaci\u00f3n, ni seguimiento personalizado<\/p>\n<\/li>\n<\/ul>\n<p>&nbsp;<\/p>\n<p class=\"western\"><b>Precios: <\/b><\/p>\n<p class=\"western\"><b>Profesionales colegiados <\/b><i>(impuestos incluidos)<\/i><\/p>\n<ul>\n<li>\n<p class=\"western\">Temario Espec\u00edfico (Temas del 1 al 24): 160,50 \u20ac<\/p>\n<\/li>\n<li>\n<p class=\"western\">Temario Espec\u00edfico (Temas del 25 al 48): 160,50 \u20ac<\/p>\n<\/li>\n<li>\n<p class=\"western\">Temario Espec\u00edfico (Temas del 49 al 72): 160,50 \u20ac<\/p>\n<\/li>\n<\/ul>\n<p class=\"western\">\n","protected":false},"excerpt":{"rendered":"<p>Este material de preparaci\u00f3n est\u00e1 dirigido a personas aspirantes al proceso selectivo del Ayuntamiento de Santa Cruz de Tenerife. No se trata de un curso formativo, sino de un material de estudio en formato PDF, dise\u00f1ado para facilitar la preparaci\u00f3n individual y aut\u00f3noma de las pruebas de acceso.<\/p>\n","protected":false},"featured_media":335,"comment_status":"closed","ping_status":"closed","template":"","meta":[],"product_brand":[],"product_cat":[31],"product_tag":[],"class_list":{"0":"post-331","1":"product","2":"type-product","3":"status-publish","4":"has-post-thumbnail","6":"product_cat-psicologia","8":"first","9":"instock","10":"taxable","11":"shipping-taxable","12":"purchasable","13":"product-type-variable"},"_links":{"self":[{"href":"https:\/\/prepacanarias.com\/index.php\/wp-json\/wp\/v2\/product\/331","targetHints":{"allow":["GET"]}}],"collection":[{"href":"https:\/\/prepacanarias.com\/index.php\/wp-json\/wp\/v2\/product"}],"about":[{"href":"https:\/\/prepacanarias.com\/index.php\/wp-json\/wp\/v2\/types\/product"}],"replies":[{"embeddable":true,"href":"https:\/\/prepacanarias.com\/index.php\/wp-json\/wp\/v2\/comments?post=331"}],"wp:featuredmedia":[{"embeddable":true,"href":"https:\/\/prepacanarias.com\/index.php\/wp-json\/wp\/v2\/media\/335"}],"wp:attachment":[{"href":"https:\/\/prepacanarias.com\/index.php\/wp-json\/wp\/v2\/media?parent=331"}],"wp:term":[{"taxonomy":"product_brand","embeddable":true,"href":"https:\/\/prepacanarias.com\/index.php\/wp-json\/wp\/v2\/product_brand?post=331"},{"taxonomy":"product_cat","embeddable":true,"href":"https:\/\/prepacanarias.com\/index.php\/wp-json\/wp\/v2\/product_cat?post=331"},{"taxonomy":"product_tag","embeddable":true,"href":"https:\/\/prepacanarias.com\/index.php\/wp-json\/wp\/v2\/product_tag?post=331"}],"curies":[{"name":"wp","href":"https:\/\/api.w.org\/{rel}","templated":true}]}}