{"id":360,"date":"2026-04-06T10:24:11","date_gmt":"2026-04-06T10:24:11","guid":{"rendered":"https:\/\/prepacanarias.com\/?post_type=product&#038;p=360"},"modified":"2026-04-11T09:39:02","modified_gmt":"2026-04-11T09:39:02","slug":"preparacion-del-proceso-selectivo-ope-2024-trabajo-social-del-ayuntamiento-de-puerto-del-rosario","status":"publish","type":"product","link":"https:\/\/prepacanarias.com\/index.php\/product\/preparacion-del-proceso-selectivo-ope-2024-trabajo-social-del-ayuntamiento-de-puerto-del-rosario\/","title":{"rendered":"Preparaci\u00f3n del Proceso Selectivo OPE 2024 &#8211; Trabajo Social del Ayuntamiento de Puerto del Rosario"},"content":{"rendered":"<p class=\"western\">Programa formativo correspondiente al primer ejercicio de la fase de oposici\u00f3n, orientado a la preparaci\u00f3n completa del temario general y espec\u00edfico del proceso selectivo de la Oferta de Empleo P\u00fablico 2024. Su dise\u00f1o, alineado con los contenidos oficiales, permite un estudio estructurado, facilita la sistematizaci\u00f3n de la normativa y favorece un alto rendimiento en la prueba.<\/p>\n<p class=\"western\"><b>107\u00a0\u20ac\/mes<\/b><\/p>\n<p class=\"western\"><b>Requisitos de acceso:\u00a0<\/b>Diplomados o Graduados en Trabajo Social.<\/p>\n<p class=\"western\"><span style=\"color: #0563c1;\"><u><a href=\"https:\/\/www.puertodelrosario.org\/ayuntamiento\/areas-tematicas\/personal-2\/\">Personal | Ayuntamiento de Puerto del Rosario Fuerteventura<\/a><\/u><\/span><\/p>\n<p class=\"western\"><b>Modalidad:\u00a0<\/b>La formaci\u00f3n se desarrolla \u00edntegramente en el Aula Virtual del Instituto de Formaci\u00f3n de Canarias.<\/p>\n<p class=\"western\"><b>Duraci\u00f3n:\u00a0<\/b>6 meses desde la fecha de matriculaci\u00f3n<\/p>\n<p class=\"western\"><b>Inicio<\/b>: 11 de mayo de 2026<\/p>\n<p class=\"western\"><b>Contenidos<\/b>:<\/p>\n<p><img loading=\"lazy\" decoding=\"async\" class=\"alignnone wp-image-362 \" src=\"https:\/\/prepacanarias.com\/wp-content\/uploads\/2026\/04\/2026-04-06_11h26_29.png\" alt=\"\" width=\"544\" height=\"233\" srcset=\"https:\/\/prepacanarias.com\/wp-content\/uploads\/2026\/04\/2026-04-06_11h26_29.png 574w, https:\/\/prepacanarias.com\/wp-content\/uploads\/2026\/04\/2026-04-06_11h26_29-300x129.png 300w\" sizes=\"auto, (max-width: 544px) 100vw, 544px\" \/><\/p>\n<p class=\"western\"><b>Materiales<\/b>:<\/p>\n<ul>\n<li>\n<p class=\"western\">Temario completo y actualizado, estructurado en\u00a0<b>6 M\u00f3dulos formativos <\/b>cada uno integrado por\u00a0<b>10 temas<\/b>, organizados de forma sistem\u00e1tica y progresiva para facilitar la asimilaci\u00f3n de contenidos y una preparaci\u00f3n eficaz del primer ejercicio de la fase de oposici\u00f3n.<\/p>\n<\/li>\n<li>\n<p class=\"western\"><b>Anexos complementarios descargables en formato PDF<\/b>, normativa de referencia y documentaci\u00f3n de apoyo.<\/p>\n<\/li>\n<li>\n<p class=\"western\"><b>Recursos de autoevaluaci\u00f3n:<\/b><\/p>\n<\/li>\n<li>Cuestionarios tipo test de 15 preguntas por cada tema, dise\u00f1ados para reforzar la asimilaci\u00f3n de los contenidos.<\/li>\n<li>Cinco preguntas cortas por cada tema de la parte espec\u00edfica.<\/li>\n<li>Simulacros de examen en modalidad online, con intentos ilimitados, orientados a la preparaci\u00f3n integral y al entrenamiento en condiciones similares a las de la prueba oficial.<\/li>\n<\/ul>\n<p class=\"western\"><b>Repaso final (*):<\/b>\u00a0para el alumnado que complete el curso, se habilitar\u00e1 gratuitamente un m\u00f3dulo adicional de repaso, que incluir\u00e1 al menos 12 simulacros de examen tipo test.<\/p>\n<p class=\"western\"><b>Tutor\u00edas, foro de dudas<\/b><\/p>\n<p class=\"western\"><b>Seguimiento\u00a0<\/b>del Proceso Selectivo de la OPE del Ayuntamiento de Puerto del Rosario, con informaci\u00f3n relevante sobre sus distintas fases.<\/p>\n<p class=\"western\"><b>Precios: Profesionales colegiados<\/b>: 107 \u20ac\/ mes <i>(impuestos incluidos<\/i>)<\/p>\n","protected":false},"excerpt":{"rendered":"<p>Programa formativo correspondiente al primer ejercicio de la fase de oposici\u00f3n, orientado a la preparaci\u00f3n completa del temario general y espec\u00edfico del proceso selectivo de la Oferta de Empleo P\u00fablico 2024. Su dise\u00f1o, alineado con los contenidos oficiales, permite un estudio estructurado, facilita la sistematizaci\u00f3n de la normativa y favorece un alto rendimiento en la prueba.<\/p>\n","protected":false},"featured_media":361,"comment_status":"closed","ping_status":"closed","template":"","meta":[],"product_brand":[],"product_cat":[19],"product_tag":[],"class_list":{"0":"post-360","1":"product","2":"type-product","3":"status-publish","4":"has-post-thumbnail","6":"product_cat-trabajo-social","8":"first","9":"instock","10":"virtual","11":"taxable","12":"purchasable","13":"product-type-simple"},"_links":{"self":[{"href":"https:\/\/prepacanarias.com\/index.php\/wp-json\/wp\/v2\/product\/360","targetHints":{"allow":["GET"]}}],"collection":[{"href":"https:\/\/prepacanarias.com\/index.php\/wp-json\/wp\/v2\/product"}],"about":[{"href":"https:\/\/prepacanarias.com\/index.php\/wp-json\/wp\/v2\/types\/product"}],"replies":[{"embeddable":true,"href":"https:\/\/prepacanarias.com\/index.php\/wp-json\/wp\/v2\/comments?post=360"}],"wp:featuredmedia":[{"embeddable":true,"href":"https:\/\/prepacanarias.com\/index.php\/wp-json\/wp\/v2\/media\/361"}],"wp:attachment":[{"href":"https:\/\/prepacanarias.com\/index.php\/wp-json\/wp\/v2\/media?parent=360"}],"wp:term":[{"taxonomy":"product_brand","embeddable":true,"href":"https:\/\/prepacanarias.com\/index.php\/wp-json\/wp\/v2\/product_brand?post=360"},{"taxonomy":"product_cat","embeddable":true,"href":"https:\/\/prepacanarias.com\/index.php\/wp-json\/wp\/v2\/product_cat?post=360"},{"taxonomy":"product_tag","embeddable":true,"href":"https:\/\/prepacanarias.com\/index.php\/wp-json\/wp\/v2\/product_tag?post=360"}],"curies":[{"name":"wp","href":"https:\/\/api.w.org\/{rel}","templated":true}]}}